{"id":12389,"date":"2025-03-19T20:10:07","date_gmt":"2025-03-19T19:10:07","guid":{"rendered":"https:\/\/hamburdehesa.com\/productos\/burger-cecinafussion-style\/"},"modified":"2025-03-19T20:10:07","modified_gmt":"2025-03-19T19:10:07","slug":"burger-cecinafussion-style","status":"publish","type":"product","link":"https:\/\/hamburdehesa.com\/pt-pt\/produtos\/burger-cecinafussion-style\/","title":{"rendered":"Burger Cecinafussion Style"},"content":{"rendered":"","protected":false},"excerpt":{"rendered":"<div>Esta receita tem como protagonista a cecina de vaca, uma iguaria tradicional que oferece um sabor intenso, defumado e maturado que vai te surpreender. Conhecida por seu processo de cura artesanal, a cecina acrescenta uma profundidade de sabor incompar\u00e1vel. A sucul\u00eancia da carne se completa com a textura e o sabor robusto da cecina, tornando este hamb\u00farguer uma verdadeira del\u00edcia. N\u00e3o perca essa iguaria que vai te deixar querendo mais!   <\/div>\n","protected":false},"featured_media":12113,"template":"","meta":{"_acf_changed":false},"product_brand":[],"product_cat":[175,246],"product_tag":[],"class_list":{"0":"post-12389","1":"product","2":"type-product","3":"status-publish","4":"has-post-thumbnail","6":"product_cat-hamburgueres-pt","7":"product_cat-style-collection-pt-pt","8":"product_shipping_class-frio-pt-pt","10":"first","11":"outofstock","12":"taxable","13":"shipping-taxable","14":"purchasable","15":"product-type-simple"},"acf":[],"_links":{"self":[{"href":"https:\/\/hamburdehesa.com\/pt-pt\/wp-json\/wp\/v2\/product\/12389","targetHints":{"allow":["GET"]}}],"collection":[{"href":"https:\/\/hamburdehesa.com\/pt-pt\/wp-json\/wp\/v2\/product"}],"about":[{"href":"https:\/\/hamburdehesa.com\/pt-pt\/wp-json\/wp\/v2\/types\/product"}],"version-history":[{"count":0,"href":"https:\/\/hamburdehesa.com\/pt-pt\/wp-json\/wp\/v2\/product\/12389\/revisions"}],"wp:featuredmedia":[{"embeddable":true,"href":"https:\/\/hamburdehesa.com\/pt-pt\/wp-json\/wp\/v2\/media\/12113"}],"wp:attachment":[{"href":"https:\/\/hamburdehesa.com\/pt-pt\/wp-json\/wp\/v2\/media?parent=12389"}],"wp:term":[{"taxonomy":"product_brand","embeddable":true,"href":"https:\/\/hamburdehesa.com\/pt-pt\/wp-json\/wp\/v2\/product_brand?post=12389"},{"taxonomy":"product_cat","embeddable":true,"href":"https:\/\/hamburdehesa.com\/pt-pt\/wp-json\/wp\/v2\/product_cat?post=12389"},{"taxonomy":"product_tag","embeddable":true,"href":"https:\/\/hamburdehesa.com\/pt-pt\/wp-json\/wp\/v2\/product_tag?post=12389"}],"curies":[{"name":"wp","href":"https:\/\/api.w.org\/{rel}","templated":true}]}}