{"id":12387,"date":"2025-03-19T17:15:32","date_gmt":"2025-03-19T16:15:32","guid":{"rendered":"https:\/\/hamburdehesa.com\/productos\/burger-cajun-style\/"},"modified":"2025-03-19T17:15:32","modified_gmt":"2025-03-19T16:15:32","slug":"burger-cajun-style","status":"publish","type":"product","link":"https:\/\/hamburdehesa.com\/pt-pt\/produtos\/burger-cajun-style\/","title":{"rendered":"Burger Caj\u00fan Style"},"content":{"rendered":"","protected":false},"excerpt":{"rendered":"<div>Deixe-se levar pelos sabores vibrantes do sul dos Estados Unidos com este hamb\u00farguer \u00fanico. O Hamburdehesa Caj\u00fan Style se destaca por sua receita secreta que combina chipotle defumado com uma mistura de especiarias caj\u00fan, criando uma explos\u00e3o de sabores intensos e levemente picantes que adicionam um toque arom\u00e1tico e saboroso a cada mordida. Cada mordida te transporta para as cozinhas do sul, onde tradi\u00e7\u00e3o e paix\u00e3o pela boa comida se encontram.   <\/div>\n","protected":false},"featured_media":12195,"template":"","meta":{"_acf_changed":false},"product_brand":[],"product_cat":[175,246],"product_tag":[],"class_list":{"0":"post-12387","1":"product","2":"type-product","3":"status-publish","4":"has-post-thumbnail","6":"product_cat-hamburgueres-pt","7":"product_cat-style-collection-pt-pt","8":"product_shipping_class-frio-pt-pt","10":"first","11":"instock","12":"taxable","13":"shipping-taxable","14":"purchasable","15":"product-type-simple"},"acf":[],"_links":{"self":[{"href":"https:\/\/hamburdehesa.com\/pt-pt\/wp-json\/wp\/v2\/product\/12387","targetHints":{"allow":["GET"]}}],"collection":[{"href":"https:\/\/hamburdehesa.com\/pt-pt\/wp-json\/wp\/v2\/product"}],"about":[{"href":"https:\/\/hamburdehesa.com\/pt-pt\/wp-json\/wp\/v2\/types\/product"}],"version-history":[{"count":0,"href":"https:\/\/hamburdehesa.com\/pt-pt\/wp-json\/wp\/v2\/product\/12387\/revisions"}],"wp:featuredmedia":[{"embeddable":true,"href":"https:\/\/hamburdehesa.com\/pt-pt\/wp-json\/wp\/v2\/media\/12195"}],"wp:attachment":[{"href":"https:\/\/hamburdehesa.com\/pt-pt\/wp-json\/wp\/v2\/media?parent=12387"}],"wp:term":[{"taxonomy":"product_brand","embeddable":true,"href":"https:\/\/hamburdehesa.com\/pt-pt\/wp-json\/wp\/v2\/product_brand?post=12387"},{"taxonomy":"product_cat","embeddable":true,"href":"https:\/\/hamburdehesa.com\/pt-pt\/wp-json\/wp\/v2\/product_cat?post=12387"},{"taxonomy":"product_tag","embeddable":true,"href":"https:\/\/hamburdehesa.com\/pt-pt\/wp-json\/wp\/v2\/product_tag?post=12387"}],"curies":[{"name":"wp","href":"https:\/\/api.w.org\/{rel}","templated":true}]}}