{"id":12386,"date":"2025-03-19T14:48:02","date_gmt":"2025-03-19T13:48:02","guid":{"rendered":"https:\/\/hamburdehesa.com\/productos\/burger-bbq-texas-style\/"},"modified":"2025-05-09T19:58:59","modified_gmt":"2025-05-09T17:58:59","slug":"burger-bbq-texas-style","status":"publish","type":"product","link":"https:\/\/hamburdehesa.com\/pt-pt\/produtos\/burger-bbq-texas-style\/","title":{"rendered":"Burger BBQ Texas Style"},"content":{"rendered":"","protected":false},"excerpt":{"rendered":"<div>Uma viagem direta ao cora\u00e7\u00e3o do Texas. Com um sabor suave e delicioso de churrasco, este hamb\u00farguer combina carne suculenta de primeira qualidade com uma receita inspirada nos lend\u00e1rios churrascos texanos. Sabores defumados e doces, a combina\u00e7\u00e3o perfeita para quem busca uma aut\u00eantica experi\u00eancia texana.<\/div>\n","protected":false},"featured_media":12191,"template":"","meta":{"_acf_changed":false},"product_brand":[],"product_cat":[175,246],"product_tag":[],"class_list":{"0":"post-12386","1":"product","2":"type-product","3":"status-publish","4":"has-post-thumbnail","6":"product_cat-hamburgueres-pt","7":"product_cat-style-collection-pt-pt","8":"product_shipping_class-frio-pt-pt","10":"first","11":"instock","12":"taxable","13":"shipping-taxable","14":"purchasable","15":"product-type-simple"},"acf":[],"_links":{"self":[{"href":"https:\/\/hamburdehesa.com\/pt-pt\/wp-json\/wp\/v2\/product\/12386","targetHints":{"allow":["GET"]}}],"collection":[{"href":"https:\/\/hamburdehesa.com\/pt-pt\/wp-json\/wp\/v2\/product"}],"about":[{"href":"https:\/\/hamburdehesa.com\/pt-pt\/wp-json\/wp\/v2\/types\/product"}],"version-history":[{"count":1,"href":"https:\/\/hamburdehesa.com\/pt-pt\/wp-json\/wp\/v2\/product\/12386\/revisions"}],"predecessor-version":[{"id":12433,"href":"https:\/\/hamburdehesa.com\/pt-pt\/wp-json\/wp\/v2\/product\/12386\/revisions\/12433"}],"wp:featuredmedia":[{"embeddable":true,"href":"https:\/\/hamburdehesa.com\/pt-pt\/wp-json\/wp\/v2\/media\/12191"}],"wp:attachment":[{"href":"https:\/\/hamburdehesa.com\/pt-pt\/wp-json\/wp\/v2\/media?parent=12386"}],"wp:term":[{"taxonomy":"product_brand","embeddable":true,"href":"https:\/\/hamburdehesa.com\/pt-pt\/wp-json\/wp\/v2\/product_brand?post=12386"},{"taxonomy":"product_cat","embeddable":true,"href":"https:\/\/hamburdehesa.com\/pt-pt\/wp-json\/wp\/v2\/product_cat?post=12386"},{"taxonomy":"product_tag","embeddable":true,"href":"https:\/\/hamburdehesa.com\/pt-pt\/wp-json\/wp\/v2\/product_tag?post=12386"}],"curies":[{"name":"wp","href":"https:\/\/api.w.org\/{rel}","templated":true}]}}