{"id":10351,"date":"2024-02-01T16:27:02","date_gmt":"2024-02-01T15:27:02","guid":{"rendered":"https:\/\/hamburdehesa.com\/productos\/dehesa-novilha-burger\/"},"modified":"2024-06-17T07:55:36","modified_gmt":"2024-06-17T05:55:36","slug":"dehesa-novilha-burger","status":"publish","type":"product","link":"https:\/\/hamburdehesa.com\/pt-pt\/produtos\/dehesa-novilha-burger\/","title":{"rendered":"Dehesa Novilha Burger"},"content":{"rendered":"","protected":false},"excerpt":{"rendered":"<p>O nosso hamb\u00farguer por excel\u00eancia. 100% aut\u00eantica carne de novilha criada na dehesa. Elaborado com azeite. Desfrute de todo o seu sabor, com um aporte energ\u00e9tico de 143 kcalorias e de apenas 6% de mat\u00e9ria gorda. \u00c9 apresentado em dupla embalagem individual.<\/p>\n","protected":false},"featured_media":11958,"template":"","meta":{"_acf_changed":false},"product_brand":[],"product_cat":[213,175,176],"product_tag":[],"class_list":{"0":"post-10351","1":"product","2":"type-product","3":"status-publish","4":"has-post-thumbnail","6":"product_cat-estilos-pt-pt","7":"product_cat-hamburgueres-pt","8":"product_cat-hotelaria-pt","9":"product_shipping_class-frio-pt-pt","11":"first","12":"instock","13":"taxable","14":"shipping-taxable","15":"purchasable","16":"product-type-simple"},"acf":[],"_links":{"self":[{"href":"https:\/\/hamburdehesa.com\/pt-pt\/wp-json\/wp\/v2\/product\/10351","targetHints":{"allow":["GET"]}}],"collection":[{"href":"https:\/\/hamburdehesa.com\/pt-pt\/wp-json\/wp\/v2\/product"}],"about":[{"href":"https:\/\/hamburdehesa.com\/pt-pt\/wp-json\/wp\/v2\/types\/product"}],"version-history":[{"count":0,"href":"https:\/\/hamburdehesa.com\/pt-pt\/wp-json\/wp\/v2\/product\/10351\/revisions"}],"wp:featuredmedia":[{"embeddable":true,"href":"https:\/\/hamburdehesa.com\/pt-pt\/wp-json\/wp\/v2\/media\/11958"}],"wp:attachment":[{"href":"https:\/\/hamburdehesa.com\/pt-pt\/wp-json\/wp\/v2\/media?parent=10351"}],"wp:term":[{"taxonomy":"product_brand","embeddable":true,"href":"https:\/\/hamburdehesa.com\/pt-pt\/wp-json\/wp\/v2\/product_brand?post=10351"},{"taxonomy":"product_cat","embeddable":true,"href":"https:\/\/hamburdehesa.com\/pt-pt\/wp-json\/wp\/v2\/product_cat?post=10351"},{"taxonomy":"product_tag","embeddable":true,"href":"https:\/\/hamburdehesa.com\/pt-pt\/wp-json\/wp\/v2\/product_tag?post=10351"}],"curies":[{"name":"wp","href":"https:\/\/api.w.org\/{rel}","templated":true}]}}