{"id":10339,"date":"2024-02-01T16:33:28","date_gmt":"2024-02-01T15:33:28","guid":{"rendered":"https:\/\/hamburdehesa.com\/productos\/smash-burger-original\/"},"modified":"2024-06-17T08:19:42","modified_gmt":"2024-06-17T06:19:42","slug":"smash-burger-original","status":"publish","type":"product","link":"https:\/\/hamburdehesa.com\/pt-pt\/produtos\/smash-burger-original\/","title":{"rendered":"Smash Burger Original"},"content":{"rendered":"","protected":false},"excerpt":{"rendered":"<p>Nosso SMASH Hamb\u00farguer. Feito com carne aut\u00eantica. Uma criteriosa sele\u00e7\u00e3o de carnes com o nosso blend especial, para uma croc\u00e2ncia perfeita. Com peso especial para smash.<\/p>\n","protected":false},"featured_media":6768,"template":"","meta":{"_acf_changed":false},"product_brand":[],"product_cat":[174,216,175,207],"product_tag":[],"class_list":{"0":"post-10339","1":"product","2":"type-product","3":"status-publish","4":"has-post-thumbnail","6":"product_cat-dehesa-beef-pt-pt","7":"product_cat-especiais","8":"product_cat-hamburgueres-pt","9":"product_cat-smash-pt-pt","10":"product_shipping_class-frio-pt-pt","12":"first","13":"instock","14":"taxable","15":"shipping-taxable","16":"purchasable","17":"product-type-simple"},"acf":[],"_links":{"self":[{"href":"https:\/\/hamburdehesa.com\/pt-pt\/wp-json\/wp\/v2\/product\/10339","targetHints":{"allow":["GET"]}}],"collection":[{"href":"https:\/\/hamburdehesa.com\/pt-pt\/wp-json\/wp\/v2\/product"}],"about":[{"href":"https:\/\/hamburdehesa.com\/pt-pt\/wp-json\/wp\/v2\/types\/product"}],"version-history":[{"count":0,"href":"https:\/\/hamburdehesa.com\/pt-pt\/wp-json\/wp\/v2\/product\/10339\/revisions"}],"wp:featuredmedia":[{"embeddable":true,"href":"https:\/\/hamburdehesa.com\/pt-pt\/wp-json\/wp\/v2\/media\/6768"}],"wp:attachment":[{"href":"https:\/\/hamburdehesa.com\/pt-pt\/wp-json\/wp\/v2\/media?parent=10339"}],"wp:term":[{"taxonomy":"product_brand","embeddable":true,"href":"https:\/\/hamburdehesa.com\/pt-pt\/wp-json\/wp\/v2\/product_brand?post=10339"},{"taxonomy":"product_cat","embeddable":true,"href":"https:\/\/hamburdehesa.com\/pt-pt\/wp-json\/wp\/v2\/product_cat?post=10339"},{"taxonomy":"product_tag","embeddable":true,"href":"https:\/\/hamburdehesa.com\/pt-pt\/wp-json\/wp\/v2\/product_tag?post=10339"}],"curies":[{"name":"wp","href":"https:\/\/api.w.org\/{rel}","templated":true}]}}