{"id":10330,"date":"2024-02-01T16:35:07","date_gmt":"2024-02-01T15:35:07","guid":{"rendered":"https:\/\/hamburdehesa.com\/productos\/hamburguer-de-buey-autentico\/"},"modified":"2024-06-17T08:14:32","modified_gmt":"2024-06-17T06:14:32","slug":"hamburguer-de-buey-autentico","status":"publish","type":"product","link":"https:\/\/hamburdehesa.com\/pt-pt\/produtos\/hamburguer-de-buey-autentico\/","title":{"rendered":"Hamb\u00farguer de Boi Aut\u00eantico"},"content":{"rendered":"","protected":false},"excerpt":{"rendered":"<p>A joia da coroa Hamburdehesa. Um hamb\u00farguer de carne de boi em produ\u00e7\u00f5es controladas e limitadas.<\/p>\n","protected":false},"featured_media":6528,"template":"","meta":{"_acf_changed":false},"product_brand":[],"product_cat":[174,216,175],"product_tag":[],"class_list":{"0":"post-10330","1":"product","2":"type-product","3":"status-publish","4":"has-post-thumbnail","6":"product_cat-dehesa-beef-pt-pt","7":"product_cat-especiais","8":"product_cat-hamburgueres-pt","9":"product_shipping_class-frio-pt-pt","11":"first","12":"instock","13":"taxable","14":"shipping-taxable","15":"purchasable","16":"product-type-simple"},"acf":[],"_links":{"self":[{"href":"https:\/\/hamburdehesa.com\/pt-pt\/wp-json\/wp\/v2\/product\/10330","targetHints":{"allow":["GET"]}}],"collection":[{"href":"https:\/\/hamburdehesa.com\/pt-pt\/wp-json\/wp\/v2\/product"}],"about":[{"href":"https:\/\/hamburdehesa.com\/pt-pt\/wp-json\/wp\/v2\/types\/product"}],"version-history":[{"count":0,"href":"https:\/\/hamburdehesa.com\/pt-pt\/wp-json\/wp\/v2\/product\/10330\/revisions"}],"wp:featuredmedia":[{"embeddable":true,"href":"https:\/\/hamburdehesa.com\/pt-pt\/wp-json\/wp\/v2\/media\/6528"}],"wp:attachment":[{"href":"https:\/\/hamburdehesa.com\/pt-pt\/wp-json\/wp\/v2\/media?parent=10330"}],"wp:term":[{"taxonomy":"product_brand","embeddable":true,"href":"https:\/\/hamburdehesa.com\/pt-pt\/wp-json\/wp\/v2\/product_brand?post=10330"},{"taxonomy":"product_cat","embeddable":true,"href":"https:\/\/hamburdehesa.com\/pt-pt\/wp-json\/wp\/v2\/product_cat?post=10330"},{"taxonomy":"product_tag","embeddable":true,"href":"https:\/\/hamburdehesa.com\/pt-pt\/wp-json\/wp\/v2\/product_tag?post=10330"}],"curies":[{"name":"wp","href":"https:\/\/api.w.org\/{rel}","templated":true}]}}