{"id":10324,"date":"2024-02-01T16:36:27","date_gmt":"2024-02-01T15:36:27","guid":{"rendered":"https:\/\/hamburdehesa.com\/productos\/hamburguer-estilo-nova-york\/"},"modified":"2024-06-17T08:11:58","modified_gmt":"2024-06-17T06:11:58","slug":"hamburguer-estilo-nova-york","status":"publish","type":"product","link":"https:\/\/hamburdehesa.com\/pt-pt\/produtos\/hamburguer-estilo-nova-york\/","title":{"rendered":"Hamb\u00farguer Estilo Nova York"},"content":{"rendered":"","protected":false},"excerpt":{"rendered":"<p>Hamb\u00farguer New York Style, elaborado com ingredientes da mais alta qualidade, seguindo uma receita inspirada nos sabores da cidade mais ic\u00f4nica do mundo. O hamb\u00farguer New York Style 150g \u00e9 uma proposta culin\u00e1ria de peso para os amantes de carne, pelo seu sabor intenso e excelente textura macia e macia.<\/p>\n","protected":false},"featured_media":6564,"template":"","meta":{"_acf_changed":false},"product_brand":[],"product_cat":[213,175],"product_tag":[],"class_list":{"0":"post-10324","1":"product","2":"type-product","3":"status-publish","4":"has-post-thumbnail","6":"product_cat-estilos-pt-pt","7":"product_cat-hamburgueres-pt","8":"product_shipping_class-frio-pt-pt","10":"first","11":"instock","12":"taxable","13":"shipping-taxable","14":"purchasable","15":"product-type-simple"},"acf":[],"_links":{"self":[{"href":"https:\/\/hamburdehesa.com\/pt-pt\/wp-json\/wp\/v2\/product\/10324","targetHints":{"allow":["GET"]}}],"collection":[{"href":"https:\/\/hamburdehesa.com\/pt-pt\/wp-json\/wp\/v2\/product"}],"about":[{"href":"https:\/\/hamburdehesa.com\/pt-pt\/wp-json\/wp\/v2\/types\/product"}],"version-history":[{"count":0,"href":"https:\/\/hamburdehesa.com\/pt-pt\/wp-json\/wp\/v2\/product\/10324\/revisions"}],"wp:featuredmedia":[{"embeddable":true,"href":"https:\/\/hamburdehesa.com\/pt-pt\/wp-json\/wp\/v2\/media\/6564"}],"wp:attachment":[{"href":"https:\/\/hamburdehesa.com\/pt-pt\/wp-json\/wp\/v2\/media?parent=10324"}],"wp:term":[{"taxonomy":"product_brand","embeddable":true,"href":"https:\/\/hamburdehesa.com\/pt-pt\/wp-json\/wp\/v2\/product_brand?post=10324"},{"taxonomy":"product_cat","embeddable":true,"href":"https:\/\/hamburdehesa.com\/pt-pt\/wp-json\/wp\/v2\/product_cat?post=10324"},{"taxonomy":"product_tag","embeddable":true,"href":"https:\/\/hamburdehesa.com\/pt-pt\/wp-json\/wp\/v2\/product_tag?post=10324"}],"curies":[{"name":"wp","href":"https:\/\/api.w.org\/{rel}","templated":true}]}}