{"id":10318,"date":"2024-02-01T16:39:11","date_gmt":"2024-02-01T15:39:11","guid":{"rendered":"https:\/\/hamburdehesa.com\/productos\/hamburguer-de-carne-avilena\/"},"modified":"2024-06-17T08:10:36","modified_gmt":"2024-06-17T06:10:36","slug":"hamburguer-de-carne-avilena","status":"publish","type":"product","link":"https:\/\/hamburdehesa.com\/pt-pt\/produtos\/hamburguer-de-carne-avilena\/","title":{"rendered":"Hamb\u00farguer de carne Avile\u00f1a"},"content":{"rendered":"","protected":false},"excerpt":{"rendered":"<p>Exclusiva carne de bovino proveniente da Ra\u00e7a aut\u00f3ctone Avile\u00f1a-Negra Ib\u00e9rica, de Capa Negra certificada Carne de Avila, IGP. A carne mais seleta desde Gredos at\u00e9 Avila para o Hamburdehesa Avile\u00f1a em embalagem unit\u00e1ria bipacks.<\/p>\n","protected":false},"featured_media":7761,"template":"","meta":{"_acf_changed":false},"product_brand":[],"product_cat":[175,177],"product_tag":[],"class_list":{"0":"post-10318","1":"product","2":"type-product","3":"status-publish","4":"has-post-thumbnail","6":"product_cat-hamburgueres-pt","7":"product_cat-racas-pt","8":"product_shipping_class-frio-pt-pt","10":"first","11":"instock","12":"taxable","13":"shipping-taxable","14":"purchasable","15":"product-type-simple"},"acf":[],"_links":{"self":[{"href":"https:\/\/hamburdehesa.com\/pt-pt\/wp-json\/wp\/v2\/product\/10318","targetHints":{"allow":["GET"]}}],"collection":[{"href":"https:\/\/hamburdehesa.com\/pt-pt\/wp-json\/wp\/v2\/product"}],"about":[{"href":"https:\/\/hamburdehesa.com\/pt-pt\/wp-json\/wp\/v2\/types\/product"}],"version-history":[{"count":0,"href":"https:\/\/hamburdehesa.com\/pt-pt\/wp-json\/wp\/v2\/product\/10318\/revisions"}],"wp:featuredmedia":[{"embeddable":true,"href":"https:\/\/hamburdehesa.com\/pt-pt\/wp-json\/wp\/v2\/media\/7761"}],"wp:attachment":[{"href":"https:\/\/hamburdehesa.com\/pt-pt\/wp-json\/wp\/v2\/media?parent=10318"}],"wp:term":[{"taxonomy":"product_brand","embeddable":true,"href":"https:\/\/hamburdehesa.com\/pt-pt\/wp-json\/wp\/v2\/product_brand?post=10318"},{"taxonomy":"product_cat","embeddable":true,"href":"https:\/\/hamburdehesa.com\/pt-pt\/wp-json\/wp\/v2\/product_cat?post=10318"},{"taxonomy":"product_tag","embeddable":true,"href":"https:\/\/hamburdehesa.com\/pt-pt\/wp-json\/wp\/v2\/product_tag?post=10318"}],"curies":[{"name":"wp","href":"https:\/\/api.w.org\/{rel}","templated":true}]}}