{"id":10297,"date":"2024-02-01T16:42:50","date_gmt":"2024-02-01T15:42:50","guid":{"rendered":"https:\/\/hamburdehesa.com\/productos\/hamburguer-de-carne-asturiana\/"},"modified":"2024-07-15T09:42:12","modified_gmt":"2024-07-15T07:42:12","slug":"hamburguer-de-carne-asturiana","status":"publish","type":"product","link":"https:\/\/hamburdehesa.com\/pt-pt\/produtos\/hamburguer-de-carne-asturiana\/","title":{"rendered":"Hamb\u00farguer de carne asturiana"},"content":{"rendered":"","protected":false},"excerpt":{"rendered":"<p>Deliciosa carne de Ternera Asturiana (bovino de ra\u00e7a Asturiana), com certifica\u00e7\u00e3o IGP, e de Vacuno Mayor Asturiano (bovino maior de ra\u00e7a Asturiana), marca de garantia. A produ\u00e7\u00e3o de Ternera Asturiana segue pr\u00e1ticas de gest\u00e3o tradicional, respeitadoras do ambiente e do bem-estar dos animais no processo de cria\u00e7\u00e3o. O Hamburdehesa do Norte \u00e9 apresentado em embalagem unit\u00e1ria bipacks.<\/p>\n","protected":false},"featured_media":11942,"template":"","meta":{"_acf_changed":false},"product_brand":[],"product_cat":[174,175,177],"product_tag":[],"class_list":{"0":"post-10297","1":"product","2":"type-product","3":"status-publish","4":"has-post-thumbnail","6":"product_cat-dehesa-beef-pt-pt","7":"product_cat-hamburgueres-pt","8":"product_cat-racas-pt","9":"product_shipping_class-frio-pt-pt","11":"first","12":"outofstock","13":"taxable","14":"shipping-taxable","15":"purchasable","16":"product-type-simple"},"acf":[],"_links":{"self":[{"href":"https:\/\/hamburdehesa.com\/pt-pt\/wp-json\/wp\/v2\/product\/10297","targetHints":{"allow":["GET"]}}],"collection":[{"href":"https:\/\/hamburdehesa.com\/pt-pt\/wp-json\/wp\/v2\/product"}],"about":[{"href":"https:\/\/hamburdehesa.com\/pt-pt\/wp-json\/wp\/v2\/types\/product"}],"version-history":[{"count":0,"href":"https:\/\/hamburdehesa.com\/pt-pt\/wp-json\/wp\/v2\/product\/10297\/revisions"}],"wp:featuredmedia":[{"embeddable":true,"href":"https:\/\/hamburdehesa.com\/pt-pt\/wp-json\/wp\/v2\/media\/11942"}],"wp:attachment":[{"href":"https:\/\/hamburdehesa.com\/pt-pt\/wp-json\/wp\/v2\/media?parent=10297"}],"wp:term":[{"taxonomy":"product_brand","embeddable":true,"href":"https:\/\/hamburdehesa.com\/pt-pt\/wp-json\/wp\/v2\/product_brand?post=10297"},{"taxonomy":"product_cat","embeddable":true,"href":"https:\/\/hamburdehesa.com\/pt-pt\/wp-json\/wp\/v2\/product_cat?post=10297"},{"taxonomy":"product_tag","embeddable":true,"href":"https:\/\/hamburdehesa.com\/pt-pt\/wp-json\/wp\/v2\/product_tag?post=10297"}],"curies":[{"name":"wp","href":"https:\/\/api.w.org\/{rel}","templated":true}]}}