{"id":10294,"date":"2024-02-01T16:44:38","date_gmt":"2024-02-01T15:44:38","guid":{"rendered":"https:\/\/hamburdehesa.com\/productos\/hamburguer-de-carne-angus\/"},"modified":"2024-06-17T08:04:14","modified_gmt":"2024-06-17T06:04:14","slug":"hamburguer-de-carne-angus","status":"publish","type":"product","link":"https:\/\/hamburdehesa.com\/pt-pt\/produtos\/hamburguer-de-carne-angus\/","title":{"rendered":"Hamb\u00farguer de carne Angus"},"content":{"rendered":"","protected":false},"excerpt":{"rendered":"<p>Para os apreciadores da carne de ra\u00e7a Angus. Este hamb\u00farguer destaca-se pelo intenso sabor, excelente textura e elevada sucul\u00eancia. Cont\u00e9m uma quantidade adequada de gorduras insaturadas e, por conseguinte, baixo colesterol. Apresentado em duas embalagens individuais.<\/p>\n","protected":false},"featured_media":6510,"template":"","meta":{"_acf_changed":false},"product_brand":[],"product_cat":[174,175,176,177],"product_tag":[],"class_list":{"0":"post-10294","1":"product","2":"type-product","3":"status-publish","4":"has-post-thumbnail","6":"product_cat-dehesa-beef-pt-pt","7":"product_cat-hamburgueres-pt","8":"product_cat-hotelaria-pt","9":"product_cat-racas-pt","10":"product_shipping_class-frio-pt-pt","12":"first","13":"instock","14":"taxable","15":"shipping-taxable","16":"purchasable","17":"product-type-simple"},"acf":[],"_links":{"self":[{"href":"https:\/\/hamburdehesa.com\/pt-pt\/wp-json\/wp\/v2\/product\/10294","targetHints":{"allow":["GET"]}}],"collection":[{"href":"https:\/\/hamburdehesa.com\/pt-pt\/wp-json\/wp\/v2\/product"}],"about":[{"href":"https:\/\/hamburdehesa.com\/pt-pt\/wp-json\/wp\/v2\/types\/product"}],"version-history":[{"count":0,"href":"https:\/\/hamburdehesa.com\/pt-pt\/wp-json\/wp\/v2\/product\/10294\/revisions"}],"wp:featuredmedia":[{"embeddable":true,"href":"https:\/\/hamburdehesa.com\/pt-pt\/wp-json\/wp\/v2\/media\/6510"}],"wp:attachment":[{"href":"https:\/\/hamburdehesa.com\/pt-pt\/wp-json\/wp\/v2\/media?parent=10294"}],"wp:term":[{"taxonomy":"product_brand","embeddable":true,"href":"https:\/\/hamburdehesa.com\/pt-pt\/wp-json\/wp\/v2\/product_brand?post=10294"},{"taxonomy":"product_cat","embeddable":true,"href":"https:\/\/hamburdehesa.com\/pt-pt\/wp-json\/wp\/v2\/product_cat?post=10294"},{"taxonomy":"product_tag","embeddable":true,"href":"https:\/\/hamburdehesa.com\/pt-pt\/wp-json\/wp\/v2\/product_tag?post=10294"}],"curies":[{"name":"wp","href":"https:\/\/api.w.org\/{rel}","templated":true}]}}