{"id":10286,"date":"2024-02-01T16:45:45","date_gmt":"2024-02-01T15:45:45","guid":{"rendered":"https:\/\/hamburdehesa.com\/productos\/hamburguer-de-carne-retinta\/"},"modified":"2024-06-17T08:00:31","modified_gmt":"2024-06-17T06:00:31","slug":"hamburguer-de-carne-retinta","status":"publish","type":"product","link":"https:\/\/hamburdehesa.com\/pt-pt\/produtos\/hamburguer-de-carne-retinta\/","title":{"rendered":"Hamb\u00farguer de carne Retinta"},"content":{"rendered":"","protected":false},"excerpt":{"rendered":"<p>Apresentamos o nosso exclusivo hamb\u00farguer de carne de gado Retinta, do sudoeste de Espanha. Reconhecida pelas suas excelentes qualidades organol\u00e9pticas, esta carne de hamb\u00farguer \u00e9 a escolha perfeita para quem procura uma experi\u00eancia culin\u00e1ria \u00fanica e aut\u00eantica. Desfrute da qualidade incompar\u00e1vel de um de nossos hamb\u00fargueres mais seletos, apresentado em embalagens unit\u00e1rias bipack para garantir seu frescor e sabor excepcional.<\/p>\n","protected":false},"featured_media":6588,"template":"","meta":{"_acf_changed":false},"product_brand":[],"product_cat":[174,175,176,177],"product_tag":[],"class_list":{"0":"post-10286","1":"product","2":"type-product","3":"status-publish","4":"has-post-thumbnail","6":"product_cat-dehesa-beef-pt-pt","7":"product_cat-hamburgueres-pt","8":"product_cat-hotelaria-pt","9":"product_cat-racas-pt","10":"product_shipping_class-frio-pt-pt","12":"first","13":"instock","14":"taxable","15":"shipping-taxable","16":"purchasable","17":"product-type-simple"},"acf":[],"_links":{"self":[{"href":"https:\/\/hamburdehesa.com\/pt-pt\/wp-json\/wp\/v2\/product\/10286","targetHints":{"allow":["GET"]}}],"collection":[{"href":"https:\/\/hamburdehesa.com\/pt-pt\/wp-json\/wp\/v2\/product"}],"about":[{"href":"https:\/\/hamburdehesa.com\/pt-pt\/wp-json\/wp\/v2\/types\/product"}],"version-history":[{"count":0,"href":"https:\/\/hamburdehesa.com\/pt-pt\/wp-json\/wp\/v2\/product\/10286\/revisions"}],"wp:featuredmedia":[{"embeddable":true,"href":"https:\/\/hamburdehesa.com\/pt-pt\/wp-json\/wp\/v2\/media\/6588"}],"wp:attachment":[{"href":"https:\/\/hamburdehesa.com\/pt-pt\/wp-json\/wp\/v2\/media?parent=10286"}],"wp:term":[{"taxonomy":"product_brand","embeddable":true,"href":"https:\/\/hamburdehesa.com\/pt-pt\/wp-json\/wp\/v2\/product_brand?post=10286"},{"taxonomy":"product_cat","embeddable":true,"href":"https:\/\/hamburdehesa.com\/pt-pt\/wp-json\/wp\/v2\/product_cat?post=10286"},{"taxonomy":"product_tag","embeddable":true,"href":"https:\/\/hamburdehesa.com\/pt-pt\/wp-json\/wp\/v2\/product_tag?post=10286"}],"curies":[{"name":"wp","href":"https:\/\/api.w.org\/{rel}","templated":true}]}}