{"id":10278,"date":"2024-03-11T10:09:09","date_gmt":"2024-03-11T09:09:09","guid":{"rendered":"https:\/\/hamburdehesa.com\/productos\/smasher-hamburdehesa\/"},"modified":"2024-05-03T07:21:57","modified_gmt":"2024-05-03T05:21:57","slug":"smasher-hamburdehesa","status":"publish","type":"product","link":"https:\/\/hamburdehesa.com\/pt-pt\/produtos\/smasher-hamburdehesa\/","title":{"rendered":"Smasher Hamburdehesa"},"content":{"rendered":"","protected":false},"excerpt":{"rendered":"<p>Smasher de a\u00e7o inoxid\u00e1vel Hamburdehesa. Nosso Smasher tem design profissional e \u00e9 muito mais leve que a maioria. Prensa ideal para Smash Burger, fabricada em a\u00e7o inox 304, resistente a riscos, dur\u00e1vel e antiaderente. Voc\u00ea pode limpar facilmente seu triturador de hamburdehesa na pia ou diretamente na m\u00e1quina de lavar lou\u00e7a.<\/p>\n","protected":false},"featured_media":9004,"template":"","meta":{"_acf_changed":false},"product_brand":[],"product_cat":[207],"product_tag":[],"class_list":{"0":"post-10278","1":"product","2":"type-product","3":"status-publish","4":"has-post-thumbnail","6":"product_cat-smash-pt-pt","8":"first","9":"instock","10":"sale","11":"taxable","12":"shipping-taxable","13":"purchasable","14":"product-type-simple"},"acf":[],"_links":{"self":[{"href":"https:\/\/hamburdehesa.com\/pt-pt\/wp-json\/wp\/v2\/product\/10278","targetHints":{"allow":["GET"]}}],"collection":[{"href":"https:\/\/hamburdehesa.com\/pt-pt\/wp-json\/wp\/v2\/product"}],"about":[{"href":"https:\/\/hamburdehesa.com\/pt-pt\/wp-json\/wp\/v2\/types\/product"}],"version-history":[{"count":0,"href":"https:\/\/hamburdehesa.com\/pt-pt\/wp-json\/wp\/v2\/product\/10278\/revisions"}],"wp:featuredmedia":[{"embeddable":true,"href":"https:\/\/hamburdehesa.com\/pt-pt\/wp-json\/wp\/v2\/media\/9004"}],"wp:attachment":[{"href":"https:\/\/hamburdehesa.com\/pt-pt\/wp-json\/wp\/v2\/media?parent=10278"}],"wp:term":[{"taxonomy":"product_brand","embeddable":true,"href":"https:\/\/hamburdehesa.com\/pt-pt\/wp-json\/wp\/v2\/product_brand?post=10278"},{"taxonomy":"product_cat","embeddable":true,"href":"https:\/\/hamburdehesa.com\/pt-pt\/wp-json\/wp\/v2\/product_cat?post=10278"},{"taxonomy":"product_tag","embeddable":true,"href":"https:\/\/hamburdehesa.com\/pt-pt\/wp-json\/wp\/v2\/product_tag?post=10278"}],"curies":[{"name":"wp","href":"https:\/\/api.w.org\/{rel}","templated":true}]}}