{"id":6267,"date":"2020-12-08T13:34:48","date_gmt":"2020-12-08T12:34:48","guid":{"rendered":"https:\/\/hamburdehesa.com\/receitas\/"},"modified":"2024-04-16T06:52:38","modified_gmt":"2024-04-16T04:52:38","slug":"receitas","status":"publish","type":"page","link":"https:\/\/hamburdehesa.com\/pt-pt\/receitas\/","title":{"rendered":"Receitas"},"content":{"rendered":"<h1>RECEITAS<br \/>\nPARA PREPARAR OS MELHORES HAMBURDEHESAS<\/h1>\n<p>\t\t\t\t\t\t\t\t\t\t<img decoding=\"async\" width=\"150\" height=\"150\" src=\"https:\/\/staging.hamburdehesa.com\/wp-content\/uploads\/2024\/02\/unnamed-150x150-1.png\" alt=\"\" loading=\"lazy\" srcset=\"https:\/\/staging.hamburdehesa.com\/wp-content\/uploads\/2024\/02\/unnamed-150x150-1.png 150w, https:\/\/staging.hamburdehesa.com\/wp-content\/uploads\/2024\/02\/unnamed-100x100-1.png 100w, https:\/\/staging.hamburdehesa.com\/wp-content\/uploads\/2024\/02\/unnamed.png 300w, https:\/\/staging.hamburdehesa.com\/wp-content\/uploads\/2024\/02\/unnamed-256x256-1.png 256w\" sizes=\"auto, (max-width: 150px) 100vw, 150px\"><br \/>\n Se voc\u00ea quer saber como preparar os melhores Hamburdehesas, de v\u00e1rias maneiras e surpreender voc\u00ea e seus amigos com o qu\u00e3o deliciosos eles s\u00e3o, siga estas receitas. Para facilitar para voc\u00ea, preparamos receitas em v\u00eddeo, passo a passo, para que voc\u00ea n\u00e3o se esque\u00e7a de nada. Aproveite-os. <\/p>\n<form method=\"get\" action=\"https:\/\/hamburdehesa.com\/\" role=\"search\">\n\t\t\t\t\t\t<input type=\"search\" placeholder=\"Procurar...\" value=\"\" name=\"s\" autocomplete=\"off\"><br \/>\n\t\t\t<input type=\"hidden\" value=\"{\"search_source\":\"recetas\",\"results_order_by\":\"date\",\"results_order\":\"desc\"}\" name=\"jet_ajax_search_settings\"><br \/>\n\t\t\t\t\t\t\t<input type=\"hidden\" value=\"receitas\" name=\"post_type\"><br \/>\n\t<\/form>\n<p><button> Procurar Resultados<\/button><br \/>\n\t\t\t<button>Ver todos encontrados<\/button>\t\t\t<\/p>\n<h2>Outras receitas do nosso Blog<\/h2>\n","protected":false},"excerpt":{"rendered":"<p>RECEITAS PARA PREPARAR OS MELHORES HAMBURDEHESAS Se voc\u00ea quer saber como preparar os melhores Hamburdehesas, de v\u00e1rias maneiras e surpreender voc\u00ea e seus amigos com o qu\u00e3o deliciosos eles s\u00e3o, siga estas receitas. Para facilitar para voc\u00ea, preparamos receitas em v\u00eddeo, passo a passo, para que voc\u00ea n\u00e3o se esque\u00e7a de nada. Aproveite-os. Procurar Resultados [&hellip;]<\/p>\n","protected":false},"author":1,"featured_media":6134,"parent":0,"menu_order":0,"comment_status":"open","ping_status":"open","template":"","meta":{"_acf_changed":false,"footnotes":""},"class_list":["post-6267","page","type-page","status-publish","has-post-thumbnail","hentry"],"acf":[],"_links":{"self":[{"href":"https:\/\/hamburdehesa.com\/pt-pt\/wp-json\/wp\/v2\/pages\/6267","targetHints":{"allow":["GET"]}}],"collection":[{"href":"https:\/\/hamburdehesa.com\/pt-pt\/wp-json\/wp\/v2\/pages"}],"about":[{"href":"https:\/\/hamburdehesa.com\/pt-pt\/wp-json\/wp\/v2\/types\/page"}],"author":[{"embeddable":true,"href":"https:\/\/hamburdehesa.com\/pt-pt\/wp-json\/wp\/v2\/users\/1"}],"replies":[{"embeddable":true,"href":"https:\/\/hamburdehesa.com\/pt-pt\/wp-json\/wp\/v2\/comments?post=6267"}],"version-history":[{"count":0,"href":"https:\/\/hamburdehesa.com\/pt-pt\/wp-json\/wp\/v2\/pages\/6267\/revisions"}],"wp:featuredmedia":[{"embeddable":true,"href":"https:\/\/hamburdehesa.com\/pt-pt\/wp-json\/wp\/v2\/media\/6134"}],"wp:attachment":[{"href":"https:\/\/hamburdehesa.com\/pt-pt\/wp-json\/wp\/v2\/media?parent=6267"}],"curies":[{"name":"wp","href":"https:\/\/api.w.org\/{rel}","templated":true}]}}