{"id":6261,"date":"2020-12-08T09:56:09","date_gmt":"2020-12-08T08:56:09","guid":{"rendered":"https:\/\/hamburdehesa.com\/a-embalagem\/"},"modified":"2024-06-05T08:04:52","modified_gmt":"2024-06-05T06:04:52","slug":"a-embalagem","status":"publish","type":"page","link":"https:\/\/hamburdehesa.com\/pt-pt\/a-embalagem\/","title":{"rendered":"A embalagem mais inovadoras para hamb\u00fargueres gourmet"},"content":{"rendered":"<h1>A EMBALAGEM<\/h1>\n<p>\t\tO inovador sistema de embalagem individual a v\u00e1cuo garante a qualidade e seguran\u00e7a alimentar, ao mesmo tempo que prolonga a vida \u00fatil dos Hamburdehesas at\u00e9 tr\u00eas vezes mais do que qualquer outra embalagem convencional.<br \/>\n\t\t\t\t\t\t\t\t\t\t\t\t<img decoding=\"async\" width=\"1024\" height=\"180\" src=\"https:\/\/hamburdehesa.com\/wp-content\/uploads\/2024\/02\/background-elenvase1-1024x180-1.png\" alt=\"\" loading=\"lazy\" \/><br \/>\n\t\t<iframe loading=\"lazy\" title=\"\u00bfC\u00f3mo abrir una Hambudehesa?\" width=\"500\" height=\"281\" src=\"https:\/\/www.youtube.com\/embed\/BUZ9C8g7dW4?feature=oembed\" frameborder=\"0\" allow=\"accelerometer; autoplay; clipboard-write; encrypted-media; gyroscope; picture-in-picture; web-share\" referrerpolicy=\"strict-origin-when-cross-origin\" allowfullscreen><\/iframe>\t\t<\/p>\n<h2>EXCELENTE CONSERVA\u00c7\u00c3O: A MELHOR EMBALAGEM<\/h2>\n<p>Esta embalagem oferece resultados excecionais no que diz respeito \u00e0 conserva\u00e7\u00e3o da carne. Atrav\u00e9s deste m\u00e9todo consegue-se que apenas uma baixa concentra\u00e7\u00e3o de oxig\u00e9nio permane\u00e7a na embalagem ap\u00f3s retirar o ar, inibindo o crescimento de microorganismos aer\u00f3bicos e as rea\u00e7\u00f5es de oxida\u00e7\u00e3o.<\/p>\n<p>Deste modo, o nosso sistema de embalagem tem claras vantagens para a conserva\u00e7\u00e3o do produto:<\/p>\n<ul>\n<li><strong>Assegura a frescura dos Hamburdehesas durante um per\u00edodo de tempo tr\u00eas vezes superior relativamente a outras embalagens convencionais.<\/strong><\/li>\n<li><strong>Prolonga a sua vida \u00fatil.<\/strong><br \/><strong>Mant\u00e9m em perfeitas condi\u00e7\u00f5es os valores nutricionais, a sua magn\u00edfica textura e o seu excelente sabor.<\/strong><\/li>\n<li><strong>N\u00e3o altera as suas propriedades nutricionais nem as qualidades organol\u00e9pticas.<\/strong><\/li>\n<li><strong>Elimina a maioria das bact\u00e9rias nocivas inclu\u00eddas nos alimentos.<\/strong><\/li>\n<\/ul>\n<p>Al\u00e9m disso, a embalagem a v\u00e1cuo \u00e9 complementada com outros m\u00e9todos de conserva\u00e7\u00e3o, uma vez que posteriormente os Hamburdehesas devem manter-se refrigerados entre 0\u00ba e 4\u00ba C.<\/p>\n<p>\t\t\t\t\t\t\t\t\t\t\t\t<img decoding=\"async\" src=\"https:\/\/hamburdehesa.com\/wp-content\/uploads\/2024\/02\/Captura-de-pantalla-2017-12-29-a-las-14.30.00-ov7hjrym0ywtxmqd7mrgb9r0lwgstfr4rhpgfjszj8.png\" title=\"Captura de pantalla 2017-12-29 a las 14.30.00\" alt=\"hamburdehesa labari\" loading=\"lazy\" \/>\t\t\t\t\t\t\t\t\t\t\t\t\t\t<\/p>\n<h2>EMBALAGENS INDIVIDUAIS<\/h2>\n<p>\t\tAs embalagens unit\u00e1rias s\u00e3o ideais para que cada um cozinhe ao seu ritmo e n\u00e3o se desperdicem alimentos. S\u00e3o muito adequadas para pessoas que vivem sozinhas, em casal ou que comem pouco. Deste modo, compra, cozinha e consome apenas o que se necessita, evitando que os alimentos se estraguem e acabem no lixo. A embalagem individual cont\u00e9m um Hamburdehesa para a sua confe\u00e7\u00e3o imediata uma vez aberta a embalagem.\t\t<\/p>\n<h2>EVOLU\u00c7\u00c3O DAS EMBALAGENS<br \/>DE HAMB\u00daRGUERES<\/h2>\n<p>\t\tO sistema de embalagem evoluiu a passos gigantes nos \u00faltimos anos, proporcionando consider\u00e1veis melhorias na conserva\u00e7\u00e3o dos alimentos. Este quadro faz uma compara\u00e7\u00e3o das diferentes embalagens utilizadas para hamb\u00fargueres desde os anos 80 at\u00e9 aos dias de hoje. Aqui podemos ver como a embalagem a v\u00e1cuo utilizada por Hamburdehesa apresenta vantagens, sem qualquer d\u00favida, em rela\u00e7\u00e3o a todas as embalagens existentes no mercado.<br \/>\n\t\t\t\t\t\t\t\t\t\t\t\t<img decoding=\"async\" width=\"794\" height=\"500\" src=\"https:\/\/hamburdehesa.com\/wp-content\/uploads\/2024\/02\/cuadroevolucionhamburguesa.png\" alt=\"Envase Hamburdehesa\" loading=\"lazy\" \/>\t\t\t\t\t\t\t\t\t\t\t\t\t\t<\/p>\n<h2>COMO ABRIR UM HAMBURDEHESA<\/h2>\n<p>Para abrir e consumir um delicioso Hamburdehesa siga estes passos simples:<\/p>\n<ul>\n<li>Retirar o cart\u00e3o.<\/li>\n<li>Separar os dois Hamburdehesas.<\/li>\n<li>Retirar a tampa.<\/li>\n<li>Pressionar a parte lateral, para separar o Hamburdehesa da sua embalagem e colocar diretamente na grelha.<\/li>\n<li>S\u00f3 falta cozinhar ao nosso gosto e desfrut\u00e1-lo.<\/li>\n<\/ul>\n<p>https:\/\/hamburdehesa.com\/wp-content\/uploads\/2018\/01\/COMO-ABRIR-UNA-HAMBURDEHESA.mp4<\/p>\n","protected":false},"excerpt":{"rendered":"<p>A EMBALAGEM O inovador sistema de embalagem individual a v\u00e1cuo garante a qualidade e seguran\u00e7a alimentar, ao mesmo tempo que prolonga a vida \u00fatil dos Hamburdehesas at\u00e9 tr\u00eas vezes mais do que qualquer outra embalagem convencional. EXCELENTE CONSERVA\u00c7\u00c3O: A MELHOR EMBALAGEM Esta embalagem oferece resultados excecionais no que diz respeito \u00e0 conserva\u00e7\u00e3o da carne. Atrav\u00e9s [&hellip;]<\/p>\n","protected":false},"author":1,"featured_media":6115,"parent":0,"menu_order":0,"comment_status":"open","ping_status":"open","template":"","meta":{"_acf_changed":false,"footnotes":""},"class_list":["post-6261","page","type-page","status-publish","has-post-thumbnail","hentry"],"acf":[],"_links":{"self":[{"href":"https:\/\/hamburdehesa.com\/pt-pt\/wp-json\/wp\/v2\/pages\/6261","targetHints":{"allow":["GET"]}}],"collection":[{"href":"https:\/\/hamburdehesa.com\/pt-pt\/wp-json\/wp\/v2\/pages"}],"about":[{"href":"https:\/\/hamburdehesa.com\/pt-pt\/wp-json\/wp\/v2\/types\/page"}],"author":[{"embeddable":true,"href":"https:\/\/hamburdehesa.com\/pt-pt\/wp-json\/wp\/v2\/users\/1"}],"replies":[{"embeddable":true,"href":"https:\/\/hamburdehesa.com\/pt-pt\/wp-json\/wp\/v2\/comments?post=6261"}],"version-history":[{"count":0,"href":"https:\/\/hamburdehesa.com\/pt-pt\/wp-json\/wp\/v2\/pages\/6261\/revisions"}],"wp:featuredmedia":[{"embeddable":true,"href":"https:\/\/hamburdehesa.com\/pt-pt\/wp-json\/wp\/v2\/media\/6115"}],"wp:attachment":[{"href":"https:\/\/hamburdehesa.com\/pt-pt\/wp-json\/wp\/v2\/media?parent=6261"}],"curies":[{"name":"wp","href":"https:\/\/api.w.org\/{rel}","templated":true}]}}