{"id":6259,"date":"2020-12-11T17:31:55","date_gmt":"2020-12-11T16:31:55","guid":{"rendered":"https:\/\/hamburdehesa.com\/hotelaria\/"},"modified":"2024-04-18T09:48:53","modified_gmt":"2024-04-18T07:48:53","slug":"hotelaria","status":"publish","type":"page","link":"https:\/\/hamburdehesa.com\/pt-pt\/hotelaria\/","title":{"rendered":"Hotelaria"},"content":{"rendered":"<h1>A HOTELARIA<\/h1>\n<p>\t\tA pensar nos profissionais da hotelaria e da restaura\u00e7\u00e3o. Com o objetivo de que possam adquirir os nossos Hamburdehesas seletos em formato Horeca. Os nossos hamb\u00fargueres s\u00e3o apresentados em embalagens de seis ou oito unidades embaladas a v\u00e1cuo individualmente. Outra forma de experimentar e desfrutar do intenso sabor e da excelente qualidade dos aut\u00eanticos hamb\u00fargueres de campo, preparados por cozinheiros que d\u00e3o o seu distinto cunho pessoal na cozinha.<br \/>\n\t\t\t\t\t\t\t\t\t\t\t\t\t\t\t<img decoding=\"async\" width=\"768\" height=\"550\" src=\"https:\/\/hamburdehesa.com\/wp-content\/uploads\/2024\/02\/Estuche8-NOVILLA-PERSPECTIVA-2023-768x550-1.png\" alt=\"\" loading=\"lazy\" \/><br \/>\n\t\t\t\t\t\t\t\t\t\t\t\t\t\t\t<img decoding=\"async\" width=\"640\" height=\"90\" src=\"https:\/\/hamburdehesa.com\/wp-content\/uploads\/2023\/09\/iconos-estuche-novilla-portugues.png\" alt=\"\" loading=\"lazy\" \/><br \/>\n\t\t\t\t\t\t\t\t\t\t\t\t\t\t\t<img decoding=\"async\" src=\"https:\/\/hamburdehesa.com\/wp-content\/uploads\/2024\/02\/icono-vaca-ov7hjrygjmfmx34cvhgm6dqxt0zuj3dmvtpol3b17i.png\" title=\"icono-vaca\" alt=\"hamburdehesa labari\" loading=\"lazy\" \/>\t\t\t\t\t\t\t\t\t\t\t\t\t\t\t<\/p>\n<h2>NOVILHA<br \/>DA DEHESA<\/h2>\n<h6>CRIADA EM LIBERDADE<\/h6>\n<h3>8 X 130g<\/h3>\n<p><strong>APENAS 6% DE GORDURA<br \/>Apenas 130 kcal*<\/strong><\/p>\n<p>O nosso hamb\u00farguer cl\u00e1ssico elaborado com carne 100% de novilha da dehesa. Inovamos ao introduzir este tipo de carne no mundo dos hamb\u00fargueres, dado que em Espanha \u00e9 raramente utilizado. Hamburdehesa de qualidade superior. \u00c9 apresentado em embalagens individuais de oito unidades.<\/p>\n<p>\t\t\t\t\t\t\t\t\t\t\t\t\t\t\t<img decoding=\"async\" width=\"760\" height=\"544\" src=\"https:\/\/hamburdehesa.com\/wp-content\/uploads\/2024\/02\/Estuche8-novilla-de-la-dehesa-xl-perspectiva-2023.jpg\" alt=\"\" loading=\"lazy\" \/><br \/>\n\t\t\t\t\t\t\t\t\t\t\t\t\t\t\t<img decoding=\"async\" width=\"640\" height=\"90\" src=\"https:\/\/hamburdehesa.com\/wp-content\/uploads\/2023\/09\/iconos-estuche-xl-portugues.png\" alt=\"\" loading=\"lazy\" \/><br \/>\n\t\t\t\t\t\t\t\t\t\t\t\t\t\t\t<img decoding=\"async\" src=\"https:\/\/hamburdehesa.com\/wp-content\/uploads\/2024\/02\/icono-vaca-ov7hjrygjmfmx34cvhgm6dqxt0zuj3dmvtpol3b17i.png\" title=\"icono-vaca\" alt=\"hamburdehesa labari\" loading=\"lazy\" \/>\t\t\t\t\t\t\t\t\t\t\t\t\t\t\t<\/p>\n<h6>CRIADA EN LIBERTAD<\/h6>\n<h2>NOVILHA<br \/>DA DEHESA<br \/>\nXL<\/h2>\n<h3>6 X 200g<\/h3>\n<p><strong>APENAS 6% DE GORDURA<br \/>Apenas 130 kcal*<\/strong><\/p>\n<p>Para os amantes de hamburdehesas que ficam sempre com vontade de comer mais. Lan\u00e7\u00e1mos o tamanho XL, para que desfrutem ainda mais do delicioso sabor da carne 100% novilha da dehesa. Formato horeca: embalagens que cont\u00eam seis hamb\u00fargueres embalados a v\u00e1cuo unitariamente.<\/p>\n<p>\t\t\t\t\t\t\t\t\t\t\t\t\t\t\t<img decoding=\"async\" width=\"760\" height=\"544\" src=\"https:\/\/hamburdehesa.com\/wp-content\/uploads\/2024\/02\/Estuche8-retinta-perspectiva-2023.jpg\" alt=\"\" loading=\"lazy\" \/><br \/>\n\t\t\t\t\t\t\t\t\t\t\t\t\t\t\t<img decoding=\"async\" width=\"484\" height=\"90\" src=\"https:\/\/hamburdehesa.com\/wp-content\/uploads\/2023\/09\/iconos-estuche-criolla-1-portugues.png\" alt=\"\" loading=\"lazy\" \/><br \/>\n\t\t\t\t\t\t\t\t\t\t\t\t\t\t\t<img decoding=\"async\" src=\"https:\/\/hamburdehesa.com\/wp-content\/uploads\/2024\/02\/icono-vaca-ov7hjrygjmfmx34cvhgm6dqxt0zuj3dmvtpol3b17i.png\" title=\"icono-vaca\" alt=\"hamburdehesa labari\" loading=\"lazy\" \/>\t\t\t\t\t\t\t\t\t\t\t\t\t\t\t<\/p>\n<h2>BOVINO DE RA\u00c7A RETINTA<\/h2>\n<h3>8 X 130g<\/h3>\n<p>\t\tCarne seleta da ra\u00e7a Retinta criada nas Dehesas de Andaluzia e Extremadura. \u00c9 tenra, saborosa e de qualidade superior. Um hamb\u00farguer premium que vai deliciar os clientes mais requintados. \u00c9 apresentado em embalagens de oito unidades embaladas individualmente a v\u00e1cuo.<br \/>\n\t\t\t\t\t\t\t\t\t\t\t\t\t\t\t<img decoding=\"async\" width=\"760\" height=\"544\" src=\"https:\/\/hamburdehesa.com\/wp-content\/uploads\/2024\/02\/Estuche8-angus-perspectiva-2023.jpg\" alt=\"\" loading=\"lazy\" \/><br \/>\n\t\t\t\t\t\t\t\t\t\t\t\t\t\t\t<img decoding=\"async\" width=\"484\" height=\"90\" src=\"https:\/\/hamburdehesa.com\/wp-content\/uploads\/2023\/09\/iconos-estuche-criolla-1-portugues.png\" alt=\"\" loading=\"lazy\" \/><br \/>\n\t\t\t\t\t\t\t\t\t\t\t\t\t\t\t<img decoding=\"async\" src=\"https:\/\/hamburdehesa.com\/wp-content\/uploads\/2024\/02\/icono-vaca-ov7hjrygjmfmx34cvhgm6dqxt0zuj3dmvtpol3b17i.png\" title=\"icono-vaca\" alt=\"hamburdehesa labari\" loading=\"lazy\" \/>\t\t\t\t\t\t\t\t\t\t\t\t\t\t\t<\/p>\n<h2>BOVINO DE RA\u00c7A ANGUS<\/h2>\n<h3>8 X 130g<\/h3>\n<p>Carne oriunda da Esc\u00f3cia, da regi\u00e3o que lhe d\u00e1 o nome, expandiu-se pela Argentina e Estados Unidos. Em Espanha, \u00e9 cada vez mais procurada pelos clientes com paladares refinados e gostos extraordin\u00e1rios. Caracteriza-se pelo seu grande sabor e mistura. Para os amantes de hamburdehesas mais exigentes. \u00c9 apresentado numa caixa de 8 embalagens individuais.<\/p>\n<p>\t\t\t<a href=\"#\"><br \/>\n\t\t\t\t\t\tDESCUBRA-O<br \/>\n\t\t\t\t\t<\/a><\/p>\n","protected":false},"excerpt":{"rendered":"<p>A HOTELARIA A pensar nos profissionais da hotelaria e da restaura\u00e7\u00e3o. Com o objetivo de que possam adquirir os nossos Hamburdehesas seletos em formato Horeca. Os nossos hamb\u00fargueres s\u00e3o apresentados em embalagens de seis ou oito unidades embaladas a v\u00e1cuo individualmente. Outra forma de experimentar e desfrutar do intenso sabor e da excelente qualidade dos [&hellip;]<\/p>\n","protected":false},"author":1,"featured_media":6094,"parent":0,"menu_order":0,"comment_status":"open","ping_status":"open","template":"","meta":{"_acf_changed":false,"footnotes":""},"class_list":["post-6259","page","type-page","status-publish","has-post-thumbnail","hentry"],"acf":[],"_links":{"self":[{"href":"https:\/\/hamburdehesa.com\/pt-pt\/wp-json\/wp\/v2\/pages\/6259","targetHints":{"allow":["GET"]}}],"collection":[{"href":"https:\/\/hamburdehesa.com\/pt-pt\/wp-json\/wp\/v2\/pages"}],"about":[{"href":"https:\/\/hamburdehesa.com\/pt-pt\/wp-json\/wp\/v2\/types\/page"}],"author":[{"embeddable":true,"href":"https:\/\/hamburdehesa.com\/pt-pt\/wp-json\/wp\/v2\/users\/1"}],"replies":[{"embeddable":true,"href":"https:\/\/hamburdehesa.com\/pt-pt\/wp-json\/wp\/v2\/comments?post=6259"}],"version-history":[{"count":0,"href":"https:\/\/hamburdehesa.com\/pt-pt\/wp-json\/wp\/v2\/pages\/6259\/revisions"}],"wp:featuredmedia":[{"embeddable":true,"href":"https:\/\/hamburdehesa.com\/pt-pt\/wp-json\/wp\/v2\/media\/6094"}],"wp:attachment":[{"href":"https:\/\/hamburdehesa.com\/pt-pt\/wp-json\/wp\/v2\/media?parent=6259"}],"curies":[{"name":"wp","href":"https:\/\/api.w.org\/{rel}","templated":true}]}}