{"id":6257,"date":"2023-03-30T14:13:28","date_gmt":"2023-03-30T12:13:28","guid":{"rendered":"https:\/\/hamburdehesa.com\/os-nossos-produtos\/"},"modified":"2024-04-18T09:27:28","modified_gmt":"2024-04-18T07:27:28","slug":"os-nossos-produtos","status":"publish","type":"page","link":"https:\/\/hamburdehesa.com\/pt-pt\/os-nossos-produtos\/","title":{"rendered":"Os nossos produtos"},"content":{"rendered":"<h1>OS NOSSOS PRODUTOS<\/h1>\n<p>Todos os nossos Hamburdehesas caracterizam-se pela carne sem alerg\u00e9nios, delicioso sabor, qualidade superior e elevada sucul\u00eancia. O segredo dos nossos hamb\u00fargueres reside na cria\u00e7\u00e3o do nosso gado. Carne de novilhas criadas em liberdade na dehesa de Espanha, alimentadas com leite materno e ra\u00e7\u00f5es e cereais 100% vegetais e naturais. Excelente carne de bovino das ra\u00e7as Retinta, Avile\u00f1a, Asturiana e Angus para os paladares mais exigentes.<\/p>\n<p>\t\t\t\t\t\t\t\t\t\t\t\t\t\t\t<img decoding=\"async\" width=\"760\" height=\"354\" src=\"https:\/\/hamburdehesa.com\/wp-content\/uploads\/2024\/02\/hamburdehesa-novilla-2023-perspectiva.jpg\" alt=\"\" loading=\"lazy\" \/><br \/>\n\t\t\t\t\t\t\t\t\t\t\t\t\t\t\t<img decoding=\"async\" width=\"640\" height=\"90\" src=\"https:\/\/hamburdehesa.com\/wp-content\/uploads\/2023\/08\/iconos-bipack-novilla-portugues.png\" alt=\"\" loading=\"lazy\" \/><br \/>\n\t\t\t\t\t\t\t\t\t\t\t\t\t\t\t<img decoding=\"async\" src=\"https:\/\/hamburdehesa.com\/wp-content\/uploads\/2024\/02\/icono-vaca-ov7hjrygjmfmx34cvhgm6dqxt0zuj3dmvtpol3b17i.png\" title=\"icono-vaca\" alt=\"hamburdehesa labari\" loading=\"lazy\" \/>\t\t\t\t\t\t\t\t\t\t\t\t\t\t\t<\/p>\n<h2>NOVILHA <br \/>DA DEHESA<\/h2>\n<h6>CRIADA EM LIBERDADE<\/h6>\n<h3>2 X 130g<\/h3>\n<p><strong>APENAS 6% DE GORDURA<\/strong><br \/><strong>Apenas 130 kcal*<\/strong><\/p>\n<p>O nosso hamb\u00farguer por excel\u00eancia. 100% aut\u00eantica carne de novilha criada na dehesa. Elaborado com azeite. Desfrute de todo o seu sabor, com um aporte energ\u00e9tico de 143 kcalorias e de apenas 6% de mat\u00e9ria gorda. \u00c9 apresentado em dupla embalagem individual.<\/p>\n<p>\t\t\t\t\t\t\t\t\t\t\t\t\t\t\t<img decoding=\"async\" width=\"760\" height=\"368\" src=\"https:\/\/hamburdehesa.com\/wp-content\/uploads\/2024\/02\/hamburdehesa-XL-2023-perspectiva.jpg\" alt=\"\" loading=\"lazy\" \/><br \/>\n\t\t\t\t\t\t\t\t\t\t\t\t\t\t\t<img decoding=\"async\" width=\"640\" height=\"90\" src=\"https:\/\/hamburdehesa.com\/wp-content\/uploads\/2023\/08\/iconos-bipack-novilla-portugues.png\" alt=\"\" loading=\"lazy\" \/><br \/>\n\t\t\t\t\t\t\t\t\t\t\t\t\t\t\t<img decoding=\"async\" src=\"https:\/\/hamburdehesa.com\/wp-content\/uploads\/2024\/02\/icono-vaca-ov7hjrygjmfmx34cvhgm6dqxt0zuj3dmvtpol3b17i.png\" title=\"icono-vaca\" alt=\"hamburdehesa labari\" loading=\"lazy\" \/>\t\t\t\t\t\t\t\t\t\t\t\t\t\t\t<\/p>\n<h2>NOVILHA<br \/>DA DEHESA XL<\/h2>\n<h6>CRIADA EM LIBERDADE<\/h6>\n<h3>2 X 200g<\/h3>\n<p><strong>APENAS 6% DE GORDURA<\/strong><br \/><strong>Apenas 130 kcal*<\/strong><\/p>\n<p>Para aqueles que querem mais. Deliciosa carne de bovino criada na dehesa em formato XL. Excelentes propriedades nutricionais, com apenas 6% de gordura e elaborado com azeite. M\u00e1ximo sabor para um tamanho superior: 200 gramas. Dispon\u00edvel em embalagens individuais bipacks.<\/p>\n<p>\t\t\t\t\t\t\t\t\t\t\t\t\t\t\t<img decoding=\"async\" width=\"760\" height=\"368\" src=\"https:\/\/hamburdehesa.com\/wp-content\/uploads\/2024\/02\/hamburdehesa-buey-2023-perspectiva.jpg\" alt=\"\" loading=\"lazy\" \/><br \/>\n\t\t\t\t\t\t\t\t\t\t\t\t\t\t\t<img decoding=\"async\" width=\"484\" height=\"90\" src=\"https:\/\/hamburdehesa.com\/wp-content\/uploads\/2023\/08\/iconos-bipack-retinta-portugues.png\" alt=\"\" loading=\"lazy\" \/><br \/>\n\t\t\t\t\t\t\t\t\t\t\t\t\t\t\t<img decoding=\"async\" src=\"https:\/\/hamburdehesa.com\/wp-content\/uploads\/2024\/02\/icono-vaca-ov7hjrygjmfmx34cvhgm6dqxt0zuj3dmvtpol3b17i.png\" title=\"icono-vaca\" alt=\"hamburdehesa labari\" loading=\"lazy\" \/>\t\t\t\t\t\t\t\t\t\t\t\t\t\t\t<\/p>\n<h2>BOI<\/h2>\n<h6>EDI\u00c7\u00c3O LIMITADA<\/h6>\n<h3>2 X 160g<\/h3>\n<p>A joia da coroa Hamburdehesa. Um hamb\u00farguer de carne de boi em produ\u00e7\u00f5es controladas e limitadas.<\/p>\n<p>\t\t\t\t\t\t\t\t\t\t\t\t\t\t\t<img decoding=\"async\" width=\"150\" height=\"150\" src=\"https:\/\/hamburdehesa.com\/wp-content\/uploads\/2024\/02\/sello-buey-garantizado-comp-150x150-1.png\" alt=\"\" loading=\"lazy\" \/><br \/>\n\t\t\t\t\t\t\t\t\t\t\t\t\t\t\t<img decoding=\"async\" width=\"760\" height=\"368\" src=\"https:\/\/hamburdehesa.com\/wp-content\/uploads\/2023\/08\/hamburdehesa-portugues-new-york-2x150-2023-perspectiva.jpg\" alt=\"\" loading=\"lazy\" \/><br \/>\n\t\t\t\t\t\t\t\t\t\t\t\t\t\t\t<img decoding=\"async\" width=\"484\" height=\"90\" src=\"https:\/\/hamburdehesa.com\/wp-content\/uploads\/2023\/08\/iconos-bipack-retinta-portugues.png\" alt=\"\" loading=\"lazy\" \/><br \/>\n\t\t\t\t\t\t\t\t\t\t\t\t\t\t\t<img decoding=\"async\" src=\"https:\/\/hamburdehesa.com\/wp-content\/uploads\/2024\/02\/icono-vaca-ov7hjrygjmfmx34cvhgm6dqxt0zuj3dmvtpol3b17i.png\" title=\"icono-vaca\" alt=\"hamburdehesa labari\" loading=\"lazy\" \/>\t\t\t\t\t\t\t\t\t\t\t\t\t\t\t<\/p>\n<h2>NEW YORK STYLE<\/h2>\n<h6>SABOR INTENSO E TEXTURA MACIA<\/h6>\n<h3>2 X 150g<\/h3>\n<p>Hamb\u00farguer New York Style, elaborado com ingredientes da mais alta qualidade, seguindo uma receita inspirada nos sabores da cidade mais ic\u00f4nica do mundo. O hamb\u00farguer New York Style 150g \u00e9 uma proposta culin\u00e1ria de peso para os amantes de carne, pelo seu sabor intenso e excelente textura macia e macia.\n<\/p>\n<p>\t\t\t\t\t\t\t\t\t\t\t\t\t\t\t<img decoding=\"async\" width=\"760\" height=\"354\" src=\"https:\/\/hamburdehesa.com\/wp-content\/uploads\/2024\/02\/hamburdehesa-retinta-2023-perspectiva.jpg\" alt=\"\" loading=\"lazy\" \/><br \/>\n\t\t\t\t\t\t\t\t\t\t\t\t\t\t\t<img decoding=\"async\" width=\"484\" height=\"90\" src=\"https:\/\/hamburdehesa.com\/wp-content\/uploads\/2023\/08\/iconos-bipack-retinta-portugues.png\" alt=\"\" loading=\"lazy\" \/><br \/>\n\t\t\t\t\t\t\t\t\t\t\t\t\t\t\t<img decoding=\"async\" src=\"https:\/\/hamburdehesa.com\/wp-content\/uploads\/2024\/02\/icono-vaca-ov7hjrygjmfmx34cvhgm6dqxt0zuj3dmvtpol3b17i.png\" title=\"icono-vaca\" alt=\"hamburdehesa labari\" loading=\"lazy\" \/>\t\t\t\t\t\t\t\t\t\t\t\t\t\t\t<\/p>\n<h2>BOVINO DE RA\u00c7A RETINTA<\/h2>\n<h3>2 X 130g<\/h3>\n<p>\t\tExclusiva carne de bovino de ra\u00e7a Retinta, aut\u00f3ctone do sudoeste de Espanha, com excelentes qualidades organol\u00e9pticas. A carne mais seleta apresentada em embalagens unit\u00e1rias bipacks.<br \/>\n\t\t\t\t\t\t\t\t\t\t\t\t\t\t\t<img decoding=\"async\" width=\"760\" height=\"354\" src=\"https:\/\/hamburdehesa.com\/wp-content\/uploads\/2024\/02\/hamburdehesa-avilena-2023-perspectiva.jpg\" alt=\"\" loading=\"lazy\" \/><br \/>\n\t\t\t\t\t\t\t\t\t\t\t\t\t\t\t<img decoding=\"async\" width=\"484\" height=\"90\" src=\"https:\/\/hamburdehesa.com\/wp-content\/uploads\/2023\/08\/iconos-bipack-retinta-portugues.png\" alt=\"\" loading=\"lazy\" \/><br \/>\n\t\t\t\t\t\t\t\t\t\t\t\t\t\t\t<img decoding=\"async\" src=\"https:\/\/hamburdehesa.com\/wp-content\/uploads\/2024\/02\/icono-vaca-ov7hjrygjmfmx34cvhgm6dqxt0zuj3dmvtpol3b17i.png\" title=\"icono-vaca\" alt=\"hamburdehesa labari\" loading=\"lazy\" \/>\t\t\t\t\t\t\t\t\t\t\t\t\t\t\t<\/p>\n<h2>AVILE\u00d1A<\/h2>\n<h6>CARNE DE \u00c1VILA<\/h6>\n<h6>INDICA\u00c7\u00c3O GEOGR\u00c1FICA PROTEGIDA<\/h6>\n<h3>2 X 130g<\/h3>\n<p>\t\tExclusiva carne de bovino proveniente da Ra\u00e7a aut\u00f3ctone Avile\u00f1a-Negra Ib\u00e9rica, de Capa Negra certificada Carne de Avila, IGP. A carne mais seleta desde Gredos at\u00e9 Avila para o Hamburdehesa Avile\u00f1a em embalagem unit\u00e1ria bipacks.<br \/>\n\t\t\t\t\t\t\t\t\t\t\t\t\t\t\t<img decoding=\"async\" src=\"https:\/\/hamburdehesa.com\/wp-content\/uploads\/2024\/02\/logos-igp-carne-de-avila-1-ov7hjswds3edyf23wgsnpthrwatb9edsj069nxv1zw.png\" title=\"logos-igp-carne-de-avila-1\" alt=\"logos-igp-carne-de-avila-1\" loading=\"lazy\" \/><br \/>\n\t\t\t\t\t\t\t\t\t\t\t\t\t\t\t<img decoding=\"async\" width=\"760\" height=\"354\" src=\"https:\/\/hamburdehesa.com\/wp-content\/uploads\/2024\/02\/hamburdehesa-asturiana-2023-perspectiva.jpg\" alt=\"\" loading=\"lazy\" \/><br \/>\n\t\t\t\t\t\t\t\t\t\t\t\t\t\t\t<img decoding=\"async\" width=\"484\" height=\"90\" src=\"https:\/\/hamburdehesa.com\/wp-content\/uploads\/2023\/08\/iconos-bipack-retinta-portugues.png\" alt=\"\" loading=\"lazy\" \/><br \/>\n\t\t\t\t\t\t\t\t\t\t\t\t\t\t\t<img decoding=\"async\" src=\"https:\/\/hamburdehesa.com\/wp-content\/uploads\/2024\/02\/icono-vaca-ov7hjrygjmfmx34cvhgm6dqxt0zuj3dmvtpol3b17i.png\" title=\"icono-vaca\" alt=\"hamburdehesa labari\" loading=\"lazy\" \/>\t\t\t\t\t\t\t\t\t\t\t\t\t\t\t<\/p>\n<h2>ASTURIANA<\/h2>\n<h6>TERNERA ASTURIANA<\/h6>\n<h6>INDICA\u00c7\u00c3O GEOGR\u00c1FICA PROTEGIDA<\/h6>\n<h3>2 X 130g<\/h3>\n<p>\t\tDeliciosa carne de Ternera Asturiana (bovino de ra\u00e7a Asturiana), com certifica\u00e7\u00e3o IGP, e de Vacuno Mayor Asturiano (bovino maior de ra\u00e7a Asturiana), marca de garantia. A produ\u00e7\u00e3o de Ternera Asturiana segue pr\u00e1ticas de gest\u00e3o tradicional, respeitadoras do ambiente e do bem-estar dos animais no processo de cria\u00e7\u00e3o. O Hamburdehesa do Norte \u00e9 apresentado em embalagem unit\u00e1ria bipacks.<br \/>\n\t\t\t\t\t\t\t\t\t\t\t\t\t\t\t<img decoding=\"async\" src=\"https:\/\/hamburdehesa.com\/wp-content\/uploads\/2024\/02\/logos-igp-ternera-asturiana-329x153-1-ov7hjswds3edyf23wgsnpthrwatb9edsj069nxv1x4.png\" title=\"logos-igp-ternera-asturiana-329&#215;153\" alt=\"logos-igp-ternera-asturiana-329x153\" loading=\"lazy\" \/><br \/>\n\t\t\t\t\t\t\t\t\t\t\t\t\t\t\t<img decoding=\"async\" width=\"760\" height=\"391\" src=\"https:\/\/hamburdehesa.com\/wp-content\/uploads\/2023\/08\/hamburdehesa-portugues-angus-2x130-2023-perspectiva.jpg\" alt=\"\" loading=\"lazy\" \/><br \/>\n\t\t\t\t\t\t\t\t\t\t\t\t\t\t\t<img decoding=\"async\" width=\"484\" height=\"90\" src=\"https:\/\/hamburdehesa.com\/wp-content\/uploads\/2023\/08\/iconos-bipack-retinta-portugues.png\" alt=\"\" loading=\"lazy\" \/><br \/>\n\t\t\t\t\t\t\t\t\t\t\t\t\t\t\t<img decoding=\"async\" src=\"https:\/\/hamburdehesa.com\/wp-content\/uploads\/2024\/02\/icono-vaca-ov7hjrygjmfmx34cvhgm6dqxt0zuj3dmvtpol3b17i.png\" title=\"icono-vaca\" alt=\"hamburdehesa labari\" loading=\"lazy\" \/>\t\t\t\t\t\t\t\t\t\t\t\t\t\t\t<\/p>\n<h2>BOVINO DE RA\u00c7A ANGUS<\/h2>\n<h3>2 X 130g<\/h3>\n<p>\t\tPara os apreciadores da carne de ra\u00e7a Angus. Este hamb\u00farguer destaca-se pelo intenso sabor, excelente textura e elevada sucul\u00eancia. Cont\u00e9m uma quantidade adequada de gorduras insaturadas e, por conseguinte, baixo colesterol. Apresentado em duas embalagens individuais.<br \/>\n\t\t\t<a role=\"button\"><br \/>\n\t\t\t\t\t\tDESCUBRA-O<br \/>\n\t\t\t\t\t<\/a><br \/>\n\t\t\t\t\t\t\t\t\t\t\t\t\t\t\t<img decoding=\"async\" width=\"760\" height=\"354\" src=\"https:\/\/hamburdehesa.com\/wp-content\/uploads\/2024\/02\/hamburdehesa-wagyu-2x130-perspectiva.jpg\" alt=\"\" loading=\"lazy\" \/><br \/>\n\t\t\t\t\t\t\t\t\t\t\t\t\t\t\t<img decoding=\"async\" width=\"484\" height=\"90\" src=\"https:\/\/hamburdehesa.com\/wp-content\/uploads\/2023\/08\/iconos-bipack-retinta-portugues.png\" alt=\"\" loading=\"lazy\" \/><br \/>\n\t\t\t\t\t\t\t\t\t\t\t\t\t\t\t<img decoding=\"async\" src=\"https:\/\/hamburdehesa.com\/wp-content\/uploads\/2024\/02\/icono-vaca-ov7hjrygjmfmx34cvhgm6dqxt0zuj3dmvtpol3b17i.png\" title=\"icono-vaca\" alt=\"hamburdehesa labari\" loading=\"lazy\" \/>\t\t\t\t\t\t\t\t\t\t\t\t\t\t\t<\/p>\n<h2>BOVINO DE RA\u00c7A WAGYU<\/h2>\n<h3>2 X 130g<\/h3>\n<p>A proposta Premium mais exclusiva da Hamburdehesa dispon\u00edvel apenas para exporta\u00e7\u00e3o. Considerada uma das carnes mais requintadas do mundo, a nossa carne Wagyu \u00e9 criada em liberdade, na tranquilidade dos melhores pastos. Um ecossistema \u00fanico para uma ra\u00e7a extraordin\u00e1ria resulta num hamb\u00farguer como nenhum outro.\n<\/p>\n<h3>DISPON\u00cdVEL SOMENTE PARA EXPORTA\u00c7\u00c3O<\/h3>\n","protected":false},"excerpt":{"rendered":"<p>OS NOSSOS PRODUTOS Todos os nossos Hamburdehesas caracterizam-se pela carne sem alerg\u00e9nios, delicioso sabor, qualidade superior e elevada sucul\u00eancia. O segredo dos nossos hamb\u00fargueres reside na cria\u00e7\u00e3o do nosso gado. Carne de novilhas criadas em liberdade na dehesa de Espanha, alimentadas com leite materno e ra\u00e7\u00f5es e cereais 100% vegetais e naturais. Excelente carne de [&hellip;]<\/p>\n","protected":false},"author":1,"featured_media":6044,"parent":0,"menu_order":0,"comment_status":"open","ping_status":"open","template":"","meta":{"_acf_changed":false,"footnotes":""},"class_list":["post-6257","page","type-page","status-publish","has-post-thumbnail","hentry"],"acf":[],"_links":{"self":[{"href":"https:\/\/hamburdehesa.com\/pt-pt\/wp-json\/wp\/v2\/pages\/6257","targetHints":{"allow":["GET"]}}],"collection":[{"href":"https:\/\/hamburdehesa.com\/pt-pt\/wp-json\/wp\/v2\/pages"}],"about":[{"href":"https:\/\/hamburdehesa.com\/pt-pt\/wp-json\/wp\/v2\/types\/page"}],"author":[{"embeddable":true,"href":"https:\/\/hamburdehesa.com\/pt-pt\/wp-json\/wp\/v2\/users\/1"}],"replies":[{"embeddable":true,"href":"https:\/\/hamburdehesa.com\/pt-pt\/wp-json\/wp\/v2\/comments?post=6257"}],"version-history":[{"count":0,"href":"https:\/\/hamburdehesa.com\/pt-pt\/wp-json\/wp\/v2\/pages\/6257\/revisions"}],"wp:featuredmedia":[{"embeddable":true,"href":"https:\/\/hamburdehesa.com\/pt-pt\/wp-json\/wp\/v2\/media\/6044"}],"wp:attachment":[{"href":"https:\/\/hamburdehesa.com\/pt-pt\/wp-json\/wp\/v2\/media?parent=6257"}],"curies":[{"name":"wp","href":"https:\/\/api.w.org\/{rel}","templated":true}]}}