{"id":6135,"date":"2020-12-08T16:34:44","date_gmt":"2020-12-08T15:34:44","guid":{"rendered":"https:\/\/hamburdehesa.com\/razas-autoctonas\/"},"modified":"2024-05-11T18:39:38","modified_gmt":"2024-05-11T16:39:38","slug":"razas-autoctonas","status":"publish","type":"page","link":"https:\/\/hamburdehesa.com\/pt-pt\/razas-autoctonas\/","title":{"rendered":"Razas Aut\u00f3ctonas"},"content":{"rendered":"<h1>HAMBURDEHESAS<br \/>\nDE RAZAS AUT\u00d3CTONAS<\/h1>\n<p>Una selecci\u00f3n de las mejores carnes obtenidas de piezas de razas aut\u00f3ctonas espa\u00f1olas para la elaboraci\u00f3n de deliciosas y naturales burgers de campo. Hamburdehesa Avile\u00f1a y Hamburdehesa Asturiana, dos novedades de burgers gourmets con la mejor carne de certificada mediante el sello IGP (Indicaci\u00f3n Geogr\u00e1fica Protegida) que garantizan la procedencia y la aut\u00e9ntica excelencia de su origen.<br \/>\n<img loading=\"lazy\" decoding=\"async\" src=\"https:\/\/hamburdehesa.com\/wp-content\/uploads\/2024\/02\/presentacion-avilena.jpg\" sizes=\"auto, (max-width: 761px) 100vw, 761px\" srcset=\"https:\/\/hamburdehesa.com\/wp-content\/uploads\/2024\/02\/presentacion-avilena.jpg 761w, https:\/\/hamburdehesa.com\/wp-content\/uploads\/2020\/06\/presentacion-avilena-300x152.jpg 300w, https:\/\/hamburdehesa.com\/wp-content\/uploads\/2020\/06\/presentacion-avilena-600x304.jpg 600w\" alt=\"\" width=\"761\" height=\"386\" \/><\/p>\n<h2>AVILE\u00d1A<\/h2>\n<p>Exquisita carne procedente de la raza aut\u00f3ctona<br \/>\nAvile\u00f1a-Negra Ib\u00e9rica, de capa negra<\/p>\n<p><a role=\"button\" href=\"#avilena\"><br \/>\nDESC\u00daBRELA<br \/>\n<\/a><a role=\"button\" href=\"#asturiana\"><br \/>\n<\/a><br \/>\n<img loading=\"lazy\" decoding=\"async\" src=\"https:\/\/hamburdehesa.com\/wp-content\/uploads\/2020\/07\/logos-igp-carne-de-avila-1-300x150.png\" sizes=\"auto, (max-width: 300px) 100vw, 300px\" srcset=\"https:\/\/hamburdehesa.com\/wp-content\/uploads\/2020\/07\/logos-igp-carne-de-avila-1-300x150.png 300w, https:\/\/hamburdehesa.com\/wp-content\/uploads\/2020\/07\/logos-igp-carne-de-avila-1.png 400w\" alt=\"\" width=\"300\" height=\"150\" \/><\/p>\n<h2>BURGER DE CARNE AVILE\u00d1A<\/h2>\n<h5>CARNE DE \u00c1VILA<br \/>\nINDICACI\u00d3N GEOGR\u00c1FICA PROTEGIDA<\/h5>\n<p>Exquisitas burgers de 130 grs. con todo el sabor del origen y la calidad de la Raza aut\u00f3ctona Avile\u00f1a-Negra Ib\u00e9rica, de Capa Negra certificada Carne de \u00c1vila. Hamburdehesa Avile\u00f1a es m\u00e1s que una burger gourmet, es un delicioso bocado de carne de primer\u00edsima calidad presentada con el grosor perfecto para elaborar a la parrilla o barbacoa. De sabor intenso y tono rosado, es una carne rica en nutrientes; adem\u00e1s el novedoso y exclusivo envasado de la Hamburdehesa Avile\u00f1a permite que conserve todas las propiedades naturales de la carne por mucho m\u00e1s tiempo.<\/p>\n<p>\u00bfC\u00f3mo preparar una deliciosa hamburguesa de ternera avile\u00f1a? Disfr\u00fatala acompa\u00f1ada de cebolla caramelizada, algunos brotes verdes, queso fundido y un huevo a la plancha.<\/p>\n<h4>SELECCIONAMOS LA MEJOR CARNE<\/h4>\n<p>Desde los prados de monta\u00f1a de la Sierra de Gredos hasta las vastas dehesas de la Sierra de \u00c1vila proviene la aut\u00e9ntica carne de raza aut\u00f3ctona avile\u00f1a. Un origen donde los ganaderos apuestan por la sostenibilidad, el cuidado del medio ambiente y el bienestar del animal. La carne de raza avile\u00f1a fue la primera carne espa\u00f1ola en conseguir la Denominaci\u00f3n Espec\u00edfica y se caracteriza por su brillante color rojo claro, la calidad de su sabor y su textura fina. Una carne que es 100% calidad, 100% raza aut\u00f3ctona de Espa\u00f1a.<\/p>\n<h2>AVILE\u00d1A<\/h2>\n<h6>CARNE DE \u00c1VILA<\/h6>\n<h6>INDICACI\u00d3N GEOGR\u00c1FICA PROTEGIDA<\/h6>\n<h3>2 X 130g<\/h3>\n<p>Exclusiva carne de ganado vacuno procedente de la Raza aut\u00f3ctona Avile\u00f1a-Negra Ib\u00e9rica, de Capa Negra certificada Carne de Avila, I.G.P. La carne m\u00e1s selecta desde Gredos hasta Avila para la Hamburdehesa Avile\u00f1a en envase unitario bipacks.<br \/>\n<a role=\"button\" href=\"#contacto\"><br \/>\nM\u00c1S INFORMACI\u00d3N<br \/>\n<\/a><\/p>\n<h2><\/h2>\n<h4>DESCUBRE LOS SECRETOS DE LAS HAMBURDEHESA<\/h4>\n<h2>LA CALIDAD<\/h2>\n<p>Buscamos las mejores ganader\u00edas en las mejores dehesas.<br \/>\nSeleccionamos los cortes en nuestras instalaciones.<br \/>\nElegimos los mejores ingredientes con especial atenci\u00f3n a los al\u00e9rgenos.<br \/>\nElaboramos y envasamos como nadie,<br \/>\ny ponemos todo el cuidado en ofrecer un producto sin igual.<br \/>\nPor todo ello, lucimos orgullosos certificados de calidad como el IFS FOOD.<\/p>\n<p><a role=\"button\" href=\"\/ifs-food-certifica-calidad-hamburdehesa\"><br \/>\nIFS FOOD<br \/>\n<\/a><\/p>\n<h2>LA INNOVACI\u00d3N<\/h2>\n<p>Envasamos como nadie.<br \/>\nNuestro innovador sistema de envasado individual al vac\u00edo, consigue garantizar la calidad, la seguridad alimentaria y un aumento de la vida \u00fatil de las Hamburdehesas, hasta tres veces m\u00e1s que los envases que se utilizan habitualmente en el mercado.<br \/>\nPensado para que cocines a tu ritmo y no desperdicies alimentos.<br \/>\n<img decoding=\"async\" title=\"iconos-innovacion\" src=\"https:\/\/hamburdehesa.com\/wp-content\/uploads\/elementor\/thumbs\/iconos-innovacion-ov7hjrylq08kq0pd40kckwsfxc372bwz6rswxmz2jm.png\" alt=\"hamburdehesa labari\" \/><br \/>\n<a role=\"button\" href=\"\/el-envase\"><br \/>\nABRIR UNA HAMBURDEHESA<br \/>\n<\/a><\/p>\n<h2>LO QUE SE COCINA<\/h2>\n<p>Encuentra recetas, consejos, art\u00edculos, noticias, concursos y regalos en nuestro blog. Mira nuestros videos consejos y aprende m\u00e1s sobre carnes, ganados, ingredientes, preparaciones y complementos. Descubre todos los secretos de la genuina burger de campo.<br \/>\n<a role=\"button\" href=\"\/blog\"><br \/>\nA LA COCINA<br \/>\n<\/a><\/p>\n<h2>CONTACTA CON NOSOTROS<\/h2>\n<p style=\"text-align: left;\">Si est\u00e1s interesado en nuestros productos burger de <strong>raza aut\u00f3ctona<\/strong>, contacta con nosotros, estaremos encantados de responder todas tus dudas.<\/p>\n<p>Puedes hacerlo a trav\u00e9s de e-mail, rellenando este formulario, o si lo prefieres ll\u00e1manos:<br \/>\nTel\u00e9fono: <strong>955 63 02 63 | <\/strong>Fax: <strong>955 63 04 34<\/strong><br \/>\nE-mail: <a href=\"mailto:info@hamburdehesa.com\"><strong>info@hamburdehesa.com<\/strong><\/a><\/p>\n<p><a>Extracto de la Pol\u00edtica de Privacidad<\/a><\/p>\n<p>De acuerdo con lo establecido por el Reglamento (UE) 2016\/679 del Parlamento Europeo y del Consejo, de 27 de abril de 2016 (RGPD) y la Ley Org\u00e1nica 3\/2018, de 5 de diciembre, de Protecci\u00f3n de Datos Personales y Garant\u00eda de los Derechos Digitales, le informamos que los datos personales aportados ser\u00e1n tratados por\u00a0<strong>EMBUTIDOS JABUGO, S.A.<\/strong>, con domicilio social en calle Marqu\u00e9s de Aracena, 78 \u2013 21360, El Repilado, Huelva, y domicilio comercial en Pol\u00edgono Industrial San Nicol\u00e1s, calle San Nicol\u00e1s uno, 26 \u2013 41500, Alcal\u00e1 de Guada\u00edra, Sevilla.<\/p>\n<p>Los datos aportados por usted son necesarios para prestarle el servicio solicitado, y ser\u00e1n tratados \u00fanicamente con la finalidad de gestionar y ejecutar dicha prestaci\u00f3n del mejor modo posible.<\/p>\n<p>Igualmente, le informamos de que no se prev\u00e9n cesiones de los datos que nos facilite. Sus datos personales ser\u00e1n conservados mientras persista la relaci\u00f3n con el responsable del tratamiento de los datos.<\/p>\n<p>Asimismo, le informamos de que tiene derecho a solicitar el acceso, rectificaci\u00f3n, supresi\u00f3n, limitaci\u00f3n del tratamiento, oposici\u00f3n o derecho a la portabilidad de sus datos personales a trav\u00e9s de un mensaje de correo electr\u00f3nico a la direcci\u00f3n\u00a0<a href=\"mailto:info@hamburdehesa.com\">info@hamburdehesa.com<\/a>\u00a0o bien presentando solicitud por escrito, acompa\u00f1ada de su DNI, pasaporte o tarjeta de residencia, en el domicilio anteriormente indicado.<\/p>\n<p>El ejercicio de alguno de dichos derechos no afectar\u00e1 a la licitud del tratamiento efectuado antes del mismo.<\/p>\n<p>Tiene derecho a presentar una reclamaci\u00f3n ante la autoridad de control si considera que pueden haber sido vulnerados sus derechos en lo concerniente a la protecci\u00f3n de sus datos personales.<\/p>\n<p><a href=\"https:\/\/hamburdehesa.com\/aviso-legal-y-politica-de-privacidad\/\">Ver Aviso Legal y Pol\u00edtica de Privacidad<\/a><\/p>\n","protected":false},"excerpt":{"rendered":"<p>HAMBURDEHESAS DE RAZAS AUT\u00d3CTONAS Una selecci\u00f3n de las mejores carnes obtenidas de piezas de razas aut\u00f3ctonas espa\u00f1olas para la elaboraci\u00f3n de deliciosas y naturales burgers de campo. Hamburdehesa Avile\u00f1a y Hamburdehesa Asturiana, dos novedades de burgers gourmets con la mejor carne de certificada mediante el sello IGP (Indicaci\u00f3n Geogr\u00e1fica Protegida) que garantizan la procedencia y [&hellip;]<\/p>\n","protected":false},"author":1,"featured_media":6136,"parent":0,"menu_order":0,"comment_status":"open","ping_status":"open","template":"","meta":{"_acf_changed":false,"footnotes":""},"class_list":["post-6135","page","type-page","status-publish","has-post-thumbnail","hentry"],"acf":[],"_links":{"self":[{"href":"https:\/\/hamburdehesa.com\/pt-pt\/wp-json\/wp\/v2\/pages\/6135","targetHints":{"allow":["GET"]}}],"collection":[{"href":"https:\/\/hamburdehesa.com\/pt-pt\/wp-json\/wp\/v2\/pages"}],"about":[{"href":"https:\/\/hamburdehesa.com\/pt-pt\/wp-json\/wp\/v2\/types\/page"}],"author":[{"embeddable":true,"href":"https:\/\/hamburdehesa.com\/pt-pt\/wp-json\/wp\/v2\/users\/1"}],"replies":[{"embeddable":true,"href":"https:\/\/hamburdehesa.com\/pt-pt\/wp-json\/wp\/v2\/comments?post=6135"}],"version-history":[{"count":0,"href":"https:\/\/hamburdehesa.com\/pt-pt\/wp-json\/wp\/v2\/pages\/6135\/revisions"}],"wp:featuredmedia":[{"embeddable":true,"href":"https:\/\/hamburdehesa.com\/pt-pt\/wp-json\/wp\/v2\/media\/6136"}],"wp:attachment":[{"href":"https:\/\/hamburdehesa.com\/pt-pt\/wp-json\/wp\/v2\/media?parent=6135"}],"curies":[{"name":"wp","href":"https:\/\/api.w.org\/{rel}","templated":true}]}}