{"id":13255,"date":"2026-02-23T19:53:21","date_gmt":"2026-02-23T18:53:21","guid":{"rendered":"https:\/\/hamburdehesa.com\/?post_type=product&#038;p=13255"},"modified":"2026-03-05T17:09:48","modified_gmt":"2026-03-05T16:09:48","slug":"burger-alta-en-proteinas","status":"publish","type":"product","link":"https:\/\/hamburdehesa.com\/en\/products\/burger-alta-en-proteinas\/","title":{"rendered":"Burger Alta en Prote\u00ednas"},"content":{"rendered":"","protected":false},"excerpt":{"rendered":"<p class=\"p1\">Presentamos nuestra nueva <span class=\"s1\"><b>Burger de Vacuno Alta en Prote\u00ednas<\/b><\/span>, elaborada con cortes seleccionados que aportan 27 g de prote\u00edna real por unidad. Una propuesta gourmet que combina funcionalidad, jugosidad y un perfil organol\u00e9ptico excepcional. Producto oficial bajo licencia del Comit\u00e9 Ol\u00edmpico Espa\u00f1ol (COE), dentro de su Programa Medalla al Sabor. Presentada en pr\u00e1cticos bipacks envasados al vac\u00edo para garantizar frescura y m\u00e1xima calidad.<\/p>\n","protected":false},"featured_media":13354,"template":"","meta":{"_acf_changed":false},"product_brand":[],"product_cat":[135,138,133],"product_tag":[],"class_list":{"0":"post-13255","1":"product","2":"type-product","3":"status-publish","4":"has-post-thumbnail","6":"product_cat-especiales","7":"product_cat-hamburguesas","8":"product_cat-razas","9":"product_shipping_class-frio","11":"first","12":"outofstock","13":"taxable","14":"shipping-taxable","15":"purchasable","16":"product-type-simple"},"acf":[],"_links":{"self":[{"href":"https:\/\/hamburdehesa.com\/en\/wp-json\/wp\/v2\/product\/13255","targetHints":{"allow":["GET"]}}],"collection":[{"href":"https:\/\/hamburdehesa.com\/en\/wp-json\/wp\/v2\/product"}],"about":[{"href":"https:\/\/hamburdehesa.com\/en\/wp-json\/wp\/v2\/types\/product"}],"version-history":[{"count":3,"href":"https:\/\/hamburdehesa.com\/en\/wp-json\/wp\/v2\/product\/13255\/revisions"}],"predecessor-version":[{"id":13307,"href":"https:\/\/hamburdehesa.com\/en\/wp-json\/wp\/v2\/product\/13255\/revisions\/13307"}],"wp:featuredmedia":[{"embeddable":true,"href":"https:\/\/hamburdehesa.com\/en\/wp-json\/wp\/v2\/media\/13354"}],"wp:attachment":[{"href":"https:\/\/hamburdehesa.com\/en\/wp-json\/wp\/v2\/media?parent=13255"}],"wp:term":[{"taxonomy":"product_brand","embeddable":true,"href":"https:\/\/hamburdehesa.com\/en\/wp-json\/wp\/v2\/product_brand?post=13255"},{"taxonomy":"product_cat","embeddable":true,"href":"https:\/\/hamburdehesa.com\/en\/wp-json\/wp\/v2\/product_cat?post=13255"},{"taxonomy":"product_tag","embeddable":true,"href":"https:\/\/hamburdehesa.com\/en\/wp-json\/wp\/v2\/product_tag?post=13255"}],"curies":[{"name":"wp","href":"https:\/\/api.w.org\/{rel}","templated":true}]}}