{"id":6154,"date":"2023-03-30T14:13:28","date_gmt":"2023-03-30T12:13:28","guid":{"rendered":"https:\/\/hamburdehesa.com\/our-products\/"},"modified":"2024-06-05T07:25:06","modified_gmt":"2024-06-05T05:25:06","slug":"our-products","status":"publish","type":"page","link":"https:\/\/hamburdehesa.com\/en\/our-products\/","title":{"rendered":"Our Products: Novilla, Buey-OX, Retinta, Avile\u00f1a, Asturiana, Wuagyu and Angus"},"content":{"rendered":"<h1>OUR PRODUCTS<\/h1>\n<p>All our Hamburdehesas are distinguished by their allergen-free meat, exquisite flavour, superior quality and extraordinary juiciness. The secret of our hamburgers lies in how the livestock is raised. The meat comes from heifers raised free on the dehesa and fed with their mothers\u2019 milk and 100% natural vegetable animal feed. Excellent beef from the Retinta, Avile\u00f1a, Asturiana and Angus breeds for the most discerning palates.<\/p>\n<p>\t\t\t\t\t\t\t\t\t\t\t\t\t\t\t<img decoding=\"async\" width=\"760\" height=\"354\" src=\"https:\/\/hamburdehesa.com\/wp-content\/uploads\/2024\/02\/hamburdehesa-novilla-2023-perspectiva.jpg\" alt=\"\" loading=\"lazy\" \/><br \/>\n\t\t\t\t\t\t\t\t\t\t\t\t\t\t\t<img decoding=\"async\" width=\"595\" height=\"88\" src=\"https:\/\/hamburdehesa.com\/wp-content\/uploads\/2018\/09\/iconos-bipack-novilla-eng.png\" alt=\"hamburdehesa labari\" loading=\"lazy\" \/><br \/>\n\t\t\t\t\t\t\t\t\t\t\t\t\t\t\t<img decoding=\"async\" src=\"https:\/\/hamburdehesa.com\/wp-content\/uploads\/2024\/02\/icono-vaca-ov7hjrygjmfmx34cvhgm6dqxt0zuj3dmvtpol3b17i.png\" title=\"icono-vaca\" alt=\"hamburdehesa labari\" loading=\"lazy\" \/>\t\t\t\t\t\t\t\t\t\t\t\t\t\t\t<\/p>\n<h2>DEHESA-RAISED HEIFER (NOVILLA)<\/h2>\n<h6>FREE-RANGE<\/h6>\n<h3>2 X 130g<\/h3>\n<p>\t\tOur flagship hamburger. 100% authentic meat from heifers raised on the dehesa. Made with olive oil. Enjoy all its flavour with an energy value of 130 kilocalories and less than 6% fat. They come in individual bipacks.<br \/>\n\t\t\t\t\t\t\t\t\t\t\t\t\t\t\t<img decoding=\"async\" width=\"760\" height=\"368\" src=\"https:\/\/hamburdehesa.com\/wp-content\/uploads\/2024\/02\/hamburdehesa-XL-2023-perspectiva.jpg\" alt=\"\" loading=\"lazy\" \/><br \/>\n\t\t\t\t\t\t\t\t\t\t\t\t\t\t\t<img decoding=\"async\" width=\"595\" height=\"88\" src=\"https:\/\/hamburdehesa.com\/wp-content\/uploads\/2024\/02\/iconos-bipack-xl-eng.png\" alt=\"hamburdehesa labari\" loading=\"lazy\" \/><br \/>\n\t\t\t\t\t\t\t\t\t\t\t\t\t\t\t<img decoding=\"async\" src=\"https:\/\/hamburdehesa.com\/wp-content\/uploads\/2024\/02\/icono-vaca-ov7hjrygjmfmx34cvhgm6dqxt0zuj3dmvtpol3b17i.png\" title=\"icono-vaca\" alt=\"hamburdehesa labari\" loading=\"lazy\" \/>\t\t\t\t\t\t\t\t\t\t\t\t\t\t\t<\/p>\n<h2>DEHESA-RAISED HEIFER XL<\/h2>\n<h6>FREE-RANGE<\/h6>\n<h3>2 X 200g<\/h3>\n<p>\t\tFor those who want more. Exquisite meat from heifers raised on the dehesa in XL format. Excellent nutritional properties with less than 6% fat and made with olive oil. Maximum flavour in a bigger size: 200 grams. They come in individual bipacks.<br \/>\n\t\t\t\t\t\t\t\t\t\t\t\t\t\t\t<img decoding=\"async\" width=\"760\" height=\"368\" src=\"https:\/\/hamburdehesa.com\/wp-content\/uploads\/2024\/02\/hamburdehesa-buey-2023-perspectiva.jpg\" alt=\"\" loading=\"lazy\" \/><br \/>\n\t\t\t\t\t\t\t\t\t\t\t\t\t\t\t<img decoding=\"async\" width=\"467\" height=\"88\" src=\"https:\/\/hamburdehesa.com\/wp-content\/uploads\/2024\/02\/iconos-bipack-angus-eng.png\" alt=\"hamburdehesa labari\" loading=\"lazy\" \/><br \/>\n\t\t\t\t\t\t\t\t\t\t\t\t\t\t\t<img decoding=\"async\" src=\"https:\/\/hamburdehesa.com\/wp-content\/uploads\/2024\/02\/icono-vaca-ov7hjrygjmfmx34cvhgm6dqxt0zuj3dmvtpol3b17i.png\" title=\"icono-vaca\" alt=\"hamburdehesa labari\" loading=\"lazy\" \/>\t\t\t\t\t\t\t\t\t\t\t\t\t\t\t<\/p>\n<h2>BUEY-OX<\/h2>\n<h6>LIMITED EDITION<\/h6>\n<h3>2 X 160g<\/h3>\n<p>The jewel of Hamburdehesa. A OX-BEEF Burger in controlled and limited productions.<\/p>\n<p>\t\t\t\t\t\t\t\t\t\t\t\t\t\t\t<img decoding=\"async\" width=\"150\" height=\"150\" src=\"https:\/\/hamburdehesa.com\/wp-content\/uploads\/2024\/02\/sello-buey-garantizado-comp-150x150-1.png\" alt=\"\" loading=\"lazy\" \/><br \/>\n\t\t\t\t\t\t\t\t\t\t\t\t\t\t\t<img decoding=\"async\" width=\"760\" height=\"368\" src=\"https:\/\/hamburdehesa.com\/wp-content\/uploads\/2024\/02\/hamburdehesa-newyork-2023-perspectiva.jpg\" alt=\"\" loading=\"lazy\" \/><br \/>\n\t\t\t\t\t\t\t\t\t\t\t\t\t\t\t<img decoding=\"async\" width=\"467\" height=\"88\" src=\"https:\/\/hamburdehesa.com\/wp-content\/uploads\/2024\/02\/iconos-bipack-angus-eng.png\" alt=\"hamburdehesa labari\" loading=\"lazy\" \/><br \/>\n\t\t\t\t\t\t\t\t\t\t\t\t\t\t\t<img decoding=\"async\" src=\"https:\/\/hamburdehesa.com\/wp-content\/uploads\/2024\/02\/icono-vaca-ov7hjrygjmfmx34cvhgm6dqxt0zuj3dmvtpol3b17i.png\" title=\"icono-vaca\" alt=\"hamburdehesa labari\" loading=\"lazy\" \/>\t\t\t\t\t\t\t\t\t\t\t\t\t\t\t<\/p>\n<h2>NEW YORK STYLE<\/h2>\n<h6>INTENSE FLAVOUR, TENDER AND JUICY TEXTURE<\/h6>\n<h3>2 X 150g<\/h3>\n<p>New-York style Hamburdehesa made from top-quality ingredients according<br \/>\nto a recipe inspired by the flavours of the world\u2019s most iconic city. Due to its intense flavour and tender, juicy<br \/>\ntexture, this 150-g New York-style burger is a weighty culinary proposition created especially for authentic meat-lovers.<\/p>\n<p>\t\t\t\t\t\t\t\t\t\t\t\t\t\t\t<img decoding=\"async\" width=\"760\" height=\"354\" src=\"https:\/\/hamburdehesa.com\/wp-content\/uploads\/2024\/02\/hamburdehesa-retinta-2023-perspectiva.jpg\" alt=\"\" loading=\"lazy\" \/><br \/>\n\t\t\t\t\t\t\t\t\t\t\t\t\t\t\t<img decoding=\"async\" width=\"467\" height=\"88\" src=\"https:\/\/hamburdehesa.com\/wp-content\/uploads\/2024\/02\/iconos-bipack-angus-eng.png\" alt=\"hamburdehesa labari\" loading=\"lazy\" \/><br \/>\n\t\t\t\t\t\t\t\t\t\t\t\t\t\t\t<img decoding=\"async\" src=\"https:\/\/hamburdehesa.com\/wp-content\/uploads\/2024\/02\/icono-vaca-ov7hjrygjmfmx34cvhgm6dqxt0zuj3dmvtpol3b17i.png\" title=\"icono-vaca\" alt=\"hamburdehesa labari\" loading=\"lazy\" \/>\t\t\t\t\t\t\t\t\t\t\t\t\t\t\t<\/p>\n<h2>RETINTA BREED BEEF<\/h2>\n<h3>2 X 130g<\/h3>\n<p>Exclusive beef from Retinta breed livestock native to southwestern Spain with excellent organoleptic qualities. The most select meat presented in individual bipacks.<\/p>\n<p>\t\t\t\t\t\t\t\t\t\t\t\t\t\t\t<img decoding=\"async\" width=\"760\" height=\"354\" src=\"https:\/\/hamburdehesa.com\/wp-content\/uploads\/2024\/02\/hamburdehesa-avilena-2023-perspectiva.jpg\" alt=\"\" loading=\"lazy\" \/><br \/>\n\t\t\t\t\t\t\t\t\t\t\t\t\t\t\t<img decoding=\"async\" width=\"467\" height=\"88\" src=\"https:\/\/hamburdehesa.com\/wp-content\/uploads\/2024\/02\/iconos-bipack-angus-eng.png\" alt=\"hamburdehesa labari\" loading=\"lazy\" \/><br \/>\n\t\t\t\t\t\t\t\t\t\t\t\t\t\t\t<img decoding=\"async\" src=\"https:\/\/hamburdehesa.com\/wp-content\/uploads\/2024\/02\/icono-vaca-ov7hjrygjmfmx34cvhgm6dqxt0zuj3dmvtpol3b17i.png\" title=\"icono-vaca\" alt=\"hamburdehesa labari\" loading=\"lazy\" \/>\t\t\t\t\t\t\t\t\t\t\t\t\t\t\t<\/p>\n<h2>AVILE\u00d1A<\/h2>\n<h6>CARNE DE \u00c1VILA<\/h6>\n<h6>PROTECTED GEOGRAPHICAL INDICATION<\/h6>\n<h3>2 X 130g<\/h3>\n<p>Exclusive beef from the autochthonous black-coat Avile\u00f1a-Negra Ib\u00e9rica breed, certified as Carne de Avila (PGI). The most select beef from Gredos to Avila for the Avile\u00f1a Hamburdehesa presented in individual bipacks.<\/p>\n<p>\t\t\t\t\t\t\t\t\t\t\t\t\t\t\t<img decoding=\"async\" src=\"https:\/\/hamburdehesa.com\/wp-content\/uploads\/2024\/02\/logos-igp-carne-de-avila-1-ov7hjswds3edyf23wgsnpthrwatb9edsj069nxv1zw.png\" title=\"logos-igp-carne-de-avila-1\" alt=\"logos-igp-carne-de-avila-1\" loading=\"lazy\" \/><br \/>\n\t\t\t\t\t\t\t\t\t\t\t\t\t\t\t<img decoding=\"async\" width=\"760\" height=\"354\" src=\"https:\/\/hamburdehesa.com\/wp-content\/uploads\/2024\/02\/hamburdehesa-asturiana-2023-perspectiva.jpg\" alt=\"\" loading=\"lazy\" \/><br \/>\n\t\t\t\t\t\t\t\t\t\t\t\t\t\t\t<img decoding=\"async\" width=\"467\" height=\"88\" src=\"https:\/\/hamburdehesa.com\/wp-content\/uploads\/2024\/02\/iconos-bipack-angus-eng.png\" alt=\"hamburdehesa labari\" loading=\"lazy\" \/><br \/>\n\t\t\t\t\t\t\t\t\t\t\t\t\t\t\t<img decoding=\"async\" src=\"https:\/\/hamburdehesa.com\/wp-content\/uploads\/2024\/02\/icono-vaca-ov7hjrygjmfmx34cvhgm6dqxt0zuj3dmvtpol3b17i.png\" title=\"icono-vaca\" alt=\"hamburdehesa labari\" loading=\"lazy\" \/>\t\t\t\t\t\t\t\t\t\t\t\t\t\t\t<\/p>\n<h2>ASTURIANA<\/h2>\n<h6>TERNERA ASTURIANA<\/h6>\n<h6>PROTECTED GEOGRAPHICAL INDICATION<\/h6>\n<h3>2 X 130g<\/h3>\n<p>Exquisite beef from PGI-certified Ternera Asturiana (Asturian cattle) with the Vacuno Mayor Asturiano guarantee mark. Asturian beef production still relies on traditional, environmentally friendly management practices that respects the welfare of the animals during the breeding process. The Hamburdehesa del Norte is presented in individual bipacks.<\/p>\n<p>\t\t\t\t\t\t\t\t\t\t\t\t\t\t\t<img decoding=\"async\" src=\"https:\/\/hamburdehesa.com\/wp-content\/uploads\/2024\/02\/logos-igp-ternera-asturiana-329x153-1-ov7hjswds3edyf23wgsnpthrwatb9edsj069nxv1x4.png\" title=\"logos-igp-ternera-asturiana-329&#215;153\" alt=\"logos-igp-ternera-asturiana-329x153\" loading=\"lazy\" \/><br \/>\n\t\t\t\t\t\t\t\t\t\t\t\t\t\t\t<img decoding=\"async\" width=\"760\" height=\"354\" src=\"https:\/\/hamburdehesa.com\/wp-content\/uploads\/2024\/02\/hamburdehesa-angus-2023-perspectiva.jpg\" alt=\"\" loading=\"lazy\" \/><br \/>\n\t\t\t\t\t\t\t\t\t\t\t\t\t\t\t<img decoding=\"async\" width=\"467\" height=\"88\" src=\"https:\/\/hamburdehesa.com\/wp-content\/uploads\/2024\/02\/iconos-bipack-angus-eng.png\" alt=\"hamburdehesa labari\" loading=\"lazy\" \/><br \/>\n\t\t\t\t\t\t\t\t\t\t\t\t\t\t\t<img decoding=\"async\" src=\"https:\/\/hamburdehesa.com\/wp-content\/uploads\/2024\/02\/icono-vaca-ov7hjrygjmfmx34cvhgm6dqxt0zuj3dmvtpol3b17i.png\" title=\"icono-vaca\" alt=\"hamburdehesa labari\" loading=\"lazy\" \/>\t\t\t\t\t\t\t\t\t\t\t\t\t\t\t<\/p>\n<h2>ANGUS BREED BEEF<\/h2>\n<h3>2 X 130g<\/h3>\n<p>For lovers of Angus breed meat. This hamburger stands out for its intense flavour, excellent texture and its extraordinary juiciness. It contains a large quantity of unsaturated fat, which means that it is low in cholesterol. Comes in two individual packs.<\/p>\n<p>\t\t\t<a href=\"https:\/\/hamburdehesa.com\/en\/scottish-origin-of-aberdeen-angus-breed\/\"><br \/>\n\t\t\t\t\t\tDISCOVER IT<br \/>\n\t\t\t\t\t<\/a><br \/>\n\t\t\t\t\t\t\t\t\t\t\t\t\t\t\t<img decoding=\"async\" width=\"760\" height=\"354\" src=\"https:\/\/hamburdehesa.com\/wp-content\/uploads\/2024\/02\/hamburdehesa-wagyu-2x130-perspectiva.jpg\" alt=\"\" loading=\"lazy\" \/><br \/>\n\t\t\t\t\t\t\t\t\t\t\t\t\t\t\t<img decoding=\"async\" width=\"467\" height=\"88\" src=\"https:\/\/hamburdehesa.com\/wp-content\/uploads\/2024\/02\/iconos-bipack-angus-eng.png\" alt=\"hamburdehesa labari\" loading=\"lazy\" \/><br \/>\n\t\t\t\t\t\t\t\t\t\t\t\t\t\t\t<img decoding=\"async\" src=\"https:\/\/hamburdehesa.com\/wp-content\/uploads\/2024\/02\/icono-vaca-ov7hjrygjmfmx34cvhgm6dqxt0zuj3dmvtpol3b17i.png\" title=\"icono-vaca\" alt=\"hamburdehesa labari\" loading=\"lazy\" \/>\t\t\t\t\t\t\t\t\t\t\t\t\t\t\t<\/p>\n<h2>WAGYU BREED BEEF<\/p>\n<h3 style=\"font-family: var( --e-global-typography-primary-font-family ), Sans-serif;font-weight: var( --e-global-typography-primary-font-weight );letter-spacing: 1px\">2 X 130g<\/h3>\n<\/h2>\n<h3>2 X 130g<\/h3>\n<p>Hamburdehesa&#8217;s most exclusive premium proposal is only available for export. Known as one of the most exquisite meats in the world, our wagyu<br \/>\nbeef is raised in freedom in the best stress-free Spanish dehesa pastures. They constitute a unique ecosystem for<br \/>\nan extraordinary breed that produces a burger like no other.<\/p>\n<h3>ONLY AVAILABLE FOR EXPORT<\/h3>\n","protected":false},"excerpt":{"rendered":"<p>OUR PRODUCTS All our Hamburdehesas are distinguished by their allergen-free meat, exquisite flavour, superior quality and extraordinary juiciness. The secret of our hamburgers lies in how the livestock is raised. The meat comes from heifers raised free on the dehesa and fed with their mothers\u2019 milk and 100% natural vegetable animal feed. Excellent beef from [&hellip;]<\/p>\n","protected":false},"author":1,"featured_media":6044,"parent":0,"menu_order":0,"comment_status":"open","ping_status":"open","template":"","meta":{"_acf_changed":false,"footnotes":""},"class_list":["post-6154","page","type-page","status-publish","has-post-thumbnail","hentry"],"acf":[],"_links":{"self":[{"href":"https:\/\/hamburdehesa.com\/en\/wp-json\/wp\/v2\/pages\/6154","targetHints":{"allow":["GET"]}}],"collection":[{"href":"https:\/\/hamburdehesa.com\/en\/wp-json\/wp\/v2\/pages"}],"about":[{"href":"https:\/\/hamburdehesa.com\/en\/wp-json\/wp\/v2\/types\/page"}],"author":[{"embeddable":true,"href":"https:\/\/hamburdehesa.com\/en\/wp-json\/wp\/v2\/users\/1"}],"replies":[{"embeddable":true,"href":"https:\/\/hamburdehesa.com\/en\/wp-json\/wp\/v2\/comments?post=6154"}],"version-history":[{"count":0,"href":"https:\/\/hamburdehesa.com\/en\/wp-json\/wp\/v2\/pages\/6154\/revisions"}],"wp:featuredmedia":[{"embeddable":true,"href":"https:\/\/hamburdehesa.com\/en\/wp-json\/wp\/v2\/media\/6044"}],"wp:attachment":[{"href":"https:\/\/hamburdehesa.com\/en\/wp-json\/wp\/v2\/media?parent=6154"}],"curies":[{"name":"wp","href":"https:\/\/api.w.org\/{rel}","templated":true}]}}