{"id":10820,"date":"2024-05-16T13:33:27","date_gmt":"2024-05-16T11:33:27","guid":{"rendered":"https:\/\/hamburdehesa.com\/?page_id=10820"},"modified":"2024-05-16T13:45:46","modified_gmt":"2024-05-16T11:45:46","slug":"bases-del-sorteo-de-rasca-y-gana-para-el-jamon","status":"publish","type":"page","link":"https:\/\/hamburdehesa.com\/en\/bases-del-sorteo-de-rasca-y-gana-para-el-jamon\/","title":{"rendered":"Bases del sorteo de rasca y gana para El JAM\u00d3N"},"content":{"rendered":"\n<p>Embutidos Jabugo S.A.<\/p>\n\n\n\n<p>Embutidos Jabugo S.A., con domicilio social en Calle San Nicol\u00e1s Uno , 26, 41500 Alcal\u00e1 de Guada\u00edra, Sevilla y CIF A21044433, organiza un sorteo de rasca y gana entre sus clientes, con el fin de promocionar sus productos y fidelizar a su clientela.<\/p>\n\n\n\n<h2 class=\"wp-block-heading\">Requisitos de participaci\u00f3n<\/h2>\n\n\n\n<ul class=\"wp-block-list\">\n<li>Podr\u00e1n participar en el sorteo todas las personas f\u00edsicas mayores de 18 a\u00f1os que residan en el territorio nacional peninsular, y que realicen una compra de Hamburdehesa Smash en cualquiera de los establecimientos adheridos a la promoci\u00f3n pertenecientes a la ense\u00f1a EL JAM\u00d3N, CASH LEPE.<\/li>\n\n\n\n<li>La compra deber\u00e1 realizarse entre el 23 de mayo y el 26 de Junio de 2024, ambos inclusive.<\/li>\n\n\n\n<li>Por cada compra que cumpla los requisitos anteriores, el cliente tiene acceso a un boleto de rasca y gana digital, que deber\u00e1 rascar en el momento de la compra para comprobar si ha obtenido alg\u00fan premio.<\/li>\n\n\n\n<li>Cada cliente podr\u00e1 participar tantas veces como compras realice, siempre que cumpla las condiciones establecidas y use un correo electr\u00f3nico distinto y valido cada vez.<\/li>\n\n\n\n<li>Es imprescindible rellenar todos los campos solicitados.<\/li>\n\n\n\n<li>No podr\u00e1n participar en el sorteo los empleados de Embutidos Jabugo S.A. ni sus familiares directos, as\u00ed como los empleados de las empresas colaboradoras en la organizaci\u00f3n del sorteo.<\/li>\n\n\n\n<li>Quedan excluidos del sorteo y el env\u00edo de cualquier premio los territorios no nacionales ni los no peninsulares, as\u00ed como Ceuta y Melilla.<\/li>\n<\/ul>\n\n\n\n<h2 class=\"wp-block-heading\">Premios<\/h2>\n\n\n\n<ul class=\"wp-block-list\">\n<li>El sorteo consta de los siguientes premios:<\/li>\n\n\n\n<li>100 premios de vales para un Aplastador \u201cSmasher\u201d gratis a adquirir en la tienda online de Hamburdehesa.com<\/li>\n\n\n\n<li>100 premios de vales para un Aplastador \u201cSmasher\u201d al 50% de descuento a adquirir en la tienda online de Hamburdehesa.com<\/li>\n\n\n\n<li>Los premios no son acumulables ni transferibles, y est\u00e1n sujetos a la normativa fiscal vigente.<\/li>\n<\/ul>\n\n\n\n<h2 class=\"wp-block-heading\">Mec\u00e1nica del sorteo<\/h2>\n\n\n\n<ul class=\"wp-block-list\">\n<li>El cliente mediante los c\u00f3digos QR o URL del sorteo indicados en los Stoppers del establecimiento puede acceder a la rasca digital.<\/li>\n\n\n\n<li>Tras confirmar que es mayor de edad, rellenar correo electr\u00f3nico, nombre y apellido y el n\u00famero de tickets del establecimiento donde ha realizado la compra,\u00a0<\/li>\n\n\n\n<li>Accede al sorteo aleatorio mediante el rasca digital.<\/li>\n\n\n\n<li>Tras rascar pantalla, el usuario descubre si ha perdido o si ha ganado el smasher gratis o el smasher al 50%. Adem\u00e1s, se le indica que le llegar\u00e1 un mail a su correo, tanto si gana al 100%, si gana al 50% o pierde. Los clientes que hayan obtenido un premio deber\u00e1n conservar el ticket de compra original.<\/li>\n\n\n\n<li>Los rascas premiados recibir\u00e1n un correo indicando el tipo de premio y solicitando una foto del ticket original de compra, que deber\u00e1 ser enviada a <a href=\"mailto:sorteo@hamburdehesa.com\">sorteo@hamburdehesa.com<\/a>.<\/li>\n\n\n\n<li>Solo se admitir\u00e1n tickets de la prueba de compra cuyo n\u00famero coincida con el introducido durante el proceso y cuya fecha y hora de compra sea anterior a ejecutar el rasca, invalidando el premio si no se cumple ambos requisitos.<\/li>\n\n\n\n<li>Embutidos Jabugo, S.A. se reserva el derecho de solicitar el ticket de compra original si as\u00ed lo considera necesario para garantizar la compra efectiva.<\/li>\n\n\n\n<li>En el plazo de 5 d\u00edas laborable el personal de Embutidos Jabugo S.A. comprobar\u00e1 que todos los datos y requisitos son correctos, invalidando cualquier participaci\u00f3n que no cumpla los puntos anteriores.<\/li>\n\n\n\n<li>Los clientes que hayan obtenido un premio recibir\u00e1n un c\u00f3digo para la tienda on line de <a href=\"http:\/\/www.hamburdehesa.com\">www.hamburdehesa.com<\/a> donde podr\u00e1n canjear su cup\u00f3n de descuento (100% o 50%) realizando la adquisici\u00f3n del Smasher, en un plazo m\u00e1ximo de 7 d\u00edas naturales desde la fecha del rasca. Pasado el plazo de 7 d\u00edas naturales sin realizar el canje, el premio queda invalidado<\/li>\n\n\n\n<li>Los premios no reclamados o no canjeados en los plazos indicados quedar\u00e1n en propiedad de Embutidos Jabugo S.A., que podr\u00e1 disponer de ellos a su criterio.<\/li>\n\n\n\n<li>Los premios no recepcionados en el domicilio indicado, en primera entrega, podr\u00e1n ser anulados o solicitado un recargo por portes.<\/li>\n<\/ul>\n\n\n\n<h2 class=\"wp-block-heading\">Protecci\u00f3n de datos<\/h2>\n\n\n\n<ul class=\"wp-block-list\">\n<li>Los datos personales de los participantes en el sorteo ser\u00e1n tratados por Embutidos Jabugo S.A. con la finalidad de gestionar el sorteo, entregar los premios y enviar comunicaciones comerciales sobre sus productos y servicios, siempre que el participante haya dado su consentimiento expreso.<\/li>\n\n\n\n<li>Los datos personales de los participantes no ser\u00e1n cedidos a terceros, salvo obligaci\u00f3n legal o consentimiento del interesado.<\/li>\n\n\n\n<li>Los participantes podr\u00e1n ejercer sus derechos de acceso, rectificaci\u00f3n, supresi\u00f3n, oposici\u00f3n, limitaci\u00f3n y portabilidad de sus datos, as\u00ed como revocar su consentimiento, mediante correo electr\u00f3nico a la direcci\u00f3n info@hamburdehesa.com, indicando en el asunto &#8220;Sorteo de rasca y gana&#8221;.<\/li>\n\n\n\n<li>Los participantes podr\u00e1n consultar la pol\u00edtica de privacidad de Embutidos Jabugo S.A. en su p\u00e1gina web www.hamburdehesa.com.<\/li>\n<\/ul>\n\n\n\n<h2 class=\"wp-block-heading\">Aceptaci\u00f3n de las bases<\/h2>\n\n\n\n<ul class=\"wp-block-list\">\n<li>La participaci\u00f3n en el sorteo implica la aceptaci\u00f3n de las presentes bases, que podr\u00e1n ser consultadas en la p\u00e1gina web www.hamburdehesa.<\/li>\n\n\n\n<li>Embutidos Jabugo S.A. se reserva el derecho de modificar, suspender o cancelar el sorteo por causas justificadas, sin que ello implique responsabilidad alguna para los participantes.<\/li>\n\n\n\n<li>Cualquier reclamaci\u00f3n o controversia derivada del sorteo ser\u00e1 resuelta por los tribunales competentes de Sevilla, con renuncia expresa a cualquier otro fuero que pudiera corresponder.<\/li>\n<\/ul>\n\n\n\n<div style=\"height:100px\" aria-hidden=\"true\" class=\"wp-block-spacer\"><\/div>\n","protected":false},"excerpt":{"rendered":"<p>Embutidos Jabugo S.A. Embutidos Jabugo S.A., con domicilio social en Calle San Nicol\u00e1s Uno , 26, 41500 Alcal\u00e1 de Guada\u00edra, Sevilla y CIF A21044433, organiza un sorteo de rasca y gana entre sus clientes, con el fin de promocionar sus productos y fidelizar a su clientela. Requisitos de participaci\u00f3n Premios Mec\u00e1nica del sorteo Protecci\u00f3n de [&hellip;]<\/p>\n","protected":false},"author":1,"featured_media":0,"parent":0,"menu_order":0,"comment_status":"closed","ping_status":"closed","template":"","meta":{"_acf_changed":false,"footnotes":""},"class_list":["post-10820","page","type-page","status-publish","hentry"],"acf":[],"_links":{"self":[{"href":"https:\/\/hamburdehesa.com\/en\/wp-json\/wp\/v2\/pages\/10820","targetHints":{"allow":["GET"]}}],"collection":[{"href":"https:\/\/hamburdehesa.com\/en\/wp-json\/wp\/v2\/pages"}],"about":[{"href":"https:\/\/hamburdehesa.com\/en\/wp-json\/wp\/v2\/types\/page"}],"author":[{"embeddable":true,"href":"https:\/\/hamburdehesa.com\/en\/wp-json\/wp\/v2\/users\/1"}],"replies":[{"embeddable":true,"href":"https:\/\/hamburdehesa.com\/en\/wp-json\/wp\/v2\/comments?post=10820"}],"version-history":[{"count":0,"href":"https:\/\/hamburdehesa.com\/en\/wp-json\/wp\/v2\/pages\/10820\/revisions"}],"wp:attachment":[{"href":"https:\/\/hamburdehesa.com\/en\/wp-json\/wp\/v2\/media?parent=10820"}],"curies":[{"name":"wp","href":"https:\/\/api.w.org\/{rel}","templated":true}]}}