{"id":13521,"date":"2026-02-23T19:53:21","date_gmt":"2026-02-23T18:53:21","guid":{"rendered":"https:\/\/hamburdehesa.com\/productos\/proteinreicher-rindfleisch-burger\/"},"modified":"2026-03-24T09:05:32","modified_gmt":"2026-03-24T08:05:32","slug":"proteinreicher-rindfleisch-burger","status":"publish","type":"product","link":"https:\/\/hamburdehesa.com\/de\/produkte\/proteinreicher-rindfleisch-burger\/","title":{"rendered":"Proteinreicher Rindfleisch-Burger"},"content":{"rendered":"","protected":false},"excerpt":{"rendered":"<p class=\"p1\">Wir pr\u00e4sentieren unseren neuen proteinreichen Rindfleisch-Burger, hergestellt aus ausgew\u00e4hlten Fleischst\u00fccken, die 27 g echtes Protein pro Einheit liefern. Eine Gourmet-Option, die Funktionalit\u00e4t, Saftigkeit und ein au\u00dfergew\u00f6hnliches sensorisches Profil vereint. Offizielles Produkt unter Lizenz des Spanischen Olympischen Komitees (COE) im Rahmen des Programms \u201eMedalla al Sabor\u201c. Verpackt in praktischen, vakuumierten Doppelpackungen, um Frische und h\u00f6chste Qualit\u00e4t zu gew\u00e4hrleisten.<\/p>\n","protected":false},"featured_media":13356,"template":"","meta":{"_acf_changed":false},"product_brand":[],"product_cat":[171,173,215],"product_tag":[],"class_list":{"0":"post-13521","1":"product","2":"type-product","3":"status-publish","4":"has-post-thumbnail","6":"product_cat-burger-de","7":"product_cat-rassen-de","8":"product_cat-sonderangebote","9":"product_shipping_class-kalt","11":"first","12":"instock","13":"taxable","14":"shipping-taxable","15":"purchasable","16":"product-type-simple"},"acf":[],"_links":{"self":[{"href":"https:\/\/hamburdehesa.com\/de\/wp-json\/wp\/v2\/product\/13521","targetHints":{"allow":["GET"]}}],"collection":[{"href":"https:\/\/hamburdehesa.com\/de\/wp-json\/wp\/v2\/product"}],"about":[{"href":"https:\/\/hamburdehesa.com\/de\/wp-json\/wp\/v2\/types\/product"}],"version-history":[{"count":1,"href":"https:\/\/hamburdehesa.com\/de\/wp-json\/wp\/v2\/product\/13521\/revisions"}],"predecessor-version":[{"id":13522,"href":"https:\/\/hamburdehesa.com\/de\/wp-json\/wp\/v2\/product\/13521\/revisions\/13522"}],"wp:featuredmedia":[{"embeddable":true,"href":"https:\/\/hamburdehesa.com\/de\/wp-json\/wp\/v2\/media\/13356"}],"wp:attachment":[{"href":"https:\/\/hamburdehesa.com\/de\/wp-json\/wp\/v2\/media?parent=13521"}],"wp:term":[{"taxonomy":"product_brand","embeddable":true,"href":"https:\/\/hamburdehesa.com\/de\/wp-json\/wp\/v2\/product_brand?post=13521"},{"taxonomy":"product_cat","embeddable":true,"href":"https:\/\/hamburdehesa.com\/de\/wp-json\/wp\/v2\/product_cat?post=13521"},{"taxonomy":"product_tag","embeddable":true,"href":"https:\/\/hamburdehesa.com\/de\/wp-json\/wp\/v2\/product_tag?post=13521"}],"curies":[{"name":"wp","href":"https:\/\/api.w.org\/{rel}","templated":true}]}}