{"id":12388,"date":"2025-03-19T17:15:32","date_gmt":"2025-03-19T16:15:32","guid":{"rendered":"https:\/\/hamburdehesa.com\/productos\/burger-cajun-style\/"},"modified":"2026-03-24T09:06:32","modified_gmt":"2026-03-24T08:06:32","slug":"burger-cajun-style","status":"publish","type":"product","link":"https:\/\/hamburdehesa.com\/de\/produkte\/burger-cajun-style\/","title":{"rendered":"Burger Cajun Style"},"content":{"rendered":"","protected":false},"excerpt":{"rendered":"<div>Lass dich von den lebendigen Geschm\u00e4ckern des amerikanischen S\u00fcdens mit diesem einzigartigen Burger mitrei\u00dfen. Der Hamburdehesa Cajun Style zeichnet sich durch sein Geheimrezept aus, das ger\u00e4ucherten Chipotle mit einer Mischung aus Cajun-Gew\u00fcrzen kombiniert und eine Explosion intensiver, leicht scharfer Aromen erzeugt. Jeder Bissen versetzt dich in die K\u00fcchen des S\u00fcdens, wo Tradition und Leidenschaft f\u00fcr gutes Essen zusammenkommen.<\/div>\n","protected":false},"featured_media":12194,"template":"","meta":{"_acf_changed":false},"product_brand":[],"product_cat":[171,245],"product_tag":[],"class_list":{"0":"post-12388","1":"product","2":"type-product","3":"status-publish","4":"has-post-thumbnail","6":"product_cat-burger-de","7":"product_cat-style-collection-de","8":"product_shipping_class-kalt","10":"first","11":"instock","12":"taxable","13":"shipping-taxable","14":"purchasable","15":"product-type-simple"},"acf":[],"_links":{"self":[{"href":"https:\/\/hamburdehesa.com\/de\/wp-json\/wp\/v2\/product\/12388","targetHints":{"allow":["GET"]}}],"collection":[{"href":"https:\/\/hamburdehesa.com\/de\/wp-json\/wp\/v2\/product"}],"about":[{"href":"https:\/\/hamburdehesa.com\/de\/wp-json\/wp\/v2\/types\/product"}],"version-history":[{"count":1,"href":"https:\/\/hamburdehesa.com\/de\/wp-json\/wp\/v2\/product\/12388\/revisions"}],"predecessor-version":[{"id":13509,"href":"https:\/\/hamburdehesa.com\/de\/wp-json\/wp\/v2\/product\/12388\/revisions\/13509"}],"wp:featuredmedia":[{"embeddable":true,"href":"https:\/\/hamburdehesa.com\/de\/wp-json\/wp\/v2\/media\/12194"}],"wp:attachment":[{"href":"https:\/\/hamburdehesa.com\/de\/wp-json\/wp\/v2\/media?parent=12388"}],"wp:term":[{"taxonomy":"product_brand","embeddable":true,"href":"https:\/\/hamburdehesa.com\/de\/wp-json\/wp\/v2\/product_brand?post=12388"},{"taxonomy":"product_cat","embeddable":true,"href":"https:\/\/hamburdehesa.com\/de\/wp-json\/wp\/v2\/product_cat?post=12388"},{"taxonomy":"product_tag","embeddable":true,"href":"https:\/\/hamburdehesa.com\/de\/wp-json\/wp\/v2\/product_tag?post=12388"}],"curies":[{"name":"wp","href":"https:\/\/api.w.org\/{rel}","templated":true}]}}