{"id":12384,"date":"2025-03-19T14:48:02","date_gmt":"2025-03-19T13:48:02","guid":{"rendered":"https:\/\/hamburdehesa.com\/productos\/burger-bbq-texas-style\/"},"modified":"2026-03-24T09:06:52","modified_gmt":"2026-03-24T08:06:52","slug":"burger-bbq-texas-style","status":"publish","type":"product","link":"https:\/\/hamburdehesa.com\/de\/produkte\/burger-bbq-texas-style\/","title":{"rendered":"Burger BBQ Texas Style"},"content":{"rendered":"","protected":false},"excerpt":{"rendered":"<div>Eine direkte Reise ins Herz von Texas. Mit einem sanften und k\u00f6stlichen Barbecue-Geschmack kombiniert dieser Burger saftiges, hochwertiges Fleisch mit einem Rezept, das von den legend\u00e4ren texanischen Barbecues inspiriert ist. Rauchige und s\u00fc\u00dfe Aromen, die perfekte Kombination f\u00fcr diejenigen, die ein authentisches texanisches Erlebnis suchen.<\/div>\n","protected":false},"featured_media":12190,"template":"","meta":{"_acf_changed":false},"product_brand":[],"product_cat":[171,245],"product_tag":[],"class_list":{"0":"post-12384","1":"product","2":"type-product","3":"status-publish","4":"has-post-thumbnail","6":"product_cat-burger-de","7":"product_cat-style-collection-de","8":"product_shipping_class-kalt","10":"first","11":"instock","12":"taxable","13":"shipping-taxable","14":"purchasable","15":"product-type-simple"},"acf":[],"_links":{"self":[{"href":"https:\/\/hamburdehesa.com\/de\/wp-json\/wp\/v2\/product\/12384","targetHints":{"allow":["GET"]}}],"collection":[{"href":"https:\/\/hamburdehesa.com\/de\/wp-json\/wp\/v2\/product"}],"about":[{"href":"https:\/\/hamburdehesa.com\/de\/wp-json\/wp\/v2\/types\/product"}],"version-history":[{"count":6,"href":"https:\/\/hamburdehesa.com\/de\/wp-json\/wp\/v2\/product\/12384\/revisions"}],"predecessor-version":[{"id":13510,"href":"https:\/\/hamburdehesa.com\/de\/wp-json\/wp\/v2\/product\/12384\/revisions\/13510"}],"wp:featuredmedia":[{"embeddable":true,"href":"https:\/\/hamburdehesa.com\/de\/wp-json\/wp\/v2\/media\/12190"}],"wp:attachment":[{"href":"https:\/\/hamburdehesa.com\/de\/wp-json\/wp\/v2\/media?parent=12384"}],"wp:term":[{"taxonomy":"product_brand","embeddable":true,"href":"https:\/\/hamburdehesa.com\/de\/wp-json\/wp\/v2\/product_brand?post=12384"},{"taxonomy":"product_cat","embeddable":true,"href":"https:\/\/hamburdehesa.com\/de\/wp-json\/wp\/v2\/product_cat?post=12384"},{"taxonomy":"product_tag","embeddable":true,"href":"https:\/\/hamburdehesa.com\/de\/wp-json\/wp\/v2\/product_tag?post=12384"}],"curies":[{"name":"wp","href":"https:\/\/api.w.org\/{rel}","templated":true}]}}