{"id":10350,"date":"2024-02-01T16:27:02","date_gmt":"2024-02-01T15:27:02","guid":{"rendered":"https:\/\/hamburdehesa.com\/productos\/dehesa-faersenburger\/"},"modified":"2026-03-24T09:10:46","modified_gmt":"2026-03-24T08:10:46","slug":"dehesa-faersenburger","status":"publish","type":"product","link":"https:\/\/hamburdehesa.com\/de\/produkte\/dehesa-faersenburger\/","title":{"rendered":"Dehesa F\u00e4rsenburger"},"content":{"rendered":"","protected":false},"excerpt":{"rendered":"<p>Unser Spitzenhamburger. 100% echtes Fleisch der in der Dehesa gez\u00fcchteten F\u00e4rse. Mit Oliven\u00f6l hergestellt. Genie\u00dfen Sie den vollen Geschmack mit einer Energiezufuhr von 130 kcal und weniger als 6% Fett. Wird in einer individuellen Doppelverpackung pr\u00e4sentiert.<\/p>\n","protected":false},"featured_media":11957,"template":"","meta":{"_acf_changed":false},"product_brand":[],"product_cat":[171,172,212],"product_tag":[],"class_list":{"0":"post-10350","1":"product","2":"type-product","3":"status-publish","4":"has-post-thumbnail","6":"product_cat-burger-de","7":"product_cat-das-gastgewerbe-de","8":"product_cat-stile","9":"product_shipping_class-kalt","11":"first","12":"instock","13":"taxable","14":"shipping-taxable","15":"purchasable","16":"product-type-simple"},"acf":[],"_links":{"self":[{"href":"https:\/\/hamburdehesa.com\/de\/wp-json\/wp\/v2\/product\/10350","targetHints":{"allow":["GET"]}}],"collection":[{"href":"https:\/\/hamburdehesa.com\/de\/wp-json\/wp\/v2\/product"}],"about":[{"href":"https:\/\/hamburdehesa.com\/de\/wp-json\/wp\/v2\/types\/product"}],"version-history":[{"count":1,"href":"https:\/\/hamburdehesa.com\/de\/wp-json\/wp\/v2\/product\/10350\/revisions"}],"predecessor-version":[{"id":13520,"href":"https:\/\/hamburdehesa.com\/de\/wp-json\/wp\/v2\/product\/10350\/revisions\/13520"}],"wp:featuredmedia":[{"embeddable":true,"href":"https:\/\/hamburdehesa.com\/de\/wp-json\/wp\/v2\/media\/11957"}],"wp:attachment":[{"href":"https:\/\/hamburdehesa.com\/de\/wp-json\/wp\/v2\/media?parent=10350"}],"wp:term":[{"taxonomy":"product_brand","embeddable":true,"href":"https:\/\/hamburdehesa.com\/de\/wp-json\/wp\/v2\/product_brand?post=10350"},{"taxonomy":"product_cat","embeddable":true,"href":"https:\/\/hamburdehesa.com\/de\/wp-json\/wp\/v2\/product_cat?post=10350"},{"taxonomy":"product_tag","embeddable":true,"href":"https:\/\/hamburdehesa.com\/de\/wp-json\/wp\/v2\/product_tag?post=10350"}],"curies":[{"name":"wp","href":"https:\/\/api.w.org\/{rel}","templated":true}]}}