{"id":10344,"date":"2024-02-01T16:31:40","date_gmt":"2024-02-01T15:31:40","guid":{"rendered":"https:\/\/hamburdehesa.com\/productos\/dehesa-xl-faersenburger\/"},"modified":"2026-03-24T09:10:24","modified_gmt":"2026-03-24T08:10:24","slug":"dehesa-xl-faersenburger","status":"publish","type":"product","link":"https:\/\/hamburdehesa.com\/de\/produkte\/dehesa-xl-faersenburger\/","title":{"rendered":"Dehesa XL F\u00e4rsenburger"},"content":{"rendered":"","protected":false},"excerpt":{"rendered":"<p>F\u00fcr diejenigen, die mehr wollen. Exquisites Fleisch der in der Dehesa gez\u00fcchteten F\u00e4rse in XL-Format. Ausgezeichnete nutritive Eigenschaften, mit weniger als 6% Fett und mit Oliven\u00f6l hergestellt. Maximaler Geschmack f\u00fcr eine gr\u00f6\u00dfere Gr\u00f6\u00dfe: 200 Gramm. In individuellen Zweier-Verpackungen verf\u00fcgbar.<\/p>\n","protected":false},"featured_media":6608,"template":"","meta":{"_acf_changed":false},"product_brand":[],"product_cat":[171,172,212],"product_tag":[],"class_list":{"0":"post-10344","1":"product","2":"type-product","3":"status-publish","4":"has-post-thumbnail","6":"product_cat-burger-de","7":"product_cat-das-gastgewerbe-de","8":"product_cat-stile","9":"product_shipping_class-kalt","11":"first","12":"instock","13":"taxable","14":"shipping-taxable","15":"purchasable","16":"product-type-simple"},"acf":[],"_links":{"self":[{"href":"https:\/\/hamburdehesa.com\/de\/wp-json\/wp\/v2\/product\/10344","targetHints":{"allow":["GET"]}}],"collection":[{"href":"https:\/\/hamburdehesa.com\/de\/wp-json\/wp\/v2\/product"}],"about":[{"href":"https:\/\/hamburdehesa.com\/de\/wp-json\/wp\/v2\/types\/product"}],"version-history":[{"count":1,"href":"https:\/\/hamburdehesa.com\/de\/wp-json\/wp\/v2\/product\/10344\/revisions"}],"predecessor-version":[{"id":13519,"href":"https:\/\/hamburdehesa.com\/de\/wp-json\/wp\/v2\/product\/10344\/revisions\/13519"}],"wp:featuredmedia":[{"embeddable":true,"href":"https:\/\/hamburdehesa.com\/de\/wp-json\/wp\/v2\/media\/6608"}],"wp:attachment":[{"href":"https:\/\/hamburdehesa.com\/de\/wp-json\/wp\/v2\/media?parent=10344"}],"wp:term":[{"taxonomy":"product_brand","embeddable":true,"href":"https:\/\/hamburdehesa.com\/de\/wp-json\/wp\/v2\/product_brand?post=10344"},{"taxonomy":"product_cat","embeddable":true,"href":"https:\/\/hamburdehesa.com\/de\/wp-json\/wp\/v2\/product_cat?post=10344"},{"taxonomy":"product_tag","embeddable":true,"href":"https:\/\/hamburdehesa.com\/de\/wp-json\/wp\/v2\/product_tag?post=10344"}],"curies":[{"name":"wp","href":"https:\/\/api.w.org\/{rel}","templated":true}]}}