{"id":10317,"date":"2024-02-01T16:39:11","date_gmt":"2024-02-01T15:39:11","guid":{"rendered":"https:\/\/hamburdehesa.com\/productos\/avilena-rindfleisch-burger\/"},"modified":"2026-03-24T09:09:09","modified_gmt":"2026-03-24T08:09:09","slug":"avilena-rindfleisch-burger","status":"publish","type":"product","link":"https:\/\/hamburdehesa.com\/de\/produkte\/avilena-rindfleisch-burger\/","title":{"rendered":"Rind der Avile\u00f1a-rasse"},"content":{"rendered":"","protected":false},"excerpt":{"rendered":"<p>Exklusives Rindfleisch von der einheimischen Rasse Avile\u00f1a-Negra Ib\u00e9rica mit schwarzem Fell, zertifiziert als Carne de Avila, G.G.A. Das auserlesenste Fleisch von Gredos bis Avila f\u00fcr den Hamburdehesa Avile\u00f1a in Doppel-Skin-Verpackung.<\/p>\n","protected":false},"featured_media":7760,"template":"","meta":{"_acf_changed":false},"product_brand":[],"product_cat":[171,173],"product_tag":[],"class_list":{"0":"post-10317","1":"product","2":"type-product","3":"status-publish","4":"has-post-thumbnail","6":"product_cat-burger-de","7":"product_cat-rassen-de","8":"product_shipping_class-kalt","10":"first","11":"instock","12":"taxable","13":"shipping-taxable","14":"purchasable","15":"product-type-simple"},"acf":[],"_links":{"self":[{"href":"https:\/\/hamburdehesa.com\/de\/wp-json\/wp\/v2\/product\/10317","targetHints":{"allow":["GET"]}}],"collection":[{"href":"https:\/\/hamburdehesa.com\/de\/wp-json\/wp\/v2\/product"}],"about":[{"href":"https:\/\/hamburdehesa.com\/de\/wp-json\/wp\/v2\/types\/product"}],"version-history":[{"count":2,"href":"https:\/\/hamburdehesa.com\/de\/wp-json\/wp\/v2\/product\/10317\/revisions"}],"predecessor-version":[{"id":13395,"href":"https:\/\/hamburdehesa.com\/de\/wp-json\/wp\/v2\/product\/10317\/revisions\/13395"}],"wp:featuredmedia":[{"embeddable":true,"href":"https:\/\/hamburdehesa.com\/de\/wp-json\/wp\/v2\/media\/7760"}],"wp:attachment":[{"href":"https:\/\/hamburdehesa.com\/de\/wp-json\/wp\/v2\/media?parent=10317"}],"wp:term":[{"taxonomy":"product_brand","embeddable":true,"href":"https:\/\/hamburdehesa.com\/de\/wp-json\/wp\/v2\/product_brand?post=10317"},{"taxonomy":"product_cat","embeddable":true,"href":"https:\/\/hamburdehesa.com\/de\/wp-json\/wp\/v2\/product_cat?post=10317"},{"taxonomy":"product_tag","embeddable":true,"href":"https:\/\/hamburdehesa.com\/de\/wp-json\/wp\/v2\/product_tag?post=10317"}],"curies":[{"name":"wp","href":"https:\/\/api.w.org\/{rel}","templated":true}]}}