{"id":10296,"date":"2024-02-01T16:42:50","date_gmt":"2024-02-01T15:42:50","guid":{"rendered":"https:\/\/hamburdehesa.com\/productos\/asturischer-rindfleischburger\/"},"modified":"2026-03-24T09:08:53","modified_gmt":"2026-03-24T08:08:53","slug":"asturischer-rindfleischburger","status":"publish","type":"product","link":"https:\/\/hamburdehesa.com\/de\/produkte\/asturischer-rindfleischburger\/","title":{"rendered":"Rind der Asturischer-rasse"},"content":{"rendered":"","protected":false},"excerpt":{"rendered":"<p>Exquisites Fleisch von asturischem Rind zertifiziert als \u201eTernera Asturiana\u201c G.G.A. und als Garantiemarke \u201eVacuno Mayor Asturiano\u201c (asturisches Gro\u00dfrind). Die Erzeugung von diesem asturischem Rindfleisch erfolgt nach Methoden traditioneller Bewirtschaftung, respektvoll gegen\u00fcber der Umwelt und gegen\u00fcber dem Tierwohl bei der Zucht. Der Hamburdehesa del Norte pr\u00e4sentiert sich in einer Doppel-Skin-Verpackung.<\/p>\n","protected":false},"featured_media":11941,"template":"","meta":{"_acf_changed":false},"product_brand":[],"product_cat":[171,170,173],"product_tag":[],"class_list":{"0":"post-10296","1":"product","2":"type-product","3":"status-publish","4":"has-post-thumbnail","6":"product_cat-burger-de","7":"product_cat-dehesa-beef-de","8":"product_cat-rassen-de","9":"product_shipping_class-kalt","11":"first","12":"outofstock","13":"taxable","14":"shipping-taxable","15":"purchasable","16":"product-type-simple"},"acf":[],"_links":{"self":[{"href":"https:\/\/hamburdehesa.com\/de\/wp-json\/wp\/v2\/product\/10296","targetHints":{"allow":["GET"]}}],"collection":[{"href":"https:\/\/hamburdehesa.com\/de\/wp-json\/wp\/v2\/product"}],"about":[{"href":"https:\/\/hamburdehesa.com\/de\/wp-json\/wp\/v2\/types\/product"}],"version-history":[{"count":2,"href":"https:\/\/hamburdehesa.com\/de\/wp-json\/wp\/v2\/product\/10296\/revisions"}],"predecessor-version":[{"id":13515,"href":"https:\/\/hamburdehesa.com\/de\/wp-json\/wp\/v2\/product\/10296\/revisions\/13515"}],"wp:featuredmedia":[{"embeddable":true,"href":"https:\/\/hamburdehesa.com\/de\/wp-json\/wp\/v2\/media\/11941"}],"wp:attachment":[{"href":"https:\/\/hamburdehesa.com\/de\/wp-json\/wp\/v2\/media?parent=10296"}],"wp:term":[{"taxonomy":"product_brand","embeddable":true,"href":"https:\/\/hamburdehesa.com\/de\/wp-json\/wp\/v2\/product_brand?post=10296"},{"taxonomy":"product_cat","embeddable":true,"href":"https:\/\/hamburdehesa.com\/de\/wp-json\/wp\/v2\/product_cat?post=10296"},{"taxonomy":"product_tag","embeddable":true,"href":"https:\/\/hamburdehesa.com\/de\/wp-json\/wp\/v2\/product_tag?post=10296"}],"curies":[{"name":"wp","href":"https:\/\/api.w.org\/{rel}","templated":true}]}}