{"id":10293,"date":"2024-02-01T16:44:38","date_gmt":"2024-02-01T15:44:38","guid":{"rendered":"https:\/\/hamburdehesa.com\/productos\/angus-beef-burger\/"},"modified":"2026-03-24T09:08:05","modified_gmt":"2026-03-24T08:08:05","slug":"angus-beef-burger","status":"publish","type":"product","link":"https:\/\/hamburdehesa.com\/de\/produkte\/angus-beef-burger\/","title":{"rendered":"Rind der Angus-rasse"},"content":{"rendered":"","protected":false},"excerpt":{"rendered":"<p>F\u00fcr die Anh\u00e4nger der Angus-Rasse, die dieses Fleisch lieben. Dieser Burger zeichnet sich durch seinen intensiven Geschmack, seine exzellente Textur und seine gro\u00dfe Saftigkeit aus. Er besitzt eine gro\u00dfe Zahl an unges\u00e4ttigten Fetts\u00e4uren, wodurch er einen tiefen Cholesteringehalt hat. In zwei einzelnen Verpackungen pr\u00e4sentiert.<\/p>\n","protected":false},"featured_media":6509,"template":"","meta":{"_acf_changed":false},"product_brand":[],"product_cat":[171,172,170,173],"product_tag":[],"class_list":{"0":"post-10293","1":"product","2":"type-product","3":"status-publish","4":"has-post-thumbnail","6":"product_cat-burger-de","7":"product_cat-das-gastgewerbe-de","8":"product_cat-dehesa-beef-de","9":"product_cat-rassen-de","10":"product_shipping_class-kalt","12":"first","13":"instock","14":"taxable","15":"shipping-taxable","16":"purchasable","17":"product-type-simple"},"acf":[],"_links":{"self":[{"href":"https:\/\/hamburdehesa.com\/de\/wp-json\/wp\/v2\/product\/10293","targetHints":{"allow":["GET"]}}],"collection":[{"href":"https:\/\/hamburdehesa.com\/de\/wp-json\/wp\/v2\/product"}],"about":[{"href":"https:\/\/hamburdehesa.com\/de\/wp-json\/wp\/v2\/types\/product"}],"version-history":[{"count":1,"href":"https:\/\/hamburdehesa.com\/de\/wp-json\/wp\/v2\/product\/10293\/revisions"}],"predecessor-version":[{"id":13513,"href":"https:\/\/hamburdehesa.com\/de\/wp-json\/wp\/v2\/product\/10293\/revisions\/13513"}],"wp:featuredmedia":[{"embeddable":true,"href":"https:\/\/hamburdehesa.com\/de\/wp-json\/wp\/v2\/media\/6509"}],"wp:attachment":[{"href":"https:\/\/hamburdehesa.com\/de\/wp-json\/wp\/v2\/media?parent=10293"}],"wp:term":[{"taxonomy":"product_brand","embeddable":true,"href":"https:\/\/hamburdehesa.com\/de\/wp-json\/wp\/v2\/product_brand?post=10293"},{"taxonomy":"product_cat","embeddable":true,"href":"https:\/\/hamburdehesa.com\/de\/wp-json\/wp\/v2\/product_cat?post=10293"},{"taxonomy":"product_tag","embeddable":true,"href":"https:\/\/hamburdehesa.com\/de\/wp-json\/wp\/v2\/product_tag?post=10293"}],"curies":[{"name":"wp","href":"https:\/\/api.w.org\/{rel}","templated":true}]}}