{"id":10276,"date":"2024-03-11T10:09:09","date_gmt":"2024-03-11T09:09:09","guid":{"rendered":"https:\/\/hamburdehesa.com\/productos\/smasher-hamburdehesa\/"},"modified":"2024-05-03T07:19:52","modified_gmt":"2024-05-03T05:19:52","slug":"smasher-hamburdehesa","status":"publish","type":"product","link":"https:\/\/hamburdehesa.com\/de\/produkte\/smasher-hamburdehesa\/","title":{"rendered":"Smasher Hamburdehesa"},"content":{"rendered":"","protected":false},"excerpt":{"rendered":"<p>Hamburdehesa-Edelstahlzertr\u00fcmmerer. Unser Smasher hat ein professionelles Design und ist viel leichter als die meisten anderen. Ideale Presse f\u00fcr Smash Burger, hergestellt aus Edelstahl 304, kratzfest, langlebig und antihaftbeschichtet. Sie k\u00f6nnen Ihren Burgerzerkleinerer ganz einfach in der Sp\u00fcle oder direkt in Ihrer Sp\u00fclmaschine reinigen.<\/p>\n","protected":false},"featured_media":9003,"template":"","meta":{"_acf_changed":false},"product_brand":[],"product_cat":[206],"product_tag":[],"class_list":{"0":"post-10276","1":"product","2":"type-product","3":"status-publish","4":"has-post-thumbnail","6":"product_cat-smash-de","8":"first","9":"instock","10":"sale","11":"taxable","12":"shipping-taxable","13":"purchasable","14":"product-type-simple"},"acf":[],"_links":{"self":[{"href":"https:\/\/hamburdehesa.com\/de\/wp-json\/wp\/v2\/product\/10276","targetHints":{"allow":["GET"]}}],"collection":[{"href":"https:\/\/hamburdehesa.com\/de\/wp-json\/wp\/v2\/product"}],"about":[{"href":"https:\/\/hamburdehesa.com\/de\/wp-json\/wp\/v2\/types\/product"}],"version-history":[{"count":0,"href":"https:\/\/hamburdehesa.com\/de\/wp-json\/wp\/v2\/product\/10276\/revisions"}],"wp:featuredmedia":[{"embeddable":true,"href":"https:\/\/hamburdehesa.com\/de\/wp-json\/wp\/v2\/media\/9003"}],"wp:attachment":[{"href":"https:\/\/hamburdehesa.com\/de\/wp-json\/wp\/v2\/media?parent=10276"}],"wp:term":[{"taxonomy":"product_brand","embeddable":true,"href":"https:\/\/hamburdehesa.com\/de\/wp-json\/wp\/v2\/product_brand?post=10276"},{"taxonomy":"product_cat","embeddable":true,"href":"https:\/\/hamburdehesa.com\/de\/wp-json\/wp\/v2\/product_cat?post=10276"},{"taxonomy":"product_tag","embeddable":true,"href":"https:\/\/hamburdehesa.com\/de\/wp-json\/wp\/v2\/product_tag?post=10276"}],"curies":[{"name":"wp","href":"https:\/\/api.w.org\/{rel}","templated":true}]}}