{"id":9875,"date":"2024-04-01T20:33:27","date_gmt":"2024-04-01T18:33:27","guid":{"rendered":"https:\/\/hamburdehesa.com\/?page_id=9875"},"modified":"2025-08-28T15:05:14","modified_gmt":"2025-08-28T13:05:14","slug":"home-deutsch-2","status":"publish","type":"page","link":"https:\/\/hamburdehesa.com\/de\/","title":{"rendered":"Hamburdehesa"},"content":{"rendered":"<h4>AUSGEZEICHNETES FLEISCH AUS SPANISCHEN WEIDEN<\/h4>\n<p><img loading=\"lazy\" decoding=\"async\" src=\"https:\/\/hamburdehesa.com\/wp-content\/uploads\/2024\/02\/logo-hamburdehesa-sobre-negro.svg\" alt=\"\" width=\"517\" height=\"140\" \/><\/p>\n<h1>DER FELDBURGER<\/h1>\n<p>Vom Marschland bis ins Gebirge bilden gr\u00fcne Weiden, Stein- und Korkeichen sowie Kastanien ein ausgeglichenes \u00d6kosystem, wo unsere Viehherden weiden.<\/p>\n<p>Das ausgezeichnete Fleisch unserer Hamburger stammt aus den Dehesas (spanischen Weiden) im S\u00fcdwesten der Iberischen Halbinsel, dem nat\u00fcrlichen Ursprungsort gastronomischer Juwelen und einem unvergleichlichen Umfeld f\u00fcr die Freilandhaltung des besten Viehs.<\/p>\n<p><img decoding=\"async\" title=\"arbolitos\" src=\"https:\/\/hamburdehesa.com\/wp-content\/uploads\/2024\/02\/arbolitos-ov7hjrykl7z20p0ja444vi767gz9q5zps1944wrtvk.png\" alt=\"hamburdehesa labari\" \/><\/p>\n<h2>DER GESCHMACK<\/h2>\n<p>Ausgezeichnetes Fleisch, Vorderst\u00fccke, Hinterteile und Lendenst\u00fccke verleihen Hamburdehesa einen einzigartigen Geschmack, den man ab dem ersten Bissen sp\u00fcrt.<\/p>\n<p>Hamburdehesa ist ideal, um mit Saucen und verschiedenen Zutaten kombiniert zu werden, ohne dass dabei der Originalgeschmack des guten Fleisches verloren geht.<\/p>\n<p><img decoding=\"async\" title=\"icono-vaca\" src=\"https:\/\/hamburdehesa.com\/wp-content\/uploads\/2024\/02\/icono-vaca-ov7hjrygjmfmx34cvhgm6dqxt0zuj3dmvtpol3b17i.png\" alt=\"hamburdehesa labari\" \/><\/p>\n<h2>DIE F\u00c4RSE<\/h2>\n<p style=\"text-align: center;\">Unsere Spitzen-Hamburdehesa aus zartem Fleisch, sehr fettarm und mit Oliven\u00f6l hergestellt.<br \/>\nStammt von F\u00e4rsen in Freilandhaltung aus den besten Dehesas.<br \/>\nNur 129,7 kcal pro 100 Gramm.<\/p>\n<p>Erh\u00e4ltlich mit 130 Gramm und in Gr\u00f6\u00dfe XL f\u00fcr anspruchsvolle Fleischesser.<\/p>\n<p><img loading=\"lazy\" decoding=\"async\" src=\"https:\/\/hamburdehesa.com\/wp-content\/uploads\/2024\/02\/hamburdehesa-steakhouse-2x130-2023-frontal.jpg\" sizes=\"auto, (max-width: 760px) 100vw, 760px\" srcset=\"https:\/\/hamburdehesa.com\/wp-content\/uploads\/2024\/02\/hamburdehesa-steakhouse-2x130-2023-frontal.jpg 760w, https:\/\/hamburdehesa.com\/wp-content\/uploads\/2023\/08\/hamburdehesa-steakhouse-2x130-2023-frontal-300x149.jpg 300w, https:\/\/hamburdehesa.com\/wp-content\/uploads\/2023\/08\/hamburdehesa-steakhouse-2x130-2023-frontal-600x298.jpg 600w\" alt=\"\" width=\"760\" height=\"378\" \/><br \/>\n<img loading=\"lazy\" decoding=\"async\" src=\"https:\/\/hamburdehesa.com\/wp-content\/uploads\/2024\/02\/hamburdehesa-steakhouse-xl-2x200-2023-frontal.jpg\" sizes=\"auto, (max-width: 760px) 100vw, 760px\" srcset=\"https:\/\/hamburdehesa.com\/wp-content\/uploads\/2024\/02\/hamburdehesa-steakhouse-xl-2x200-2023-frontal.jpg 760w, https:\/\/hamburdehesa.com\/wp-content\/uploads\/2023\/08\/hamburdehesa-steakhouse-xl-2x200-2023-frontal-300x149.jpg 300w, https:\/\/hamburdehesa.com\/wp-content\/uploads\/2023\/08\/hamburdehesa-steakhouse-xl-2x200-2023-frontal-600x298.jpg 600w\" alt=\"\" width=\"760\" height=\"378\" \/><br \/>\n<a href=\"https:\/\/hamburdehesa.com\/de\/unsere-produkte\/\"><br \/>\nENTDECKEN SIE<br \/>\n<\/a><br \/>\n<img decoding=\"async\" title=\"icono-vaca\" src=\"https:\/\/hamburdehesa.com\/wp-content\/uploads\/2024\/02\/icono-vaca-ov7hjrygjmfmx34cvhgm6dqxt0zuj3dmvtpol3b17i.png\" alt=\"hamburdehesa labari\" \/><\/p>\n<h2>OCHSE<\/h2>\n<p>Das Juwel von Hamburdehesa.<br \/>\nEin RINDFLEISCH Burger in<br \/>\nkontrollierter und limitierter<br \/>\nProduktion.<\/p>\n<p><img loading=\"lazy\" decoding=\"async\" src=\"https:\/\/hamburdehesa.com\/wp-content\/uploads\/2024\/02\/hamburdehesa-buey-2023-frontal.jpg\" sizes=\"auto, (max-width: 760px) 100vw, 760px\" srcset=\"https:\/\/hamburdehesa.com\/wp-content\/uploads\/2024\/02\/hamburdehesa-buey-2023-frontal.jpg 760w, https:\/\/hamburdehesa.com\/wp-content\/uploads\/2024\/02\/hamburdehesa-buey-2023-frontal-300x149-1.jpg 300w, https:\/\/hamburdehesa.com\/wp-content\/uploads\/2024\/02\/hamburdehesa-buey-2023-frontal-600x298-1.jpg 600w\" alt=\"\" width=\"760\" height=\"378\" \/><br \/>\n<a href=\"https:\/\/hamburdehesa.com\/de\/unsere-produkte\/\"><br \/>\nENTDECKEN SIE DIE QUALIT\u00c4T<br \/>\n<\/a><\/p>\n<h2>TEILEN<\/h2>\n<p>Die besten Momente sind immer die, die wir teilen und Hamburdehesa macht sie unvergesslich und schmackhaft.<br \/>\nGenie\u00dfen Sie eine k\u00f6stliche und gesunde Erfahrung dank unserer einfach zu transportierenden Verpackung.<br \/>\nKochen Sie so, wie es allen schmeckt, bestens geeignet f\u00fcr die Momente im Familien- und Freundeskreis.<br \/>\n<a href=\"https:\/\/hamburdehesa.com\/de\/blog-de\/\"><br \/>\nICH M\u00d6CHTE SIE \u00dcBERRASCHEN<br \/>\n<\/a><br \/>\n<img decoding=\"async\" title=\"icono-vaca\" src=\"https:\/\/hamburdehesa.com\/wp-content\/uploads\/2024\/02\/icono-vaca-ov7hjrygjmfmx34cvhgm6dqxt0zuj3dmvtpol3b17i.png\" alt=\"hamburdehesa labari\" \/><\/p>\n<h2>DIE RASSE<\/h2>\n<p>Die besten Fleischsorten stammen von ganz bestimmten Rassen und Hamburdehesa bietet eine Gourmet-Auswahl f\u00fcr die Liebhaber des echten Rinds. Rindfleischsorten der Rassen Retinta, Avile\u00f1a, Angus und Ternera Asturiana mit Fleisch von h\u00f6chster Qualit\u00e4t, das dank seines Aromas und Geschmacks, seiner Saftigkeit und Textur einen echten auserw\u00e4hlten Leckerbissen darstellt. Eine wahre Gaumenfreude.<br \/>\n<img loading=\"lazy\" decoding=\"async\" src=\"https:\/\/hamburdehesa.com\/wp-content\/uploads\/2023\/08\/hamburdehesa-deutschland-retinta-2x130-2023-front.jpg\" sizes=\"auto, (max-width: 760px) 100vw, 760px\" srcset=\"https:\/\/hamburdehesa.com\/wp-content\/uploads\/2023\/08\/hamburdehesa-deutschland-retinta-2x130-2023-front.jpg 760w, https:\/\/hamburdehesa.com\/wp-content\/uploads\/2023\/08\/hamburdehesa-deutschland-retinta-2x130-2023-front-300x149.jpg 300w, https:\/\/hamburdehesa.com\/wp-content\/uploads\/2023\/08\/hamburdehesa-deutschland-retinta-2x130-2023-front-600x298.jpg 600w\" alt=\"\" width=\"760\" height=\"378\" \/><br \/>\n<img loading=\"lazy\" decoding=\"async\" src=\"https:\/\/hamburdehesa.com\/wp-content\/uploads\/2023\/08\/hamburdehesa-deutschland-deutschland-angus-rasse-2x130-2023-front.jpg\" sizes=\"auto, (max-width: 760px) 100vw, 760px\" srcset=\"https:\/\/hamburdehesa.com\/wp-content\/uploads\/2023\/08\/hamburdehesa-deutschland-deutschland-angus-rasse-2x130-2023-front.jpg 760w, https:\/\/hamburdehesa.com\/wp-content\/uploads\/2023\/08\/hamburdehesa-deutschland-deutschland-angus-rasse-2x130-2023-front-300x149.jpg 300w, https:\/\/hamburdehesa.com\/wp-content\/uploads\/2023\/08\/hamburdehesa-deutschland-deutschland-angus-rasse-2x130-2023-front-600x298.jpg 600w\" alt=\"\" width=\"760\" height=\"378\" \/><br \/>\n<img loading=\"lazy\" decoding=\"async\" src=\"https:\/\/hamburdehesa.com\/wp-content\/uploads\/2024\/02\/hamburdehesa-wagyu-frontal.jpg\" sizes=\"auto, (max-width: 760px) 100vw, 760px\" srcset=\"https:\/\/hamburdehesa.com\/wp-content\/uploads\/2024\/02\/hamburdehesa-wagyu-frontal.jpg 760w, https:\/\/hamburdehesa.com\/wp-content\/uploads\/2024\/02\/hamburdehesa-wagyu-frontal-300x149-1.jpg 300w, https:\/\/hamburdehesa.com\/wp-content\/uploads\/2024\/02\/hamburdehesa-wagyu-frontal-600x298-1.jpg 600w\" alt=\"\" width=\"760\" height=\"378\" \/><br \/>\n<img loading=\"lazy\" decoding=\"async\" src=\"https:\/\/hamburdehesa.com\/wp-content\/uploads\/2023\/08\/hamburdehesa-deutschland-avilena-2x130-2023-front.jpg\" sizes=\"auto, (max-width: 760px) 100vw, 760px\" srcset=\"https:\/\/hamburdehesa.com\/wp-content\/uploads\/2023\/08\/hamburdehesa-deutschland-avilena-2x130-2023-front.jpg 760w, https:\/\/hamburdehesa.com\/wp-content\/uploads\/2023\/08\/hamburdehesa-deutschland-avilena-2x130-2023-front-300x149.jpg 300w, https:\/\/hamburdehesa.com\/wp-content\/uploads\/2023\/08\/hamburdehesa-deutschland-avilena-2x130-2023-front-600x298.jpg 600w\" alt=\"\" width=\"760\" height=\"378\" \/><br \/>\n<img loading=\"lazy\" decoding=\"async\" src=\"https:\/\/hamburdehesa.com\/wp-content\/uploads\/2023\/08\/hamburdehesa-deutschland-asturiana-2x130-2023-front.jpg\" sizes=\"auto, (max-width: 760px) 100vw, 760px\" srcset=\"https:\/\/hamburdehesa.com\/wp-content\/uploads\/2023\/08\/hamburdehesa-deutschland-asturiana-2x130-2023-front.jpg 760w, https:\/\/hamburdehesa.com\/wp-content\/uploads\/2023\/08\/hamburdehesa-deutschland-asturiana-2x130-2023-front-300x149.jpg 300w, https:\/\/hamburdehesa.com\/wp-content\/uploads\/2023\/08\/hamburdehesa-deutschland-asturiana-2x130-2023-front-600x298.jpg 600w\" alt=\"\" width=\"760\" height=\"378\" \/><br \/>\n<a href=\"https:\/\/hamburdehesa.com\/de\/unsere-produkte\/\"><br \/>\nENTDECKEN SIE DIE BESTEN RASSEN<br \/>\n<\/a><br \/>\n<img decoding=\"async\" title=\"icono-vaca\" src=\"https:\/\/hamburdehesa.com\/wp-content\/uploads\/2024\/02\/icono-vaca-ov7hjrygjmfmx34cvhgm6dqxt0zuj3dmvtpol3b17i.png\" alt=\"hamburdehesa labari\" \/><\/p>\n<h2>NEW YORK STYLE<\/h2>\n<p>Hamburdehesa New York Style, hergestellt aus den hochwertigsten Zutaten,<br \/>\nNach einem Rezept, das von den Aromen der ber\u00fchmtesten Stadt der Welt inspiriert ist.<\/p>\n<p><img loading=\"lazy\" decoding=\"async\" src=\"https:\/\/hamburdehesa.com\/wp-content\/uploads\/2024\/02\/hamburdehesa-newyork-2023-frontal.jpg\" sizes=\"auto, (max-width: 760px) 100vw, 760px\" srcset=\"https:\/\/hamburdehesa.com\/wp-content\/uploads\/2024\/02\/hamburdehesa-newyork-2023-frontal.jpg 760w, https:\/\/hamburdehesa.com\/wp-content\/uploads\/2024\/02\/hamburdehesa-newyork-2023-frontal-300x149-1.jpg 300w, https:\/\/hamburdehesa.com\/wp-content\/uploads\/2024\/02\/hamburdehesa-newyork-2023-frontal-600x298-1.jpg 600w\" alt=\"\" width=\"760\" height=\"378\" \/><br \/>\n<a href=\"https:\/\/hamburdehesa.com\/de\/unsere-produkte\/\"><br \/>\nENTDECKEN SIE DEN AUTHENTISCHEN GESCHMACK<br \/>\n<\/a><\/p>\n<h2>DIE GESUNDHEIT<\/h2>\n<p style=\"text-align: center;\">Gut, einfach und schmackhaft essen, hei\u00dft auch gesund und abwechslungsreich essen.<br \/>\nHamburdehesa l\u00e4sst sich perfekt mit einer Vielzahl von Gem\u00fcsen, Getreide und nat\u00fcrlichen Saucen kombinieren und enth\u00e4lt die notwendigen Proteine f\u00fcr eine ausgewogene Kost.<br \/>\nWenn Sie sich um Ihre Gesundheit k\u00fcmmern wollen, wenn Sie irgendwelche Allergien haben oder wenn Sie sich einfach \u00fcber die Kalorienzahl der einzelnen Produkte informieren wollen, zeigen wir Ihnen hier eine detaillierte Tabelle mit Allergenen, Kalorien und N\u00e4hrwerten.<\/p>\n<p><img loading=\"lazy\" decoding=\"async\" src=\"https:\/\/hamburdehesa.com\/wp-content\/uploads\/2018\/09\/iconos-salud-de.png\" sizes=\"auto, (max-width: 702px) 100vw, 702px\" srcset=\"https:\/\/hamburdehesa.com\/wp-content\/uploads\/2018\/09\/iconos-salud-de.png 702w, https:\/\/hamburdehesa.com\/wp-content\/uploads\/2018\/09\/iconos-salud-de-600x80.png 600w, https:\/\/hamburdehesa.com\/wp-content\/uploads\/2018\/09\/iconos-salud-de-300x40.png 300w\" alt=\"hamburdehesa labari\" width=\"702\" height=\"94\" \/><br \/>\n<a href=\"https:\/\/hamburdehesa.com\/de\/blog-de\/\"><br \/>\nSCHMACKHAFT UND GESUND<br \/>\n<\/a><\/p>\n<h2>GOURMET<\/h2>\n<p>Hamburdehesa steht gleichbedeutend f\u00fcr Vielfalt, Qualit\u00e4t und gute K\u00fcche.<br \/>\nEs gibt hunderte von Zubereitungsarten und tausende von Kombinationen mit Zutaten und prestigetr\u00e4chtigen Marken.<br \/>\nHamburdehesa ist die beste Wahl, um mit Qualit\u00e4ts- und Saisonprodukten zu kochen.<\/p>\n<p><a href=\"\/recetas\"><br \/>\nKOCHEN SIE SIE<br \/>\n<\/a><br \/>\n<img loading=\"lazy\" decoding=\"async\" src=\"https:\/\/hamburdehesa.com\/wp-content\/uploads\/2024\/02\/background-hosteleriaburger.png\" sizes=\"auto, (max-width: 1938px) 100vw, 1938px\" srcset=\"https:\/\/hamburdehesa.com\/wp-content\/uploads\/2024\/02\/background-hosteleriaburger.png 1938w, https:\/\/hamburdehesa.com\/wp-content\/uploads\/2024\/02\/background-hosteleriaburger-600x231-1.png 600w, https:\/\/hamburdehesa.com\/wp-content\/uploads\/2024\/02\/background-hosteleriaburger-300x116-1.png 300w, https:\/\/hamburdehesa.com\/wp-content\/uploads\/2024\/02\/background-hosteleriaburger-768x296-1.png 768w, https:\/\/hamburdehesa.com\/wp-content\/uploads\/2024\/02\/background-hosteleriaburger-1024x395-1.png 1024w\" alt=\"hamburdehesa labari\" width=\"1938\" height=\"747\" \/><\/p>\n<h2>BARBECUE<\/h2>\n<p>Die beste Wahl f\u00fcr Ihren Grillplausch ist eine Hamburdehesa von 130 Gramm oder Gr\u00f6\u00dfe XL mit 200 Gramm.<br \/>\nNoch nie war das perfekte Barbecue so einfach. Fleisch von authentischen Rassen, das das Braten auf dem Feuer vereinfacht und auf dem Grill Geschmack und Textur gewinnt.<\/p>\n<p><a href=\"https:\/\/hamburdehesa.com\/de\/unsere-produkte\/\"><br \/>\nENTFACHEN SIE FEUER<br \/>\n<\/a><\/p>\n<h2>DAS GASTGEWERBE<\/h2>\n<p>F\u00fcr Geschmacksprofis gibt es Hamburdehesa im Format HoGa.<br \/>\nEs gibt nichts Besseres als Hamburdehesa f\u00fcr Kunden, die den Geschmack des Authentischen zu sch\u00e4tzen wissen, dem jeder Koch seine eigene und spezielle Note verleiht.<br \/>\nAu\u00dferdem erlaubt und garantiert die hermetische und individualisierte Verpackung eine bessere Aufbewahrung.<br \/>\n<a href=\"https:\/\/hamburdehesa.com\/de\/das-gastgewerbe\/\"><br \/>\nF\u00dcR PROFIS<br \/>\n<\/a><\/p>\n<h2>DIE QUALIT\u00c4T<\/h2>\n<p>Wir suchen die besten Viehherden in den besten Dehesas.<br \/>\nWir treffen eine Auswahl der St\u00fccke in unseren Betrieben.<br \/>\nWir w\u00e4hlen die besten Zutaten mit spezieller Beachtung der Allergene.<br \/>\nWir verarbeiten und verpacken wie niemand sonst und arbeiten mit gr\u00f6\u00dfter Sorgfalt, um ein unvergleichliches Produkt anbieten zu k\u00f6nnen.<br \/>\nDeshalb sind wir stolz auf unsere Qualit\u00e4ts-Zertifikate wie IFS FOOD.<br \/>\n<img decoding=\"async\" title=\"iconos-calidad-de\" src=\"https:\/\/hamburdehesa.com\/wp-content\/uploads\/elementor\/thumbs\/iconos-calidad-de-ov7hjswee0t13v56uz8l66sgpcra1oz1f0l89czv4y.png\" alt=\"hamburdehesa labari\" \/><br \/>\n<a href=\"https:\/\/hamburdehesa.com\/de\/ifs-food-zertifiziert-hamburdehesa\/\"><br \/>\nIFS FOOD<br \/>\n<\/a><\/p>\n<h2>DIE INNOVATION<\/h2>\n<p>Wir verpacken wie niemand sonst.<br \/>\nUnser innovatives Verpackungssystem f\u00fcr individuelle Vakuumverpackung kann die Qualit\u00e4t, die Nahrungsmittelsicherheit und die Lebensdauer der Hamburdehesas zu garantieren, bis zu drei Mal l\u00e4nger als die markt\u00fcblichen Verpackungen.<br \/>\nDamit Sie in Ihrem Rhythmus kochen k\u00f6nnen und keine Lebensmittel verschwendet werden.<br \/>\n<img decoding=\"async\" title=\"iconos-innovacion-de\" src=\"https:\/\/hamburdehesa.com\/wp-content\/uploads\/elementor\/thumbs\/iconos-innovacion-de-ov7hjrylq08kq0pd40kckwsfxc372bwz6rswxmz2jm.png\" alt=\"hamburdehesa labari\" \/><br \/>\n<a href=\"https:\/\/hamburdehesa.com\/de\/die-verpackung\/\"><br \/>\nEINE HAMBURDEHESA \u00d6FFNEN<br \/>\n<\/a><br \/>\n<img decoding=\"async\" title=\"grafico-innovacion-de\" src=\"https:\/\/hamburdehesa.com\/wp-content\/uploads\/elementor\/thumbs\/grafico-innovacion-de-ov7hjrym0ywtxmqd7mrgb9r0lwgstfr4rhpgfjszoi.png\" alt=\"hamburdehesa labari\" \/><\/p>\n<h2>NACHHALTIGE<\/h2>\n<p>In Hamburdehesa bem\u00fchen wir uns, jeden Tag besser und nachhaltiger zu werden. Wir haben unsere Verpackungen verbessert. Wir haben 3 Solaranlagen f\u00fcr die Energieproduktion installiert, sodass wir 70% unseres Verbrauchs mit eigener. Bei Hamburdehesa setzen wir auf einheimische Rassen und unterst\u00fctzen die extensive Viehhaltung, die das Tierwohl und die Umwelt&#8230;<br \/>\n<img loading=\"lazy\" decoding=\"async\" src=\"https:\/\/hamburdehesa.com\/wp-content\/uploads\/2024\/02\/pensamiento-sostenible.svg\" alt=\"\" width=\"1\" height=\"1\" \/><br \/>\n<a href=\"https:\/\/hamburdehesa.com\/de\/hamburdehesa-nachhaltige\/\"><br \/>\n#HAMBURDEHESAnachhaltige<br \/>\n<\/a><\/p>\n<h2>DAS WIRD GEKOCHT<\/h2>\n<p>In unserem Blog finden Sie Rezepte, Tipps, Artikel, Neuigkeiten und Wettbewerbe. Schauen Sie sich unsere Ratgeber-Videos an und lernen Sie mehr \u00fcber Fleisch, Vieh, Zutaten, Zubereitungsarten und Beilagen. Entdecken Sie alle Geheimnisse eines echten Feldburgers.<br \/>\n<a href=\"https:\/\/hamburdehesa.com\/de\/blog-de\/\"><br \/>\nIN DIE K\u00dcCHE<br \/>\n<\/a><\/p>\n","protected":false},"excerpt":{"rendered":"<p>AUSGEZEICHNETES FLEISCH AUS SPANISCHEN WEIDEN DER FELDBURGER Vom Marschland bis ins Gebirge bilden gr\u00fcne Weiden, Stein- und Korkeichen sowie Kastanien ein ausgeglichenes \u00d6kosystem, wo unsere Viehherden weiden. Das ausgezeichnete Fleisch unserer Hamburger stammt aus den Dehesas (spanischen Weiden) im S\u00fcdwesten der Iberischen Halbinsel, dem nat\u00fcrlichen Ursprungsort gastronomischer Juwelen und einem unvergleichlichen Umfeld f\u00fcr die Freilandhaltung [&hellip;]<\/p>\n","protected":false},"author":1,"featured_media":5613,"parent":0,"menu_order":0,"comment_status":"closed","ping_status":"closed","template":"","meta":{"_acf_changed":false,"footnotes":""},"class_list":["post-9875","page","type-page","status-publish","has-post-thumbnail","hentry"],"acf":[],"_links":{"self":[{"href":"https:\/\/hamburdehesa.com\/de\/wp-json\/wp\/v2\/pages\/9875","targetHints":{"allow":["GET"]}}],"collection":[{"href":"https:\/\/hamburdehesa.com\/de\/wp-json\/wp\/v2\/pages"}],"about":[{"href":"https:\/\/hamburdehesa.com\/de\/wp-json\/wp\/v2\/types\/page"}],"author":[{"embeddable":true,"href":"https:\/\/hamburdehesa.com\/de\/wp-json\/wp\/v2\/users\/1"}],"replies":[{"embeddable":true,"href":"https:\/\/hamburdehesa.com\/de\/wp-json\/wp\/v2\/comments?post=9875"}],"version-history":[{"count":5,"href":"https:\/\/hamburdehesa.com\/de\/wp-json\/wp\/v2\/pages\/9875\/revisions"}],"predecessor-version":[{"id":12572,"href":"https:\/\/hamburdehesa.com\/de\/wp-json\/wp\/v2\/pages\/9875\/revisions\/12572"}],"wp:featuredmedia":[{"embeddable":true,"href":"https:\/\/hamburdehesa.com\/de\/wp-json\/wp\/v2\/media\/5613"}],"wp:attachment":[{"href":"https:\/\/hamburdehesa.com\/de\/wp-json\/wp\/v2\/media?parent=9875"}],"curies":[{"name":"wp","href":"https:\/\/api.w.org\/{rel}","templated":true}]}}