{"id":9414,"date":"2024-03-21T11:11:48","date_gmt":"2024-03-21T10:11:48","guid":{"rendered":"https:\/\/hamburdehesa.com\/?page_id=9414"},"modified":"2024-05-06T11:49:46","modified_gmt":"2024-05-06T09:49:46","slug":"aviso-legal","status":"publish","type":"page","link":"https:\/\/hamburdehesa.com\/de\/aviso-legal\/","title":{"rendered":"Aviso Legal"},"content":{"rendered":"<p class=\"p1\">En cumplimiento del deber de informaci\u00f3n estipulado en el art\u00edculo 10 de la Ley 34\/2002 de 11 de julio de Servicios de la Sociedad de la Informaci\u00f3n y de Comercio electr\u00f3nico, el presente aviso legal tiene por funci\u00f3n regular el uso del sitio web <a href=\"http:\/\/www.embutidosjabugo.com\" target=\"_blank\" rel=\"noopener\"><span class=\"s1\">www.embutidosjabugo.com<\/span><\/a> y los subdominios <a href=\"https:\/\/hamburdehesa.com\"><span class=\"s1\">www.hamburdehesa.com<\/span><\/a> y <a href=\"http:\/\/www.dehesabeef.com\" target=\"_blank\" rel=\"noopener\"><span class=\"s1\">www.dehesabeef.com<\/span><\/a> siendo el titular:<\/p>\n<ol class=\"ol1\">\n<li class=\"li1\">Denominaci\u00f3n Social: EMBUTIDOS JABUGO, S.A. (en adelante, el Titular)<\/li>\n<li class=\"li1\">Domicilio Social: Calle San Nicol\u00e1s Uno, 26, 41500, Alcal\u00e1 de Guadaira, Sevilla (Espa\u00f1a).<\/li>\n<li class=\"li1\">CIF: A-21044433<\/li>\n<li class=\"li1\">Tel\u00e9fono: 955 63 02 63<\/li>\n<li class=\"li2\"><span class=\"s2\">Correo electr\u00f3nico: <a href=\"mailto:proveedores@embutidosjabugo.com\"><span class=\"s1\">proveedores@embutidosjabugo.com<\/span><\/a>. <\/span><\/li>\n<\/ol>\n<p class=\"p1\">El sitio web est\u00e1 dirigido a cualquier persona (en lo sucesivo, el \u201cUsuario\u201d) que desee presentar sus datos para solicitar informaci\u00f3n de los servicios prestados por la Empresa, as\u00ed como gestionar las citas solicitadas a trav\u00e9s de los formularios web incluidos en la misma.<\/p>\n<p class=\"p1\">Por tanto, para un correcto uso de la web les recomendamos que lean con detenimiento las mencionadas clausulas siempre que desee acceder y hacer uso de la informaci\u00f3n y de los servicios ofrecidos en el sitio web.<\/p>\n<p class=\"p3\"><b>T\u00e9rminos Y Condiciones Generales de Uso Web<\/b><\/p>\n<p class=\"p4\">El objeto de las presentes Condiciones Generales de Uso (en adelante, Condiciones) es regular el acceso y la utilizaci\u00f3n del Sitio Web.<\/p>\n<p class=\"p4\">A los efectos de las presentes Condiciones se entender\u00e1 como Sitio Web: la apariencia externa de los interfaces de pantalla, tanto de forma est\u00e1tica como de forma din\u00e1mica, es decir, el \u00e1rbol de navegaci\u00f3n; y todos los elementos integrados tanto en los interfaces de pantalla como en el \u00e1rbol de navegaci\u00f3n (en adelante, Contenidos) y todos aquellos servicios o recursos en l\u00ednea que en su caso ofrezca a los Usuarios (en adelante, Servicios).<\/p>\n<p class=\"p4\">El Titular se reserva la facultad de modificar, en cualquier momento, y sin aviso previo, la presentaci\u00f3n y configuraci\u00f3n del Sitio Web y de los Contenidos y Servicios que en \u00e9l pudieran estar incorporados.<\/p>\n<p class=\"p4\">El Usuario reconoce y acepta que en cualquier momento el Titular pueda interrumpir, desactivar y\/o cancelar cualquiera de estos elementos que se integran en el Sitio Web o el acceso a los mismos.<\/p>\n<p class=\"p4\">El acceso al Sitio Web por el Usuario tiene car\u00e1cter libre y, por regla general, es gratuito sin que el Usuario tenga que proporcionar una contraprestaci\u00f3n para poder disfrutar de ello, salvo en lo relativo al coste de conexi\u00f3n a trav\u00e9s de la red de telecomunicaciones suministrada por el proveedor de acceso que hubiere contratado el Usuario.<\/p>\n<p class=\"p4\">El mero acceso a este Sitio Web no supone entablar ning\u00fan tipo de relaci\u00f3n de car\u00e1cter comercial entre el Titular y el Usuario. La utilizaci\u00f3n de los Contenidos no requiere previa suscripci\u00f3n o registro alguno.<\/p>\n<p class=\"p3\"><b>Compromiso del Usuario <\/b><\/p>\n<p class=\"p1\">Mediante el acceso a este Sitio Web, el Usuario acepta expresamente todas las cl\u00e1usulas de esta informaci\u00f3n legal, de su\u00a0<b>pol\u00edtica de privacidad<\/b>, y su\u00a0<b>pol\u00edtica de cookies<\/b>, as\u00ed como de todas aquellas condiciones particulares recogidas para la utilizaci\u00f3n de determinados servicios. En caso de no aceptar <span class=\"s3\">alguna<\/span> de las citadas cl\u00e1usulas, el Usuario deber\u00e1 abstenerse de acceder a este Sitio Web.<\/p>\n<p class=\"p1\">El usuario se compromete expresamente al uso correcto de la web, absteni\u00e9ndose de usar el presente sitio web de forma que pueda impedir, da\u00f1ar o deteriorar el normal funcionamiento de la web y de los bienes y servicios de MP y del resto de usuarios. Queda prohibido lo siguiente, sin ser limitativo:<\/p>\n<ul class=\"ul1\">\n<li class=\"li1\">Difundir contenidos violentos, delictivos, pornogr\u00e1ficos, racistas, en general, contrarios a la ley.<\/li>\n<li class=\"li1\">Introducir elementos de malware o realizar actuaciones que puedan suponer una alteraci\u00f3n, interrupci\u00f3n y\/o da\u00f1os y errores en los datos y\/o archivos propiedad de la empresa o terceras personas; As\u00ed como la obstaculizaci\u00f3n al acceso de otros usuarios al sitio web y a sus servicios.<\/li>\n<li class=\"li1\">Intentos de acceso a los datos de otros usuarios, incluidos datos de acceso para acceder a zonas restringidas.<\/li>\n<li class=\"li1\">Vulneraci\u00f3n de los derechos de propiedad intelectual, as\u00ed como violar la confidencialidad de la informaci\u00f3n de la prestadora o de terceros.<\/li>\n<li class=\"li1\">Suplantar la identidad de terceras personas.<\/li>\n<li class=\"li1\">Recabar datos con finalidad publicitaria y de remitir publicidad de cualquier clase y comunicaciones con fines de venta u otras de naturaleza comercial sin que medie previo consentimiento<\/li>\n<\/ul>\n<p class=\"p1\">El usuario se compromete a tomar todas las medidas pertinentes para asegurar la confidencialidad y la conservaci\u00f3n de su c\u00f3digo de acceso y no se lo comunicar\u00e1 a nadie.<\/p>\n<p class=\"p1\">Toda operaci\u00f3n efectuada en el Sitio web con las claves de acceso del usuario se estimar\u00e1 realizada en nombre de este bajo su responsabilidad. La empresa o cualquier otra empresa del Grupo usuaria del Sitio web no podr\u00e1 ser considerada responsable de un uso fraudulento del c\u00f3digo de acceso.<\/p>\n<p class=\"p3\"><b>Compromiso de la empresa titular<\/b><\/p>\n<ul class=\"ul1\">\n<li class=\"li1\"><b>Accesibilidad a los servicios del sitio web<\/b><\/li>\n<\/ul>\n<p class=\"p1\">La empresa se compromete a instaurar todos los medios de que dispone con el fin de ofrecer los mejores servicios al usuario y a facilitar su acceso.<\/p>\n<p class=\"p1\">Para ello, la empresa se esforzar\u00e1 por mantener el Sitio web accesible las 24 horas del d\u00eda, 365 d\u00edas al a\u00f1o. No obstante, el acceso se puede ver interrumpido por iniciativa de la empresa o de sus proveedores encargados de la aplicaci\u00f3n y el alojamiento del Sitio web por motivos de mantenimiento o por cualquier otra raz\u00f3n t\u00e9cnica. En estos casos espec\u00edficos de interrupci\u00f3n, la empresa velar\u00e1 por informar al respecto previamente al usuario y por limitar la duraci\u00f3n de dicha interrupci\u00f3n.<\/p>\n<p class=\"p1\">La empresa se reserva igualmente el derecho a interrumpir el acceso a los servicios, y excluye y limita su responsabilidad, siempre dentro de los l\u00edmites permitidos en el ordenamiento jur\u00eddico vigente, cualquier tipo de responsabilidad por da\u00f1os y perjuicios de toda naturaleza derivados de:<\/p>\n<ul class=\"ul1\">\n<li class=\"li1\">Los da\u00f1os y perjuicios causados por el mal uso que el Usuario pueda realizar de su web.<\/li>\n<li class=\"li1\">Las alteraciones en el servicio que se produzcan por fallos en la red el\u00e9ctrica, en la red de conexi\u00f3n de datos, en el servidor o en cualquiera de las prestaciones, adem\u00e1s de los fallos en caso de ataques provocados denegaci\u00f3n de servicio, malware, etc. y que puedan causar da\u00f1os en los sistemas inform\u00e1ticos, en los documentos electr\u00f3nicos, o en los ficheros de los Usuarios de su web.<\/li>\n<li class=\"li1\">Las actuaciones de terceros que vulneren derechos de propiedad intelectual e industrial, as\u00ed como la normativa en materia de competencia desleal y publicidad il\u00edcita.<\/li>\n<li class=\"li1\">La imposibilidad de acceso al sitio web o la falta de veracidad, exactitud, exhaustividad y\/o actualidad de los contenidos, as\u00ed como la existencia de vicios y defectos de toda clase de los contenidos transmitidos, difundidos, almacenados, puestos a disposici\u00f3n, a los que se haya accedido a trav\u00e9s del sitio web o de los servicios que se ofrecen.<\/li>\n<li class=\"li1\">La recepci\u00f3n por parte de la empresa de una solicitud de suspensi\u00f3n o de restricci\u00f3n de acceso al Sitio web formulada por una autoridad administrativa o judicial o por el requerimiento de un tercero.<\/li>\n<\/ul>\n<ul class=\"ul1\">\n<li class=\"li1\"><b>Seguridad y confidencialidad de los datos<\/b><\/li>\n<\/ul>\n<p class=\"p1\">La Empresa cumple con las exigencias de la normativa en protecci\u00f3n de datos, comprometi\u00e9ndose, en particular, a garantizar la seguridad de los datos, manteniendo la confidencialidad, integridad y disponibilidad de los mismos, as\u00ed como a no utilizarlos para fines distintos de la gesti\u00f3n de citas e informaci\u00f3n solicitada por el usuario y de su seguimiento.<\/p>\n<p class=\"p3\"><b>Copyright y propiedad intelectual<\/b><\/p>\n<p class=\"p1\">Los derechos de propiedad intelectual del contenido de la p\u00e1ginas web, su dise\u00f1o gr\u00e1fico y c\u00f3digos son del Titular en exclusiva o cuenta con los oportunos derechos y\/o autorizaciones para su publicaci\u00f3n en la P\u00e1gina y, por tanto, queda prohibida su reproducci\u00f3n, distribuci\u00f3n, comunicaci\u00f3n p\u00fablica, transformaci\u00f3n o cualquier otra actividad que se pueda realizar con los contenidos de sus p\u00e1ginas web ni aun citando las fuentes, salvo consentimiento por escrito de EMBUTIDOS JABUGO, S.A. o del titular en exclusiva del derecho.<\/p>\n<p class=\"p1\">Queda tambi\u00e9n terminantemente prohibido recopilar y utilizar la informaci\u00f3n disponible en el Sitio web con fines comerciales.<\/p>\n<p class=\"p1\">Esta prohibici\u00f3n se extiende en especial, a t\u00edtulo meramente ilustrativo, a todo elemento de redacci\u00f3n presente en el Sitio web, presentaci\u00f3n de las pantallas, programas inform\u00e1ticos necesarios para la navegaci\u00f3n, logos, im\u00e1genes, fotos y gr\u00e1ficos de cualquier \u00edndole.<\/p>\n<p class=\"p3\"><b>Pol\u00edtica de Privacidad<\/b><\/p>\n<p class=\"p1\">De acuerdo con la normativa vigente en materia de Protecci\u00f3n de Datos de Car\u00e1cter Personal, le informamos que los datos personales aportados ser\u00e1n tratados por EMBUTIDOS JABUGO, S.A. con domicilio en Calle San Nicol\u00e1s Uno, 26, 41500, Alcal\u00e1 de Guadaira, Sevilla (Espa\u00f1a).<\/p>\n<p class=\"p1\">Los datos aportados por usted son necesarios para la creaci\u00f3n del perfil de solicitante, y ser\u00e1n tratados \u00fanicamente con la finalidad de gestionar y atender su solicitud presentada a trav\u00e9s de los formularios de la web del mejor modo posible. As\u00ed, dichos datos ser\u00e1n tratados \u00fanicamente por EMBUTIDOS JABUGO, S.A. no siendo compartidos con los establecimientos adheridos ni con ning\u00fan otro tercero.<\/p>\n<p class=\"p1\">Puede consultar m\u00e1s detalles sobre el tratamiento y la protecci\u00f3n de datos en nuestra pol\u00edtica de privacidad.<\/p>\n<p class=\"p3\"><b>Utilizaci\u00f3n de Hiperenlaces<\/b><\/p>\n<p class=\"p1\">Aquellos Usuarios que quieran enlazar la presente web desde sus propios sitios web deber\u00e1n cumplir con las siguientes condiciones sin que el desconocimiento de las mismas evite las responsabilidades derivadas de la Ley.<\/p>\n<p class=\"p1\">El enlace \u00fanicamente vincular\u00e1 con la homepage o p\u00e1gina principal de la p\u00e1gina web, pero no podr\u00e1 reproducirla de ninguna forma. Quedar\u00e1 en todo caso prohibido, establecer marcos de cualquier tipo que envuelvan a la p\u00e1gina web o permitan la visualizaci\u00f3n de los contenidos a trav\u00e9s de direcciones de Internet distintas a las del sitio web y, en cualquier caso, cuando se visualicen juntamente con contenidos ajenos al sitio web de forma que:<\/p>\n<ul class=\"ul2\">\n<li class=\"li1\">Produzca, o pueda producir, error, confusi\u00f3n o enga\u00f1o en los usuarios sobre la verdadera procedencia del servicio o Contenidos;<\/li>\n<li class=\"li1\">Suponga un acto de comparaci\u00f3n o imitaci\u00f3n desleal;<\/li>\n<li class=\"li1\">Sirva para aprovechar la reputaci\u00f3n de la marca y prestigio de EMBUTIDOS JABUGO, S.A.<\/li>\n<li class=\"li1\">De cualquier otra forma que resulte prohibido por la legislaci\u00f3n vigente.<\/li>\n<\/ul>\n<p class=\"p1\">No se realizar\u00e1n desde la p\u00e1gina que introduce el enlace ning\u00fan tipo de manifestaci\u00f3n falsa, inexacta o incorrecta sobre la prestadora, su direcci\u00f3n, empleados, clientes o sobre la calidad de los servicios que suministra.<\/p>\n<p class=\"p1\">En ning\u00fan caso, se expresar\u00e1 en la p\u00e1gina donde se ubique el enlace que la prestadora ha facilitado su consentimiento para la inserci\u00f3n del enlace o que de otra forma patrocina, colabora, verifica o supervisa los servicios del remitente.<\/p>\n<p class=\"p1\">Est\u00e1 prohibida la utilizaci\u00f3n de cualquier marca denominativa, gr\u00e1fica o mixta o cualquier otro signo distintivo de la prestadora dentro de la p\u00e1gina del remitente salvo en los casos permitidos por la ley o expresamente autorizados por la prestadora y siempre que se permita, en estos casos, un enlace directo con la p\u00e1gina Web en la forma establecida en esta cl\u00e1usula.<\/p>\n<p class=\"p1\">La p\u00e1gina que establezca el enlace deber\u00e1 cumplir fielmente con la ley y no podr\u00e1 en ning\u00fan caso disponer o enlazar con contenidos propios o de terceros que:<\/p>\n<ul class=\"ul2\">\n<li class=\"li1\">Sean il\u00edcitos, nocivos o contrarios a la moral y a las buenas costumbres (pornogr\u00e1ficos, violentos, racistas, etc.);<\/li>\n<li class=\"li1\">Induzcan o puedan inducir en el Usuario la falsa concepci\u00f3n de que la prestadora suscribe, respalda, se adhiere o de cualquier manera apoya, las ideas, manifestaciones o expresiones, l\u00edcitas o il\u00edcitas, del remitente;<\/li>\n<li class=\"li1\">Resulten inapropiados o no pertinentes con la actividad de la prestadora en atenci\u00f3n al lugar, contenidos y tem\u00e1tica de la p\u00e1gina web del remitente. Igualmente, el Usuario se abstendr\u00e1 de incluir en la p\u00e1gina Web cualquier hiperenlace (en adelante, \u201clink\u201d) dirigido a una p\u00e1gina web que contenga informaci\u00f3n o contenidos il\u00edcitos, contrarios a la moral y buenas costumbres generalmente aceptadas, y al orden p\u00fablico.<\/li>\n<\/ul>\n<p class=\"p3\"><b>Fuero<\/b><\/p>\n<p class=\"p1\">El presente Aviso Legal se encuentra sometido a la legislaci\u00f3n Espa\u00f1ola vigente. Para cualquier tipo de controversia derivada de la utilizaci\u00f3n de los servicios ofrecidos o de los contenidos propios de la P\u00e1gina las partes, con la aceptaci\u00f3n del clausulado establecido en el presente Aviso Legal se someter\u00e1n a los Tribunales y Juzgados competentes de Sevilla.<\/p>\n<p class=\"p1\">Si alguna de las cl\u00e1usulas descritas en el Aviso Legal fuese declarada nula y sin efecto, continuar\u00e1n siendo de aplicaci\u00f3n las restantes, sin que deban quedar afectadas por la declaraci\u00f3n de nulidad.<\/p>\n<p class=\"p6\"><b>Menores de edad<\/b><\/p>\n<p class=\"p1\">www.embutidosjabugo.com dirige sus servicios a sus usuarios de diferentes edades. La recogida de datos de los usuarios se har\u00e1 conforme al consentimiento libre, expreso e informado, a trav\u00e9s de la aceptaci\u00f3n del tratamiento de los datos recogidos en nuestro formulario web.<\/p>\n<p class=\"p1\">El consentimiento de los menores de 14 a\u00f1os que quieran hacer uso de nuestros servicios deber\u00e1 prestarse por sus padres o tutores. Los mayores de esa edad pueden prestar ellos mismos el consentimiento para que se recojan sus datos, salvo en aquellos casos en los que la ley exigiera que est\u00e9n asistidos por sus padres o tutores.<\/p>\n<p class=\"p1\">Informamos de que, EMBUTIDOS JABUGO, S.A. no se hace responsable de las posibles consecuencias que pudieran derivarse del incumplimiento del aviso que en esta misma cl\u00e1usula se establece.<\/p>\n<p class=\"p6\"><b>Medidas de Seguridad<\/b><\/p>\n<p class=\"p1\">El Titular ha contratado para su sitio web un certificado SSL (\u00abSecure Sockets Layer\u00bb).<\/p>\n<p class=\"p1\">Un certificado SSL permite proteger toda la informaci\u00f3n personal y confidencial que se pueda manejar en un sitio web, independientemente de la informaci\u00f3n que se est\u00e9 transmitiendo, como, por ejemplo, desde cualquiera de los formularios de contacto del sitio web hasta el servidor, o los datos introducidos para la suscripci\u00f3n de boletines de noticias o accesos a las \u00e1reas protegidas, etc.<\/p>\n<p class=\"p1\">La direcci\u00f3n del sitio web aparecer\u00e1 en color verde, activ\u00e1ndose el protocolo \u201chttps\u201d que permite conexiones seguras desde un servidor web al navegador del usuario<i>.<\/i><\/p>\n<p class=\"p1\"><span class=\"Apple-converted-space\">\u00a0 \u00a0 \u00a0 \u00a0 \u00a0 \u00a0 \u00a0 \u00a0 \u00a0 \u00a0 \u00a0 \u00a0 \u00a0 \u00a0 \u00a0 \u00a0 \u00a0 \u00a0 \u00a0 \u00a0 \u00a0 \u00a0 \u00a0 \u00a0 \u00a0 \u00a0 \u00a0 \u00a0 \u00a0 \u00a0 \u00a0 \u00a0 \u00a0 \u00a0 \u00a0 \u00a0 \u00a0 \u00a0 \u00a0 \u00a0 \u00a0 \u00a0 \u00a0 \u00a0 \u00a0 \u00a0 \u00a0 \u00a0 \u00a0 \u00a0 \u00a0 <\/span>\u00daltima actualizaci\u00f3n: marzo de 2024<\/p>\n","protected":false},"excerpt":{"rendered":"<p>En cumplimiento del deber de informaci\u00f3n estipulado en el art\u00edculo 10 de la Ley 34\/2002 de 11 de julio de Servicios de la Sociedad de la Informaci\u00f3n y de Comercio electr\u00f3nico, el presente aviso legal tiene por funci\u00f3n regular el uso del sitio web www.embutidosjabugo.com y los subdominios www.hamburdehesa.com y www.dehesabeef.com siendo el titular: Denominaci\u00f3n [&hellip;]<\/p>\n","protected":false},"author":1,"featured_media":0,"parent":0,"menu_order":0,"comment_status":"open","ping_status":"open","template":"","meta":{"_acf_changed":false,"footnotes":""},"class_list":["post-9414","page","type-page","status-publish","hentry"],"acf":[],"_links":{"self":[{"href":"https:\/\/hamburdehesa.com\/de\/wp-json\/wp\/v2\/pages\/9414","targetHints":{"allow":["GET"]}}],"collection":[{"href":"https:\/\/hamburdehesa.com\/de\/wp-json\/wp\/v2\/pages"}],"about":[{"href":"https:\/\/hamburdehesa.com\/de\/wp-json\/wp\/v2\/types\/page"}],"author":[{"embeddable":true,"href":"https:\/\/hamburdehesa.com\/de\/wp-json\/wp\/v2\/users\/1"}],"replies":[{"embeddable":true,"href":"https:\/\/hamburdehesa.com\/de\/wp-json\/wp\/v2\/comments?post=9414"}],"version-history":[{"count":0,"href":"https:\/\/hamburdehesa.com\/de\/wp-json\/wp\/v2\/pages\/9414\/revisions"}],"wp:attachment":[{"href":"https:\/\/hamburdehesa.com\/de\/wp-json\/wp\/v2\/media?parent=9414"}],"curies":[{"name":"wp","href":"https:\/\/api.w.org\/{rel}","templated":true}]}}