{"id":6229,"date":"2020-12-08T16:34:44","date_gmt":"2020-12-08T15:34:44","guid":{"rendered":"https:\/\/hamburdehesa.com\/einheimischen-rassen\/"},"modified":"2024-03-11T07:25:47","modified_gmt":"2024-03-11T06:25:47","slug":"einheimischen-rassen","status":"publish","type":"page","link":"https:\/\/hamburdehesa.com\/de\/einheimischen-rassen\/","title":{"rendered":"Einheimischen rassen"},"content":{"rendered":"<h1>\nHAMBURDEHESAS VON EINHEIMISCHEN RASSEN<\/h1>\n<p>Eine Auswahl der besten Fleischst\u00fccke von einheimischen spanischen Rassen f\u00fcr die Herstellung von k\u00f6stlichen und nat\u00fcrlichen FeldBurgern. Hamburdehesa Avile\u00f1a und Hamburdehesa Asturiana, zwei Neuheiten von Gourmet-Burgern mit dem besten Fleisch zertifiziert mit dem Stempel G.G.A. (Gesch\u00fctzte Geographische Angabe), der die Herkunft und die authentische Exzellenz seines Ursprungs garantiert.<br \/>\n\t\t\t\t\t\t\t\t\t\t<img decoding=\"async\" width=\"761\" height=\"386\" src=\"https:\/\/hamburdehesa.com\/wp-content\/uploads\/2024\/02\/presentacion-avilena.jpg\" alt=\"\" loading=\"lazy\" \/>\t\t\t\t\t\t\t\t\t\t\t<\/p>\n<h2>AVILE\u00d1A<\/h2>\n<p>Exquisites Fleisch von der einheimischen Rasse<br \/>Avile\u00f1a-Negra Ib\u00e9rica mit schwarzem Fell.<\/p>\n<p>\t\t\t<a href=\"#avilena\" role=\"button\"><br \/>\n\t\t\t\t\t\tENTDECKEN SIE ES<br \/>\n\t\t\t\t\t<\/a><br \/>\n\t\t\t\t\t\t\t\t\t\t<img decoding=\"async\" width=\"761\" height=\"386\" src=\"https:\/\/hamburdehesa.com\/wp-content\/uploads\/2024\/02\/presentacion-asturiana-2-1.jpg\" alt=\"\" loading=\"lazy\" \/>\t\t\t\t\t\t\t\t\t\t\t<\/p>\n<h2>ASTURIANA<\/h2>\n<p>Exquisite Asturian beef certified as Ternera Asturiana (PGI)<br \/>and with Vacuno Mayor Asturiano guarantee mark.<\/p>\n<p>\t\t\t<a href=\"#asturiana\" role=\"button\"><br \/>\n\t\t\t\t\t\tENTDECKEN SIE ES<br \/>\n\t\t\t\t\t<\/a><br \/>\n\t\t\t\t\t\t\t\t\t\t<img decoding=\"async\" width=\"300\" height=\"150\" src=\"https:\/\/hamburdehesa.com\/wp-content\/uploads\/2024\/02\/logos-igp-carne-de-avila-1.png\" alt=\"\" loading=\"lazy\" \/>\t\t\t\t\t\t\t\t\t\t\t<\/p>\n<h2>\nRINDFLEISCHBURGER AUS AVILA<\/h2>\n<h5>CARNE DE \u00c1VILA<br \/>\nGESCH\u00dcTZTE GEOGRAPHISCHE ANGABE<\/h5>\n<p>Exquisite Burger, 130 g schwer, mit dem vollen Geschmack ihrer Herkunft und mit der Qualit\u00e4t der einheimischen Rasse Avile\u00f1a-Negra Ib\u00e9rica mit schwarzem Fell, zertifiziert als Carne de \u00c1vila. Hamburdehesa Avile\u00f1a ist mehr als ein Gourmet-Burger, es ist ein k\u00f6stlicher Happen erstklassigen Fleisches mit der perfekten Dicke f\u00fcr die Zubereitung auf dem Grill. Es ist ein n\u00e4hrstoffreiches Fleisch, rosafarbig und mit intensivem Geschmack; au\u00dferdem erlaubt die neuartige und exklusive Verpackung des Hamburdehesa Avile\u00f1a, dass alle nat\u00fcrlichen Eigenschaften des Fleisches \u00fcber viel l\u00e4ngere Zeit erhalten bleiben.<br \/>\nWie einen k\u00f6stlichen Burger aus Rindfleisch von Avila zubereiten? Genie\u00dfen Sie ihn zusammen mit karamellisierten Zwiebeln, einigen gr\u00fcnen Sprossen, geschmolzenem K\u00e4se und einem Spiegelei von der Grillplatte.<br \/>\n\t\t\t\t\t\t\t\t\t\t<img decoding=\"async\" width=\"300\" height=\"211\" src=\"https:\/\/hamburdehesa.com\/wp-content\/uploads\/2024\/02\/carne-de-avila-300x211-1.png\" alt=\"\" loading=\"lazy\" \/>\t\t\t\t\t\t\t\t\t\t\t<\/p>\n<h4>WIR W\u00c4HLEN DIE BESTEN FLEISCHST\u00dcCKE AUS<\/h4>\n<p>Das authentische Fleisch der einheimischen Rasse aus Avila stammt von den Bergweiden der Sierra de Gredos bis hin von den weiten Dehesas der Sierra de Avila. Eine Herkunft, wo die Viehz\u00fcchter auf Nachhaltigkeit, Umweltschutz und Tierwohl setzen. Das Fleisch der Rasse aus Avila war das erste spanische Fleisch, das die spezifische Herkunftsbezeichnung erhielt, und es zeichnet sich durch seine hellrot schimmernde Farbe, die Qualit\u00e4t seines Geschmackes und seine feine Textur aus. Ein Fleisch von 100%iger Qualit\u00e4t, von einer 100%ig einheimischen Rasse aus Spanien.<br \/>\n\t\t\t\t\t\t\t\t\t\t<img decoding=\"async\" width=\"768\" height=\"422\" src=\"https:\/\/hamburdehesa.com\/wp-content\/uploads\/2024\/02\/producto-bipack-avilena-768x422-1.jpg\" alt=\"\" loading=\"lazy\" \/><br \/>\n\t\t\t\t\t\t\t\t\t\t<img decoding=\"async\" width=\"467\" height=\"88\" src=\"https:\/\/hamburdehesa.com\/wp-content\/uploads\/2024\/02\/iconos-bipack-angus-de-1.png\" alt=\"hamburdehesa labari\" loading=\"lazy\" \/><br \/>\n\t\t\t\t\t\t\t\t\t\t<img decoding=\"async\" src=\"https:\/\/hamburdehesa.com\/wp-content\/uploads\/2024\/02\/icono-vaca-ov7hjrygjmfmx34cvhgm6dqxt0zuj3dmvtpol3b17i-1.png\" title=\"icono-vaca\" alt=\"hamburdehesa labari\" \/>\t\t\t\t\t\t\t\t\t\t\t<\/p>\n<h2>AVILE\u00d1A<\/h2>\n<h6>CARNE DE \u00c1VILA<\/h6>\n<h6>GESCH\u00dcTZTE GEOGRAPHISCHE ANGABE<\/h6>\n<h3>2 X 130g<\/h3>\n<p>Exklusives Rindfleisch von der einheimischen Rasse Avile\u00f1a-Negra Ib\u00e9rica mit schwarzem Fell, zertifiziert als Carne de Avila, G.G.A. Das auserlesenste Fleisch von Gredos bis Avila f\u00fcr den Hamburdehesa Avile\u00f1a in Doppel-Skin-Verpackung.<\/p>\n<p>\t\t\t<a href=\"#contacto\" role=\"button\"><br \/>\n\t\t\t\t\t\tMEHR INFORMATIONEN<br \/>\n\t\t\t\t\t<\/a><br \/>\n\t\t\t\t\t\t\t\t\t\t<img decoding=\"async\" width=\"300\" height=\"140\" src=\"https:\/\/hamburdehesa.com\/wp-content\/uploads\/2024\/02\/logos-igp-ternera-asturiana-329x153-1-300x140-1.png\" alt=\"\" loading=\"lazy\" \/>\t\t\t\t\t\t\t\t\t\t\t<\/p>\n<h2>ASTURISCHER RINDFLEISCHBURGER<\/h2>\n<h5>TERNERA ASTURIANA<br \/>\nGESCH\u00dcTZTE GEOGRAPHISCHE ANGABE<\/h5>\n<p>K\u00f6stliche Hamburger aus asturischem Rindfleisch zertifiziert als Ternera Asturiana (G.G.A.) und als Garantiemarke \u201eVacuno Mayor Asturiano\u201c, damit Sie einen authentischen Feldburger genie\u00dfen k\u00f6nnen. Der Hamburdehesa Asturiana mit mildem Geschmack, extra zart und mit den besten Eigenschaften des Fleisches, ist ein authentischer Happen voller Genuss und Saftigkeit. Seine 130 g machen ihn perfekt f\u00fcr die Zubereitung auf jeder Art von Grill und Grillplatten. Au\u00dferdem ist seine individuelle Verpackung perfekt, damit Sie ihn immer frisch verzehren k\u00f6nnen, und er alle nat\u00fcrlichen Eigenschaften einer der meist gesch\u00e4tzten einheimischen Rassen beibeh\u00e4lt.<br \/>\nM\u00f6chten Sie einen k\u00f6stlichen Hamburger aus asturischem Rind zubereiten? Braten Sie Ihren Hamburdehesas Astuariana bis zu dem von Ihnen gew\u00fcnschten Punkt an, schneiden Sie die Zwiebel in Scheiben und stellen Sie die Bratpfanne bereit, um sie zu karamellisieren. Erw\u00e4rmen Sie das Brot, geben Sie Ihren asturischen Burger dazu, ein bisschen Hartk\u00e4se, die karamellisierte Zwiebel und ein bisschen Paprikamarmelade.<br \/>\n\t\t\t\t\t\t\t\t\t\t<img decoding=\"async\" width=\"300\" height=\"140\" src=\"https:\/\/hamburdehesa.com\/wp-content\/uploads\/2024\/02\/logos-igp-ternera-asturiana-parallax-300x140-1.png\" alt=\"\" loading=\"lazy\" \/>\t\t\t\t\t\t\t\t\t\t\t<\/p>\n<h4>AUF DEN BESTEN WEIDEN ERN\u00c4HRT<\/h4>\n<p>\t\tDas asturische Rindfleisch, als Ternera Asturiana G.G.A. zertifiziert und mit der Garantiemarke \u201eVacuno Mayor Asturiano\u201c, stammt von Tieren, die in Asturien geboren, aufgezogen, geschlachtet und zerlegt wurden. Ihre nat\u00fcrliche Ern\u00e4hrung, die traditionelle Zucht und der Respekt der Viehz\u00fcchter gegen\u00fcber der Umwelt f\u00fchren dazu, dass wir ein besonders gesch\u00e4tztes Fleisch bester Qualit\u00e4t erhalten. Aus einer der sch\u00f6nsten Gegenden Spaniens stammt der Hamburdehesa Asturiana, voller Geschmack und Qualit\u00e4t.<br \/>\n\t\t\t\t\t\t\t\t\t\t<img decoding=\"async\" width=\"768\" height=\"422\" src=\"https:\/\/hamburdehesa.com\/wp-content\/uploads\/2024\/02\/producto-bipack-asturiana-768x422-1.jpg\" alt=\"\" loading=\"lazy\" \/><br \/>\n\t\t\t\t\t\t\t\t\t\t<img decoding=\"async\" width=\"467\" height=\"88\" src=\"https:\/\/hamburdehesa.com\/wp-content\/uploads\/2024\/02\/iconos-bipack-angus-de-1.png\" alt=\"hamburdehesa labari\" loading=\"lazy\" \/><br \/>\n\t\t\t\t\t\t\t\t\t\t<img decoding=\"async\" src=\"https:\/\/hamburdehesa.com\/wp-content\/uploads\/2024\/02\/icono-vaca-ov7hjrygjmfmx34cvhgm6dqxt0zuj3dmvtpol3b17i-1.png\" title=\"icono-vaca\" alt=\"hamburdehesa labari\" \/>\t\t\t\t\t\t\t\t\t\t\t<\/p>\n<h2>ASTURIANA<\/h2>\n<h6>TERNERA ASTURIANA<\/h6>\n<h6>GESCH\u00dcTZTE GEOGRAPHISCHE ANGABE<\/h6>\n<h3>2 X 130g<\/h3>\n<p>Exquisites Fleisch von asturischem Rind zertifiziert als \u201eTernera Asturiana\u201c G.G.A. und als Garantiemarke \u201eVacuno Mayor Asturiano\u201c (asturisches Gro\u00dfrind). Die Erzeugung von diesem asturischem Rindfleisch erfolgt nach Methoden traditioneller Bewirtschaftung, respektvoll gegen\u00fcber der Umwelt und gegen\u00fcber dem Tierwohl bei der Zucht. Der Hamburdehesa del Norte pr\u00e4sentiert sich in einer Doppel-Skin-Verpackung.<\/p>\n<p>\t\t\t<a href=\"#contacto\" role=\"button\"><br \/>\n\t\t\t\t\t\tMEHR INFORMATIONEN<br \/>\n\t\t\t\t\t<\/a><\/p>\n<h4>ENTDECKEN SIE DIE GEHEIMNISSE DER HAMBURDEHESA<\/h4>\n<h2>DIE QUALIT\u00c4T<\/h2>\n<p>Wir treffen eine Auswahl der St\u00fccke in unseren Betrieben.<br \/>Wir w\u00e4hlen die besten Zutaten mit spezieller Beachtung der Allergene.<br \/>Wir verarbeiten und verpacken wie niemand sonst und arbeiten mit gr\u00f6\u00dfter Sorgfalt, um ein unvergleichliches Produkt anbieten zu k\u00f6nnen.<br \/>Deshalb sind wir stolz auf unsere Qualit\u00e4ts-Zertifikate wie IFS FOOD.<\/p>\n<p>\t\t\t\t\t\t\t\t\t\t<img decoding=\"async\" src=\"https:\/\/hamburdehesa.com\/wp-content\/uploads\/2024\/02\/iconos-calidad-de-ov7hjswee0t13v56uz8l66sgpcra1oz1f0l89czv4y.png\" title=\"iconos-calidad-de\" alt=\"hamburdehesa labari\" \/><br \/>\n\t\t\t<a href=\"https:\/\/hamburdehesa.com\/de\/ifs-food-zertifiziert-hamburdehesa\/\" role=\"button\"><br \/>\n\t\t\t\t\t\tIFS FOOD<br \/>\n\t\t\t\t\t<\/a><\/p>\n<h2>DIE INNOVATION<\/h2>\n<p>Wir verpacken wie niemand sonst.<br \/>Unser innovatives Verpackungssystem f\u00fcr individuelle Vakuumverpackung kann die Qualit\u00e4t, die Nahrungsmittelsicherheit und die Lebensdauer der Hamburdehesas zu garantieren, bis zu drei Mal l\u00e4nger als die markt\u00fcblichen Verpackungen.<br \/>Damit Sie in Ihrem Rhythmus kochen k\u00f6nnen und keine Lebensmittel verschwendet werden.<\/p>\n<p>\t\t\t\t\t\t\t\t\t\t<img decoding=\"async\" src=\"https:\/\/hamburdehesa.com\/wp-content\/uploads\/2024\/02\/iconos-innovacion-de-ov7hjrylq08kq0pd40kckwsfxc372bwz6rswxmz2jm.png\" title=\"iconos-innovacion-de\" alt=\"hamburdehesa labari\" \/><br \/>\n\t\t\t<a href=\"https:\/\/hamburdehesa.com\/de\/die-verpackung\/\" role=\"button\"><br \/>\n\t\t\t\t\t\tEINE HAMBURDEHESA \u00d6FFNEN<br \/>\n\t\t\t\t\t<\/a><br \/>\n\t\t\t\t\t\t\t\t\t\t<img decoding=\"async\" src=\"https:\/\/hamburdehesa.com\/wp-content\/uploads\/2024\/02\/grafico-innovacion-eng-ov7hjrym0ywtxmqd7mrgb9r0lwgstfr4rhpgfjszoi.png\" title=\"grafico-innovacion-eng\" alt=\"hamburdehesa labari\" \/>\t\t\t\t\t\t\t\t\t\t\t<\/p>\n<h2>DAS WIRD GEKOCHT<\/h2>\n<p>In unserem Blog finden Sie Rezepte, Tipps, Artikel, Neuigkeiten und Wettbewerbe. Schauen Sie sich unsere Ratgeber-Videos an und lernen Sie mehr \u00fcber Fleisch, Vieh, Zutaten, Zubereitungsarten und Beilagen. Entdecken Sie alle Geheimnisse eines echten Feldburgers.<\/p>\n<p>\t\t\t<a href=\"https:\/\/hamburdehesa.com\/de\/blog-de\/\" role=\"button\"><br \/>\n\t\t\t\t\t\tIN DIE K\u00dcCHE<br \/>\n\t\t\t\t\t<\/a><\/p>\n<h2>NEHMEN SIE MIT UNS KONTAKT AUF<\/h2>\n<p>enn Sie an unseren\u00a0<strong>Burger-Produkten einheimischer Rasse<\/strong>\u00a0interessiert sind, dann setzen Sie sich mit uns in Verbindung. Wir w\u00fcrden uns freuen, alle Ihre Fragen zu beantworten.<\/p>\n<p>Sie k\u00f6nnen sich per E-Mail an uns wenden, indem Sie dieses Formular ausf\u00fclllen oder, wenn Sie es vorziehen, rufen Sie uns an:<br \/>Telefon:\u00a0<strong>+34 955 63 02 63 |\u00a0<\/strong>Fax:\u00a0<strong>+34 955 63 04 34<\/strong><br \/>E-Mail:\u00a0<a href=\"mailto:info@hamburdehesa.com\"><strong>info@hamburdehesa.com<\/strong><\/a><\/p>\n<p>\t\t\t\t\t\t\t\t\t\t\t\t<a href=\"\">Extracto de la Pol\u00edtica de Privacidad<\/a><\/p>\n<p>De acuerdo con lo establecido por el Reglamento (UE) 2016\/679 del Parlamento Europeo y del Consejo, de 27 de abril de 2016 (RGPD) y la Ley Org\u00e1nica 3\/2018, de 5 de diciembre, de Protecci\u00f3n de Datos Personales y Garant\u00eda de los Derechos Digitales, le informamos que los datos personales aportados ser\u00e1n tratados por\u00a0<strong>EMBUTIDOS JABUGO, S.A.<\/strong>, con domicilio social en calle Marqu\u00e9s de Aracena, 78 \u2013 21360, El Repilado, Huelva, y domicilio comercial en Pol\u00edgono Industrial San Nicol\u00e1s, calle San Nicol\u00e1s uno, 26 \u2013 41500, Alcal\u00e1 de Guada\u00edra, Sevilla.<\/p>\n<p>Los datos aportados por usted son necesarios para prestarle el servicio solicitado, y ser\u00e1n tratados \u00fanicamente con la finalidad de gestionar y ejecutar dicha prestaci\u00f3n del mejor modo posible.<\/p>\n<p>Igualmente, le informamos de que no se prev\u00e9n cesiones de los datos que nos facilite. Sus datos personales ser\u00e1n conservados mientras persista la relaci\u00f3n con el responsable del tratamiento de los datos.<\/p>\n<p>Asimismo, le informamos de que tiene derecho a solicitar el acceso, rectificaci\u00f3n, supresi\u00f3n, limitaci\u00f3n del tratamiento, oposici\u00f3n o derecho a la portabilidad de sus datos personales a trav\u00e9s de un mensaje de correo electr\u00f3nico a la direcci\u00f3n\u00a0<a href=\"mailto:info@hamburdehesa.com\">info@hamburdehesa.com<\/a>\u00a0o bien presentando solicitud por escrito, acompa\u00f1ada de su DNI, pasaporte o tarjeta de residencia, en el domicilio anteriormente indicado.<\/p>\n<p>El ejercicio de alguno de dichos derechos no afectar\u00e1 a la licitud del tratamiento efectuado antes del mismo.<\/p>\n<p>Tiene derecho a presentar una reclamaci\u00f3n ante la autoridad de control si considera que pueden haber sido vulnerados sus derechos en lo concerniente a la protecci\u00f3n de sus datos personales.<\/p>\n<p><a href=\"https:\/\/hamburdehesa.com\/aviso-legal-y-politica-de-privacidad\/\">Ver Aviso Legal y Pol\u00edtica de Privacidad<\/a><\/p>\n","protected":false},"excerpt":{"rendered":"<p>HAMBURDEHESAS VON EINHEIMISCHEN RASSEN Eine Auswahl der besten Fleischst\u00fccke von einheimischen spanischen Rassen f\u00fcr die Herstellung von k\u00f6stlichen und nat\u00fcrlichen FeldBurgern. Hamburdehesa Avile\u00f1a und Hamburdehesa Asturiana, zwei Neuheiten von Gourmet-Burgern mit dem besten Fleisch zertifiziert mit dem Stempel G.G.A. (Gesch\u00fctzte Geographische Angabe), der die Herkunft und die authentische Exzellenz seines Ursprungs garantiert. AVILE\u00d1A Exquisites Fleisch [&hellip;]<\/p>\n","protected":false},"author":1,"featured_media":6136,"parent":0,"menu_order":0,"comment_status":"open","ping_status":"open","template":"","meta":{"_acf_changed":false,"footnotes":""},"class_list":["post-6229","page","type-page","status-publish","has-post-thumbnail","hentry"],"acf":[],"_links":{"self":[{"href":"https:\/\/hamburdehesa.com\/de\/wp-json\/wp\/v2\/pages\/6229","targetHints":{"allow":["GET"]}}],"collection":[{"href":"https:\/\/hamburdehesa.com\/de\/wp-json\/wp\/v2\/pages"}],"about":[{"href":"https:\/\/hamburdehesa.com\/de\/wp-json\/wp\/v2\/types\/page"}],"author":[{"embeddable":true,"href":"https:\/\/hamburdehesa.com\/de\/wp-json\/wp\/v2\/users\/1"}],"replies":[{"embeddable":true,"href":"https:\/\/hamburdehesa.com\/de\/wp-json\/wp\/v2\/comments?post=6229"}],"version-history":[{"count":0,"href":"https:\/\/hamburdehesa.com\/de\/wp-json\/wp\/v2\/pages\/6229\/revisions"}],"wp:featuredmedia":[{"embeddable":true,"href":"https:\/\/hamburdehesa.com\/de\/wp-json\/wp\/v2\/media\/6136"}],"wp:attachment":[{"href":"https:\/\/hamburdehesa.com\/de\/wp-json\/wp\/v2\/media?parent=6229"}],"curies":[{"name":"wp","href":"https:\/\/api.w.org\/{rel}","templated":true}]}}