{"id":6162,"date":"2023-03-30T14:13:28","date_gmt":"2023-03-30T12:13:28","guid":{"rendered":"https:\/\/hamburdehesa.com\/unsere-produkte\/"},"modified":"2024-04-15T12:13:17","modified_gmt":"2024-04-15T10:13:17","slug":"unsere-produkte","status":"publish","type":"page","link":"https:\/\/hamburdehesa.com\/de\/unsere-produkte\/","title":{"rendered":"Unsere Produkte: F\u00e4rse der Dehesa, Retinta, Avile\u00f1a, Asturiana, Wagyu und Angus"},"content":{"rendered":"<h1>UNSERE PRODUKTE<\/h1>\n<p>\t\tAlle unsere Hamburdehesas zeichnen sich durch ihr allergenfreies Fleisch, exquisiten Geschmack, h\u00f6chste Qualit\u00e4t und gro\u00dfe Saftigkeit aus. Das Geheimnis unserer Burger liegt in der Aufzucht unseres Viehs. Fleisch von F\u00e4rsen aus Freilandhaltung in der Dehesa, die mit Muttermilch und 100% pflanzlichem und nat\u00fcrlichem Viehfutter und Getreide gef\u00fcttert wurden. Ausgezeichnetes Rindfleisch der Rassen Retinta, Avile\u00f1a, Asturiana und Angus f\u00fcr die anspruchsvollsten Gaumen.<br \/>\n\t\t\t\t\t\t\t\t\t\t\t\t\t\t\t<img decoding=\"async\" width=\"760\" height=\"391\" src=\"https:\/\/hamburdehesa.com\/wp-content\/uploads\/2024\/02\/hamburdehesa-deutschland-steakhouse-2023-perspective.jpg\" alt=\"\" loading=\"lazy\" \/><br \/>\n\t\t\t\t\t\t\t\t\t\t\t\t\t\t\t<img decoding=\"async\" width=\"648\" height=\"89\" src=\"https:\/\/hamburdehesa.com\/wp-content\/uploads\/2024\/02\/iconos-bipack-novilla-de.png\" alt=\"hamburdehesa labari\" loading=\"lazy\" \/><br \/>\n\t\t\t\t\t\t\t\t\t\t\t\t\t\t\t<img decoding=\"async\" src=\"https:\/\/hamburdehesa.com\/wp-content\/uploads\/2024\/02\/icono-vaca-ov7hjrygjmfmx34cvhgm6dqxt0zuj3dmvtpol3b17i.png\" title=\"icono-vaca\" alt=\"hamburdehesa labari\" loading=\"lazy\" \/>\t\t\t\t\t\t\t\t\t\t\t\t\t\t\t<\/p>\n<h2>F\u00c4RSE AUS DER DEHESA STEAKHOUSE<\/h2>\n<h6>AUS FREILANDHALTUNG<\/h6>\n<h3>2 X 130g<\/h3>\n<p>\t\tUnser Spitzenhamburger. 100% echtes Fleisch der in der Dehesa gez\u00fcchteten F\u00e4rse. Mit Oliven\u00f6l hergestellt. Genie\u00dfen Sie den vollen Geschmack mit einer Energiezufuhr von 130 kcal und weniger als 6% Fett. Wird in einer individuellen Doppelverpackung pr\u00e4sentiert.<br \/>\n\t\t\t\t\t\t\t\t\t\t\t\t\t\t\t<img decoding=\"async\" width=\"760\" height=\"368\" src=\"https:\/\/hamburdehesa.com\/wp-content\/uploads\/2024\/02\/hamburdehesa-deutschland-steakhouse-xl-2023-perspective.jpg\" alt=\"\" loading=\"lazy\" \/><br \/>\n\t\t\t\t\t\t\t\t\t\t\t\t\t\t\t<img decoding=\"async\" width=\"648\" height=\"89\" src=\"https:\/\/hamburdehesa.com\/wp-content\/uploads\/2024\/02\/iconos-bipack-xl-de.png\" alt=\"hamburdehesa labari\" loading=\"lazy\" \/><br \/>\n\t\t\t\t\t\t\t\t\t\t\t\t\t\t\t<img decoding=\"async\" src=\"https:\/\/hamburdehesa.com\/wp-content\/uploads\/2024\/02\/icono-vaca-ov7hjrygjmfmx34cvhgm6dqxt0zuj3dmvtpol3b17i.png\" title=\"icono-vaca\" alt=\"hamburdehesa labari\" loading=\"lazy\" \/>\t\t\t\t\t\t\t\t\t\t\t\t\t\t\t<\/p>\n<h2>F\u00c4RSE AUS DER DEHESA XL STEAKHOUSE<br \/><\/h2>\n<h6>AUS FREILANDHALTUNG<\/h6>\n<h3>2 X 200g<\/h3>\n<p>\t\tF\u00fcr diejenigen, die mehr wollen. Exquisites Fleisch der in der Dehesa gez\u00fcchteten F\u00e4rse in XL-Format. Ausgezeichnete nutritive Eigenschaften, mit weniger als 6% Fett und mit Oliven\u00f6l hergestellt. Maximaler Geschmack f\u00fcr eine gr\u00f6\u00dfere Gr\u00f6\u00dfe: 200 Gramm. In individuellen Zweier-Verpackungen verf\u00fcgbar.<br \/>\n\t\t\t\t\t\t\t\t\t\t\t\t\t\t\t<img decoding=\"async\" width=\"760\" height=\"368\" src=\"https:\/\/hamburdehesa.com\/wp-content\/uploads\/2024\/02\/hamburdehesa-buey-2023-perspectiva.jpg\" alt=\"\" loading=\"lazy\" \/><br \/>\n\t\t\t\t\t\t\t\t\t\t\t\t\t\t\t<img decoding=\"async\" width=\"467\" height=\"88\" src=\"https:\/\/hamburdehesa.com\/wp-content\/uploads\/2024\/02\/iconos-bipack-angus-de.png\" alt=\"hamburdehesa labari\" loading=\"lazy\" \/><br \/>\n\t\t\t\t\t\t\t\t\t\t\t\t\t\t\t<img decoding=\"async\" src=\"https:\/\/hamburdehesa.com\/wp-content\/uploads\/2024\/02\/icono-vaca-ov7hjrygjmfmx34cvhgm6dqxt0zuj3dmvtpol3b17i.png\" title=\"icono-vaca\" alt=\"hamburdehesa labari\" loading=\"lazy\" \/>\t\t\t\t\t\t\t\t\t\t\t\t\t\t\t<\/p>\n<h2>OCHSE<\/h2>\n<h6>LIMITED EDITION<\/h6>\n<h3>2 X 160g<\/h3>\n<p>Das Juwel von Hamburdehesa. Ein RINDFLEISCH Burger in kontrollierter und limitierter Produktion.<\/p>\n<p>\t\t\t\t\t\t\t\t\t\t\t\t\t\t\t<img decoding=\"async\" width=\"150\" height=\"150\" src=\"https:\/\/hamburdehesa.com\/wp-content\/uploads\/2024\/02\/sello-buey-garantizado-comp-150x150-1.png\" alt=\"\" loading=\"lazy\" \/><br \/>\n\t\t\t\t\t\t\t\t\t\t\t\t\t\t\t<img decoding=\"async\" width=\"760\" height=\"368\" src=\"https:\/\/hamburdehesa.com\/wp-content\/uploads\/2024\/02\/hamburdehesa-newyork-2023-perspectiva.jpg\" alt=\"\" loading=\"lazy\" \/><br \/>\n\t\t\t\t\t\t\t\t\t\t\t\t\t\t\t<img decoding=\"async\" width=\"467\" height=\"88\" src=\"https:\/\/hamburdehesa.com\/wp-content\/uploads\/2024\/02\/iconos-bipack-angus-de.png\" alt=\"hamburdehesa labari\" loading=\"lazy\" \/><br \/>\n\t\t\t\t\t\t\t\t\t\t\t\t\t\t\t<img decoding=\"async\" src=\"https:\/\/hamburdehesa.com\/wp-content\/uploads\/2024\/02\/icono-vaca-ov7hjrygjmfmx34cvhgm6dqxt0zuj3dmvtpol3b17i.png\" title=\"icono-vaca\" alt=\"hamburdehesa labari\" loading=\"lazy\" \/>\t\t\t\t\t\t\t\t\t\t\t\t\t\t\t<\/p>\n<h2>NEW YORK STYLE<\/h2>\n<h6>INTENSIGER GESCHMACK, ZARTE UND WEICHE TEXTUR<\/h6>\n<h3>2 X 150g<\/h3>\n<p>Hamburdehesa New York Style hergestellt nach einem Rezept inspiriert in den Aromen der beru\u0308hmtesten Stadt der Welt und aus hochwertigsten Zutaten. Die 150 g schweren New-York-Style-Burger sind dank ihrem<br \/>\nintensiven Geschmack und der<br \/>\nausgezeichneten weichen und zarten Textur eine gewichtige kulinarische Option fu\u0308r Fleischliebhaber.<\/p>\n<p>\t\t\t\t\t\t\t\t\t\t\t\t\t\t\t<img decoding=\"async\" width=\"760\" height=\"391\" src=\"https:\/\/hamburdehesa.com\/wp-content\/uploads\/2024\/02\/hamburdehesa-deutschland-retinta-2x130-2023-perspective.jpg\" alt=\"\" loading=\"lazy\" \/><br \/>\n\t\t\t\t\t\t\t\t\t\t\t\t\t\t\t<img decoding=\"async\" width=\"467\" height=\"88\" src=\"https:\/\/hamburdehesa.com\/wp-content\/uploads\/2024\/02\/iconos-bipack-angus-de.png\" alt=\"hamburdehesa labari\" loading=\"lazy\" \/><br \/>\n\t\t\t\t\t\t\t\t\t\t\t\t\t\t\t<img decoding=\"async\" src=\"https:\/\/hamburdehesa.com\/wp-content\/uploads\/2024\/02\/icono-vaca-ov7hjrygjmfmx34cvhgm6dqxt0zuj3dmvtpol3b17i.png\" title=\"icono-vaca\" alt=\"hamburdehesa labari\" loading=\"lazy\" \/>\t\t\t\t\t\t\t\t\t\t\t\t\t\t\t<\/p>\n<h2>RIND DER RETINTA-RASSE<\/h2>\n<h3>2 X 130g<\/h3>\n<p>\t\tExklusives Fleisch von Rindern der im S\u00fcdwesten Spaniens einheimischen Rasse Retinta, mit ausgezeichneten organoleptischen Eigenschaften. Das erlesenste Fleisch in Doppel-Skin-Verpackung.<br \/>\n\t\t\t\t\t\t\t\t\t\t\t\t\t\t\t<img decoding=\"async\" width=\"760\" height=\"391\" src=\"https:\/\/hamburdehesa.com\/wp-content\/uploads\/2024\/02\/hamburdehesa-deutschland-avilena-2x130-2023-perspective.jpg\" alt=\"\" loading=\"lazy\" \/><br \/>\n\t\t\t\t\t\t\t\t\t\t\t\t\t\t\t<img decoding=\"async\" width=\"467\" height=\"88\" src=\"https:\/\/hamburdehesa.com\/wp-content\/uploads\/2024\/02\/iconos-bipack-angus-de.png\" alt=\"hamburdehesa labari\" loading=\"lazy\" \/><br \/>\n\t\t\t\t\t\t\t\t\t\t\t\t\t\t\t<img decoding=\"async\" src=\"https:\/\/hamburdehesa.com\/wp-content\/uploads\/2024\/02\/icono-vaca-ov7hjrygjmfmx34cvhgm6dqxt0zuj3dmvtpol3b17i.png\" title=\"icono-vaca\" alt=\"hamburdehesa labari\" loading=\"lazy\" \/>\t\t\t\t\t\t\t\t\t\t\t\t\t\t\t<\/p>\n<h2>AVILE\u00d1A<\/h2>\n<h6>CARNE DE \u00c1VILA<\/h6>\n<h6>GESCH\u00dcTZTE GEOGRAPHISCHE ANGABE<\/h6>\n<h3>2 X 130g<\/h3>\n<p>Exklusives Rindfleisch von der einheimischen Rasse Avile\u00f1a-Negra Ib\u00e9rica mit schwarzem Fell, zertifiziert als Carne de Avila, G.G.A. Das auserlesenste Fleisch von Gredos bis Avila f\u00fcr den Hamburdehesa Avile\u00f1a in Doppel-Skin-Verpackung.<\/p>\n<p>\t\t\t\t\t\t\t\t\t\t\t\t\t\t\t<img decoding=\"async\" src=\"https:\/\/hamburdehesa.com\/wp-content\/uploads\/2024\/02\/logos-igp-carne-de-avila-1-ov7hjswds3edyf23wgsnpthrwatb9edsj069nxv1zw.png\" title=\"logos-igp-carne-de-avila-1\" alt=\"logos-igp-carne-de-avila-1\" loading=\"lazy\" \/><br \/>\n\t\t\t\t\t\t\t\t\t\t\t\t\t\t\t<img decoding=\"async\" width=\"760\" height=\"391\" src=\"https:\/\/hamburdehesa.com\/wp-content\/uploads\/2024\/02\/hamburdehesa-deutschland-asturiana-2x130-2023-perspective.jpg\" alt=\"\" loading=\"lazy\" \/><br \/>\n\t\t\t\t\t\t\t\t\t\t\t\t\t\t\t<img decoding=\"async\" width=\"467\" height=\"88\" src=\"https:\/\/hamburdehesa.com\/wp-content\/uploads\/2024\/02\/iconos-bipack-angus-de.png\" alt=\"hamburdehesa labari\" loading=\"lazy\" \/><br \/>\n\t\t\t\t\t\t\t\t\t\t\t\t\t\t\t<img decoding=\"async\" src=\"https:\/\/hamburdehesa.com\/wp-content\/uploads\/2024\/02\/icono-vaca-ov7hjrygjmfmx34cvhgm6dqxt0zuj3dmvtpol3b17i.png\" title=\"icono-vaca\" alt=\"hamburdehesa labari\" loading=\"lazy\" \/>\t\t\t\t\t\t\t\t\t\t\t\t\t\t\t<\/p>\n<h2>ASTURIANA<\/h2>\n<h6>TERNERA ASTURIANA<\/h6>\n<h6>GESCH\u00dcTZTE GEOGRAPHISCHE ANGABE<\/h6>\n<h3>2 X 130g<\/h3>\n<p>Exquisites Fleisch von asturischem Rind zertifiziert als \u201eTernera Asturiana\u201c G.G.A. und als Garantiemarke \u201eVacuno Mayor Asturiano\u201c (asturisches Gro\u00dfrind). Die Erzeugung von diesem asturischem Rindfleisch erfolgt nach Methoden traditioneller Bewirtschaftung, respektvoll gegen\u00fcber der Umwelt und gegen\u00fcber dem Tierwohl bei der Zucht. Der Hamburdehesa del Norte pr\u00e4sentiert sich in einer Doppel-Skin-Verpackung.<\/p>\n<p>\t\t\t\t\t\t\t\t\t\t\t\t\t\t\t<img decoding=\"async\" src=\"https:\/\/hamburdehesa.com\/wp-content\/uploads\/2024\/02\/logos-igp-ternera-asturiana-329x153-1-ov7hjswds3edyf23wgsnpthrwatb9edsj069nxv1x4.png\" title=\"logos-igp-ternera-asturiana-329&#215;153\" alt=\"logos-igp-ternera-asturiana-329x153\" loading=\"lazy\" \/><br \/>\n\t\t\t\t\t\t\t\t\t\t\t\t\t\t\t<img decoding=\"async\" width=\"760\" height=\"391\" src=\"https:\/\/hamburdehesa.com\/wp-content\/uploads\/2024\/02\/hamburdehesa-deutschland-deutschland-angus-rasse-2x130-2023-perspective.jpg\" alt=\"\" loading=\"lazy\" \/><br \/>\n\t\t\t\t\t\t\t\t\t\t\t\t\t\t\t<img decoding=\"async\" width=\"467\" height=\"88\" src=\"https:\/\/hamburdehesa.com\/wp-content\/uploads\/2024\/02\/iconos-bipack-angus-de.png\" alt=\"hamburdehesa labari\" loading=\"lazy\" \/><br \/>\n\t\t\t\t\t\t\t\t\t\t\t\t\t\t\t<img decoding=\"async\" src=\"https:\/\/hamburdehesa.com\/wp-content\/uploads\/2024\/02\/icono-vaca-ov7hjrygjmfmx34cvhgm6dqxt0zuj3dmvtpol3b17i.png\" title=\"icono-vaca\" alt=\"hamburdehesa labari\" loading=\"lazy\" \/>\t\t\t\t\t\t\t\t\t\t\t\t\t\t\t<\/p>\n<h2>RIND DER ANGUS-RASSE<\/h2>\n<h3>2 X 130g<\/h3>\n<p>F\u00fcr die Anh\u00e4nger der Rasse Angus, die dieses Fleisch lieben. Dieser Burger zeichnet sich durch seinen intensiven Geschmack, seine exzellente Textur und seine gro\u00dfe Saftigkeit aus. Er besitzt eine gro\u00dfe Zahl an unges\u00e4ttigten Fetts\u00e4uren, wodurch er einen tiefen Cholesteringehalt hat. In zwei einzelnen Verpackungen pr\u00e4sentiert.<\/p>\n<p>\t\t\t<a href=\"https:\/\/hamburdehesa.com\/de\/die-schottische-herkunft-der-rasse-berdeen-angus\/\"><br \/>\n\t\t\t\t\t\tENTDECKEN SIE DIE RASSE<br \/>\n\t\t\t\t\t<\/a><br \/>\n\t\t\t\t\t\t\t\t\t\t\t\t\t\t\t<img decoding=\"async\" width=\"760\" height=\"354\" src=\"https:\/\/hamburdehesa.com\/wp-content\/uploads\/2024\/02\/hamburdehesa-wagyu-aleman-2x130-perspectiva.jpg\" alt=\"\" loading=\"lazy\" \/><br \/>\n\t\t\t\t\t\t\t\t\t\t\t\t\t\t\t<img decoding=\"async\" width=\"467\" height=\"88\" src=\"https:\/\/hamburdehesa.com\/wp-content\/uploads\/2024\/02\/iconos-bipack-angus-de.png\" alt=\"hamburdehesa labari\" loading=\"lazy\" \/><br \/>\n\t\t\t\t\t\t\t\t\t\t\t\t\t\t\t<img decoding=\"async\" src=\"https:\/\/hamburdehesa.com\/wp-content\/uploads\/2024\/02\/icono-vaca-ov7hjrygjmfmx34cvhgm6dqxt0zuj3dmvtpol3b17i.png\" title=\"icono-vaca\" alt=\"hamburdehesa labari\" loading=\"lazy\" \/>\t\t\t\t\t\t\t\t\t\t\t\t\t\t\t<\/p>\n<h2>RIND DER WAGYU-RASSE\u200b<\/h2>\n<h3>2 X 130g<\/h3>\n<p>Das Premium-Angebot aus der Sonderklasse, nur fu\u0308r den Export bestimmt. Unser Wagyu-Rind wird im Freiland in der Ruhe der besten spanischen Weiden aufgezogen und sein Fleisch gilt als eines der besten der Welt.<br \/>\nEin einzigartiges \u00d6kosystem fu\u0308r eine au\u00dferordentliche Rasse ergibt einen unvergleichlichen Burger.<\/p>\n","protected":false},"excerpt":{"rendered":"<p>UNSERE PRODUKTE Alle unsere Hamburdehesas zeichnen sich durch ihr allergenfreies Fleisch, exquisiten Geschmack, h\u00f6chste Qualit\u00e4t und gro\u00dfe Saftigkeit aus. Das Geheimnis unserer Burger liegt in der Aufzucht unseres Viehs. Fleisch von F\u00e4rsen aus Freilandhaltung in der Dehesa, die mit Muttermilch und 100% pflanzlichem und nat\u00fcrlichem Viehfutter und Getreide gef\u00fcttert wurden. Ausgezeichnetes Rindfleisch der Rassen Retinta, [&hellip;]<\/p>\n","protected":false},"author":1,"featured_media":6194,"parent":0,"menu_order":0,"comment_status":"open","ping_status":"open","template":"","meta":{"_acf_changed":false,"footnotes":""},"class_list":["post-6162","page","type-page","status-publish","has-post-thumbnail","hentry"],"acf":[],"_links":{"self":[{"href":"https:\/\/hamburdehesa.com\/de\/wp-json\/wp\/v2\/pages\/6162","targetHints":{"allow":["GET"]}}],"collection":[{"href":"https:\/\/hamburdehesa.com\/de\/wp-json\/wp\/v2\/pages"}],"about":[{"href":"https:\/\/hamburdehesa.com\/de\/wp-json\/wp\/v2\/types\/page"}],"author":[{"embeddable":true,"href":"https:\/\/hamburdehesa.com\/de\/wp-json\/wp\/v2\/users\/1"}],"replies":[{"embeddable":true,"href":"https:\/\/hamburdehesa.com\/de\/wp-json\/wp\/v2\/comments?post=6162"}],"version-history":[{"count":0,"href":"https:\/\/hamburdehesa.com\/de\/wp-json\/wp\/v2\/pages\/6162\/revisions"}],"wp:featuredmedia":[{"embeddable":true,"href":"https:\/\/hamburdehesa.com\/de\/wp-json\/wp\/v2\/media\/6194"}],"wp:attachment":[{"href":"https:\/\/hamburdehesa.com\/de\/wp-json\/wp\/v2\/media?parent=6162"}],"curies":[{"name":"wp","href":"https:\/\/api.w.org\/{rel}","templated":true}]}}