{"id":6148,"date":"2020-12-11T17:31:55","date_gmt":"2020-12-11T16:31:55","guid":{"rendered":"https:\/\/hamburdehesa.com\/das-gastgewerbe\/"},"modified":"2024-03-08T09:47:33","modified_gmt":"2024-03-08T08:47:33","slug":"das-gastgewerbe","status":"publish","type":"page","link":"https:\/\/hamburdehesa.com\/de\/das-gastgewerbe\/","title":{"rendered":"Das Gastgewerbe"},"content":{"rendered":"<h1>DAS GASTGEWERBE<\/h1>\n<p>Gedacht f\u00fcr Profis im Hotel- und Gastst\u00e4ttengewerbe. Damit sie unsere ausgew\u00e4hlten Hamburdehesas im HoGa-Format erwerben k\u00f6nnen. Unsere Burger werden in Sichtpackungen mit sechs oder acht einzeln vakuumverpackten Einheiten pr\u00e4sentiert. Eine andere Form, den intensiven Geschmack und die ausgezeichnete Qualit\u00e4t authentischer Feldburger zu erleben und zu genie\u00dfen, die von K\u00f6chen zubereitet werden, welche ihre unverwechselbare pers\u00f6nliche Pr\u00e4gung in die K\u00fcche bringen.<\/p>\n<p>\t\t\t\t\t\t\t\t\t\t\t\t\t\t\t<img decoding=\"async\" width=\"768\" height=\"550\" src=\"https:\/\/hamburdehesa.com\/wp-content\/uploads\/2024\/02\/Estuche8-NOVILLA-PERSPECTIVA-2023-768x550-1.png\" alt=\"\" loading=\"lazy\" \/><br \/>\n\t\t\t\t\t\t\t\t\t\t\t\t\t\t\t<img decoding=\"async\" width=\"648\" height=\"89\" src=\"https:\/\/hamburdehesa.com\/wp-content\/uploads\/2018\/09\/iconos-estuche-novilla-de.png\" alt=\"hamburdehesa labari\" loading=\"lazy\" \/><br \/>\n\t\t\t\t\t\t\t\t\t\t\t\t\t\t\t<img decoding=\"async\" src=\"https:\/\/hamburdehesa.com\/wp-content\/uploads\/2024\/02\/icono-vaca-ov7hjrygjmfmx34cvhgm6dqxt0zuj3dmvtpol3b17i.png\" title=\"icono-vaca\" alt=\"hamburdehesa labari\" loading=\"lazy\" \/>\t\t\t\t\t\t\t\t\t\t\t\t\t\t\t<\/p>\n<h2>F\u00c4RSE AUS DER DEHESA STEAKHOUSE<u><\/u><\/h2>\n<h6>AUS FREILANDHALTUNG<\/h6>\n<h3>8 X 130g<\/h3>\n<p>Unser klassischer Burger mit 100% F\u00e4rsenfleisch der Dehesa. Wir nehmen Neuerungen vor und f\u00fchren diese Art von Fleisch in die Welt des Hamburgers ein, denn in Spanien wird es nur sparsam verwendet. Hamburdehesa in Top-Qualit\u00e4t. In individuellen Verpackungen mit acht St\u00fcck pr\u00e4sentiert.<\/p>\n<p>\t\t\t\t\t\t\t\t\t\t\t\t\t\t\t<img decoding=\"async\" width=\"760\" height=\"544\" src=\"https:\/\/hamburdehesa.com\/wp-content\/uploads\/2024\/02\/Estuche8-novilla-de-la-dehesa-xl-perspectiva-2023.jpg\" alt=\"\" loading=\"lazy\" \/><br \/>\n\t\t\t\t\t\t\t\t\t\t\t\t\t\t\t<img decoding=\"async\" width=\"648\" height=\"89\" src=\"https:\/\/hamburdehesa.com\/wp-content\/uploads\/2018\/09\/iconos-estuche-xl-de.png\" alt=\"hamburdehesa labari\" loading=\"lazy\" \/><br \/>\n\t\t\t\t\t\t\t\t\t\t\t\t\t\t\t<img decoding=\"async\" src=\"https:\/\/hamburdehesa.com\/wp-content\/uploads\/2024\/02\/icono-vaca-ov7hjrygjmfmx34cvhgm6dqxt0zuj3dmvtpol3b17i.png\" title=\"icono-vaca\" alt=\"hamburdehesa labari\" loading=\"lazy\" \/>\t\t\t\t\t\t\t\t\t\t\t\t\t\t\t<\/p>\n<h2>F\u00c4RSE AUS DER DEHESA XL STEAKHOUSE<\/h2>\n<h6>AUS FREILANDHALTUNG<\/h6>\n<h3>6 X 200g<\/h3>\n<p>F\u00fcr die Liebhaber der Hamburdehesas, die immer Lust auf mehr haben. Wir bringen die Gr\u00f6\u00dfe XL auf den Markt, damit Sie den exquisiten Geschmack des 100%igen F\u00e4rsenfleisches der Dehesa noch mehr genie\u00dfen k\u00f6nnen. HoGa-Format: Sichtpackungen mit sechs einzeln vakuumverpackten Burgern.<\/p>\n<p>\t\t\t\t\t\t\t\t\t\t\t\t\t\t\t<img decoding=\"async\" width=\"760\" height=\"544\" src=\"https:\/\/hamburdehesa.com\/wp-content\/uploads\/2024\/02\/Estuche8-retinta-perspectiva-2023.jpg\" alt=\"\" loading=\"lazy\" \/><br \/>\n\t\t\t\t\t\t\t\t\t\t\t\t\t\t\t<img decoding=\"async\" width=\"467\" height=\"88\" src=\"https:\/\/hamburdehesa.com\/wp-content\/uploads\/2018\/09\/iconos-estuche-retinta-de.png\" alt=\"hamburdehesa labari\" loading=\"lazy\" \/><br \/>\n\t\t\t\t\t\t\t\t\t\t\t\t\t\t\t<img decoding=\"async\" src=\"https:\/\/hamburdehesa.com\/wp-content\/uploads\/2024\/02\/icono-vaca-ov7hjrygjmfmx34cvhgm6dqxt0zuj3dmvtpol3b17i.png\" title=\"icono-vaca\" alt=\"hamburdehesa labari\" loading=\"lazy\" \/>\t\t\t\t\t\t\t\t\t\t\t\t\t\t\t<\/p>\n<h2>RIND DER RETINTA-RASSE<\/h2>\n<h3>8 X 130g<\/h3>\n<p>Erlesenes Fleisch der Rasse Retinta\u00a0 von Andalusien und Extremadura. Es ist zart, schmackhaft und von h\u00f6chster Qualit\u00e4t. Ein Premium-Burger, um Gourmet-Kunden zu begeistern. Er wird in Sichtpackungen mit acht einzeln vakuumverpackten Einheiten pr\u00e4sentiert.<\/p>\n<p>\t\t\t\t\t\t\t\t\t\t\t\t\t\t\t<img decoding=\"async\" width=\"760\" height=\"544\" src=\"https:\/\/hamburdehesa.com\/wp-content\/uploads\/2024\/02\/Estuche8-angus-perspectiva-2023.jpg\" alt=\"\" loading=\"lazy\" \/><br \/>\n\t\t\t\t\t\t\t\t\t\t\t\t\t\t\t<img decoding=\"async\" width=\"467\" height=\"88\" src=\"https:\/\/hamburdehesa.com\/wp-content\/uploads\/2018\/09\/iconos-estuche-angus-de.png\" alt=\"hamburdehesa labari\" loading=\"lazy\" \/><br \/>\n\t\t\t\t\t\t\t\t\t\t\t\t\t\t\t<img decoding=\"async\" src=\"https:\/\/hamburdehesa.com\/wp-content\/uploads\/2024\/02\/icono-vaca-ov7hjrygjmfmx34cvhgm6dqxt0zuj3dmvtpol3b17i.png\" title=\"icono-vaca\" alt=\"hamburdehesa labari\" loading=\"lazy\" \/>\t\t\t\t\t\t\t\t\t\t\t\t\t\t\t<\/p>\n<h2>RIND DER ANGUS-RASSE<\/h2>\n<h3>8 X 130g<\/h3>\n<p>Fleisch aus Schottland aus der gleichnamigen Region, das sich nach Argentinien und den Vereinigten Staaten ausgebreitet hat. In Spanien wird es immer h\u00e4ufiger von Kunden von raffinierten Gaumen und au\u00dfergew\u00f6hnlichen Geschm\u00e4ckern verlangt. Es zeichnet sich durch seinen gro\u00dfartigen Geschmack und Fettmaserung aus. F\u00fcr die exquisitesten Kunden der Hamburdehesa. Es wird in einer Sichtpackung mit acht einzeln verpackten Einheiten pr\u00e4sentiert.<\/p>\n","protected":false},"excerpt":{"rendered":"<p>DAS GASTGEWERBE Gedacht f\u00fcr Profis im Hotel- und Gastst\u00e4ttengewerbe. Damit sie unsere ausgew\u00e4hlten Hamburdehesas im HoGa-Format erwerben k\u00f6nnen. Unsere Burger werden in Sichtpackungen mit sechs oder acht einzeln vakuumverpackten Einheiten pr\u00e4sentiert. Eine andere Form, den intensiven Geschmack und die ausgezeichnete Qualit\u00e4t authentischer Feldburger zu erleben und zu genie\u00dfen, die von K\u00f6chen zubereitet werden, welche ihre [&hellip;]<\/p>\n","protected":false},"author":1,"featured_media":6092,"parent":0,"menu_order":0,"comment_status":"open","ping_status":"open","template":"","meta":{"_acf_changed":false,"footnotes":""},"class_list":["post-6148","page","type-page","status-publish","has-post-thumbnail","hentry"],"acf":[],"_links":{"self":[{"href":"https:\/\/hamburdehesa.com\/de\/wp-json\/wp\/v2\/pages\/6148","targetHints":{"allow":["GET"]}}],"collection":[{"href":"https:\/\/hamburdehesa.com\/de\/wp-json\/wp\/v2\/pages"}],"about":[{"href":"https:\/\/hamburdehesa.com\/de\/wp-json\/wp\/v2\/types\/page"}],"author":[{"embeddable":true,"href":"https:\/\/hamburdehesa.com\/de\/wp-json\/wp\/v2\/users\/1"}],"replies":[{"embeddable":true,"href":"https:\/\/hamburdehesa.com\/de\/wp-json\/wp\/v2\/comments?post=6148"}],"version-history":[{"count":0,"href":"https:\/\/hamburdehesa.com\/de\/wp-json\/wp\/v2\/pages\/6148\/revisions"}],"wp:featuredmedia":[{"embeddable":true,"href":"https:\/\/hamburdehesa.com\/de\/wp-json\/wp\/v2\/media\/6092"}],"wp:attachment":[{"href":"https:\/\/hamburdehesa.com\/de\/wp-json\/wp\/v2\/media?parent=6148"}],"curies":[{"name":"wp","href":"https:\/\/api.w.org\/{rel}","templated":true}]}}