{"id":6142,"date":"2020-12-08T09:56:09","date_gmt":"2020-12-08T08:56:09","guid":{"rendered":"https:\/\/hamburdehesa.com\/die-verpackung\/"},"modified":"2024-06-05T08:16:40","modified_gmt":"2024-06-05T06:16:40","slug":"die-verpackung","status":"publish","type":"page","link":"https:\/\/hamburdehesa.com\/de\/die-verpackung\/","title":{"rendered":"Die innovativste Verpackung f\u00fcr Gourmet-Burger"},"content":{"rendered":"<h1>DIE VERPACKUNG<\/h1>\n<p>Das innovative System der individuellen Vakuumverpackung garantiert Qualit\u00e4t und Lebensmittelsicherheit und verl\u00e4ngert die Haltbarkeit der Hamburdehesas um das Dreifache gegen\u00fcber jeder herk\u00f6mmlichen Verpackung.<\/p>\n<p>\t\t\t\t\t\t\t\t\t\t\t\t<img decoding=\"async\" width=\"1024\" height=\"180\" src=\"https:\/\/hamburdehesa.com\/wp-content\/uploads\/2024\/02\/background-elenvase1-1024x180-1.png\" alt=\"\" loading=\"lazy\" \/><br \/>\n\t\t<iframe loading=\"lazy\" title=\"\u00bfC\u00f3mo abrir una Hambudehesa?\" width=\"500\" height=\"281\" src=\"https:\/\/www.youtube.com\/embed\/BUZ9C8g7dW4?feature=oembed\" frameborder=\"0\" allow=\"accelerometer; autoplay; clipboard-write; encrypted-media; gyroscope; picture-in-picture; web-share\" referrerpolicy=\"strict-origin-when-cross-origin\" allowfullscreen><\/iframe>\t\t<\/p>\n<h2>AUSGEZEICHNETE HALTBARKEIT: DIE BESTE VERPACKUNG<\/h2>\n<p>Diese Verpackung bietet au\u00dfergew\u00f6hnliche Ergebnisse bez\u00fcglich der Haltbarmachung von Fleisch. Durch dieses Verfahren wird erreicht, dass nach dem Ablassen der Luft nur eine geringe Sauerstoffkonzentration in der Verpackung verbleibt, was das Wachstum von aeroben Mikroorganismen und die Oxidationsreaktionen hemmt.<br \/>Auf diese Weise hat unser Verpackungssystem klare Vorteile f\u00fcr die Haltbarmachung des Produktes:<\/p>\n<ul>\n<li><strong>Die Frische der Hamburdehesas h\u00e4lt drei Mal l\u00e4nger als bei anderen herk\u00f6mmlichen Verpackungen.<\/strong><\/li>\n<li><strong>Die Haltbarkeit wird verl\u00e4ngert.<\/strong><\/li>\n<li><strong>Die N\u00e4hrwerte, die herrliche Textur und der ausgezeichnete Geschmack werden perfekt beibehalten.<\/strong><\/li>\n<li><strong>Die Ern\u00e4hrungseigenschaften oder organoleptischen Qualit\u00e4ten bleiben unver\u00e4ndert.<\/strong><\/li>\n<li><strong>Die meisten sch\u00e4dlichen Bakterien, die in der Nahrung enthalten sind, werden unterdr\u00fcckt.<\/strong><\/li>\n<\/ul>\n<p>Dar\u00fcber hinaus werden Vakuumverpackungen durch andere Konservierungsmethoden erg\u00e4nzt, da die Hamburdehesas anschlie\u00dfend zwischen 0\u00b0 und 4 \u00b0C gek\u00fchlt aufbewahrt werden m\u00fcssen<\/p>\n<p>\t\t\t\t\t\t\t\t\t\t\t\t<img decoding=\"async\" src=\"https:\/\/hamburdehesa.com\/wp-content\/uploads\/elementor\/thumbs\/grafico-innovacion-gris-de-ov7hjrym0ywtxmqd7mrgb9r0lwgstfr4rhpgfjszlq.png\" title=\"grafico-innovacion-gris-de\" alt=\"hamburdehesa labari\" \/>\t\t\t\t\t\t\t\t\t\t\t\t\t\t<\/p>\n<h2>EINZELVERPACKUNGEN<\/h2>\n<p>Die Einzelverpackungen sind ideal, damit jeder Einzelne nach seinem Rhythmus kochen kann und keine Lebensmittel verschwendet werden. Geeignet f\u00fcr Single, Paare oder f\u00fcr diejenigen, die nur wenig essen. Auf diese Weise kaufen, kochen und konsumieren Sie, was Sie brauchen und verhindern damit, dass die Lebensmittel verderben und dann weggeworfen werden. Die individuelle Verpackung enth\u00e4lt eine Hamburdehesa, die nach \u00d6ffnen der Verpackung direkt zubereitet werden muss.<\/p>\n<h2>ENTWICKLUNG DER VERPACKUNGEN DER HAMBURGER<\/h2>\n<p>Das Verpackungssystem hat sich in den letzten Jahren sprunghaft weiterentwickelt und bietet erhebliche Verbesserungen in der Konservierung von Lebensmitteln. Diese Tabelle vergleicht die verschiedenen Hamburger-Verpackungen von den 80er Jahren bis heute. Man sieht, wie die von Hamburdehesa verwendete Vakuumverpackung zweifellos allen Verpackungen voraus ist, die auf dem Markt zu finden sind.<\/p>\n<p>\t\t\t\t\t\t\t\t\t\t\t\t<img decoding=\"async\" width=\"794\" height=\"395\" src=\"https:\/\/hamburdehesa.com\/wp-content\/uploads\/2018\/09\/tabla-de.png\" alt=\"hamburdehesa labari\" loading=\"lazy\" \/>\t\t\t\t\t\t\t\t\t\t\t\t\t\t<\/p>\n<h2>SO \u00d6FFNET MAN EINE HAMBURDEHESA<\/h2>\n<p>Zum \u00d6ffnen und Verzehr einer leckeren Hamburdehesa m\u00fcssen folgende Schritte befolgt werden:<\/p>\n<ol>\n<li>Kartonage entfernen.<\/li>\n<li>Die beiden Hamburdehesas trennen.<\/li>\n<li>Den Deckel abnehmen.<\/li>\n<li>Die Seiten dr\u00fccken, um die Hamburdehesa aus ihrer Verpackung zu nehmen. Direkt auf die Grillplatte legen.<\/li>\n<li>Jetzt muss sie nur noch nach unserem Geschmack zubereitet werden und fertig!<\/li>\n<\/ol>\n<p>https:\/\/hamburdehesa.com\/wp-content\/uploads\/2018\/01\/COMO-ABRIR-UNA-HAMBURDEHESA.mp4<\/p>\n","protected":false},"excerpt":{"rendered":"<p>DIE VERPACKUNG Das innovative System der individuellen Vakuumverpackung garantiert Qualit\u00e4t und Lebensmittelsicherheit und verl\u00e4ngert die Haltbarkeit der Hamburdehesas um das Dreifache gegen\u00fcber jeder herk\u00f6mmlichen Verpackung. AUSGEZEICHNETE HALTBARKEIT: DIE BESTE VERPACKUNG Diese Verpackung bietet au\u00dfergew\u00f6hnliche Ergebnisse bez\u00fcglich der Haltbarmachung von Fleisch. Durch dieses Verfahren wird erreicht, dass nach dem Ablassen der Luft nur eine geringe Sauerstoffkonzentration [&hellip;]<\/p>\n","protected":false},"author":1,"featured_media":6115,"parent":0,"menu_order":0,"comment_status":"open","ping_status":"open","template":"","meta":{"_acf_changed":false,"footnotes":""},"class_list":["post-6142","page","type-page","status-publish","has-post-thumbnail","hentry"],"acf":[],"_links":{"self":[{"href":"https:\/\/hamburdehesa.com\/de\/wp-json\/wp\/v2\/pages\/6142","targetHints":{"allow":["GET"]}}],"collection":[{"href":"https:\/\/hamburdehesa.com\/de\/wp-json\/wp\/v2\/pages"}],"about":[{"href":"https:\/\/hamburdehesa.com\/de\/wp-json\/wp\/v2\/types\/page"}],"author":[{"embeddable":true,"href":"https:\/\/hamburdehesa.com\/de\/wp-json\/wp\/v2\/users\/1"}],"replies":[{"embeddable":true,"href":"https:\/\/hamburdehesa.com\/de\/wp-json\/wp\/v2\/comments?post=6142"}],"version-history":[{"count":0,"href":"https:\/\/hamburdehesa.com\/de\/wp-json\/wp\/v2\/pages\/6142\/revisions"}],"wp:featuredmedia":[{"embeddable":true,"href":"https:\/\/hamburdehesa.com\/de\/wp-json\/wp\/v2\/media\/6115"}],"wp:attachment":[{"href":"https:\/\/hamburdehesa.com\/de\/wp-json\/wp\/v2\/media?parent=6142"}],"curies":[{"name":"wp","href":"https:\/\/api.w.org\/{rel}","templated":true}]}}