{"id":6141,"date":"2024-03-08T07:58:10","date_gmt":"2024-03-08T06:58:10","guid":{"rendered":"https:\/\/hamburdehesa.com\/kontakt\/"},"modified":"2026-04-11T21:18:04","modified_gmt":"2026-04-11T19:18:04","slug":"kontakt","status":"publish","type":"page","link":"https:\/\/hamburdehesa.com\/de\/kontakt\/","title":{"rendered":"Kontaktieren Sie Hamburdehesa"},"content":{"rendered":"<h1>FRAGEN SIE UNS<\/h1>\n<p>Sind Sie begeistert von unseren Hamburdehesas? M\u00f6chten Sie mehr Informationen \u00fcber den besten Feldburger erhalten? Wollten Sie noch mehr \u00fcber unser leckeres und saftiges Fleisch wissen? Dann fragen Sie uns. F\u00fcllen Sie folgendes Formular aus und senden Sie es an uns. Wir informieren Sie \u00fcber alles, was Sie \u00fcber die Hamburdehesa wissen m\u00f6chten. Sprechen Sie uns an!<\/p>\n<p>\t\t\t\t\t\t\t\t\t\t\t\t<a href=\"\">Extracto de la Pol\u00edtica de Privacidad<\/a><\/p>\n<p>De acuerdo con lo establecido por el Reglamento (UE) 2016\/679 del Parlamento Europeo y del Consejo, de 27 de abril de 2016 (RGPD) y la Ley Org\u00e1nica 3\/2018, de 5 de diciembre, de Protecci\u00f3n de Datos Personales y Garant\u00eda de los Derechos Digitales, le informamos que los datos personales aportados ser\u00e1n tratados por\u00a0<strong>EMBUTIDOS JABUGO, S.A.<\/strong>, con domicilio social en calle Marqu\u00e9s de Aracena, 78 \u2013 21360, El Repilado, Huelva, y domicilio comercial en Pol\u00edgono Industrial San Nicol\u00e1s, calle San Nicol\u00e1s uno, 26 \u2013 41500, Alcal\u00e1 de Guada\u00edra, Sevilla.<\/p>\n<p>Los datos aportados por usted son necesarios para prestarle el servicio solicitado, y ser\u00e1n tratados \u00fanicamente con la finalidad de gestionar y ejecutar dicha prestaci\u00f3n del mejor modo posible.<\/p>\n<p>Igualmente, le informamos de que no se prev\u00e9n cesiones de los datos que nos facilite. Sus datos personales ser\u00e1n conservados mientras persista la relaci\u00f3n con el responsable del tratamiento de los datos.<\/p>\n<p>Asimismo, le informamos de que tiene derecho a solicitar el acceso, rectificaci\u00f3n, supresi\u00f3n, limitaci\u00f3n del tratamiento, oposici\u00f3n o derecho a la portabilidad de sus datos personales a trav\u00e9s de un mensaje de correo electr\u00f3nico a la direcci\u00f3n\u00a0<a href=\"mailto:info@hamburdehesa.com\">info@hamburdehesa.com<\/a>\u00a0o bien presentando solicitud por escrito, acompa\u00f1ada de su DNI, pasaporte o tarjeta de residencia, en el domicilio anteriormente indicado.<\/p>\n<p>El ejercicio de alguno de dichos derechos no afectar\u00e1 a la licitud del tratamiento efectuado antes del mismo.<\/p>\n<p>Tiene derecho a presentar una reclamaci\u00f3n ante la autoridad de control si considera que pueden haber sido vulnerados sus derechos en lo concerniente a la protecci\u00f3n de sus datos personales.<\/p>\n<p><a href=\"https:\/\/hamburdehesa.com\/aviso-legal-y-politica-de-privacidad\/\">Ver Aviso Legal y Pol\u00edtica de Privacidad<\/a><\/p>\n","protected":false},"excerpt":{"rendered":"<p>FRAGEN SIE UNS Sind Sie begeistert von unseren Hamburdehesas? M\u00f6chten Sie mehr Informationen \u00fcber den besten Feldburger erhalten? Wollten Sie noch mehr \u00fcber unser leckeres und saftiges Fleisch wissen? Dann fragen Sie uns. F\u00fcllen Sie folgendes Formular aus und senden Sie es an uns. Wir informieren Sie \u00fcber alles, was Sie \u00fcber die Hamburdehesa wissen [&hellip;]<\/p>\n","protected":false},"author":1,"featured_media":0,"parent":0,"menu_order":0,"comment_status":"open","ping_status":"closed","template":"","meta":{"_acf_changed":false,"footnotes":""},"class_list":["post-6141","page","type-page","status-publish","hentry"],"acf":[],"_links":{"self":[{"href":"https:\/\/hamburdehesa.com\/de\/wp-json\/wp\/v2\/pages\/6141","targetHints":{"allow":["GET"]}}],"collection":[{"href":"https:\/\/hamburdehesa.com\/de\/wp-json\/wp\/v2\/pages"}],"about":[{"href":"https:\/\/hamburdehesa.com\/de\/wp-json\/wp\/v2\/types\/page"}],"author":[{"embeddable":true,"href":"https:\/\/hamburdehesa.com\/de\/wp-json\/wp\/v2\/users\/1"}],"replies":[{"embeddable":true,"href":"https:\/\/hamburdehesa.com\/de\/wp-json\/wp\/v2\/comments?post=6141"}],"version-history":[{"count":1,"href":"https:\/\/hamburdehesa.com\/de\/wp-json\/wp\/v2\/pages\/6141\/revisions"}],"predecessor-version":[{"id":13551,"href":"https:\/\/hamburdehesa.com\/de\/wp-json\/wp\/v2\/pages\/6141\/revisions\/13551"}],"wp:attachment":[{"href":"https:\/\/hamburdehesa.com\/de\/wp-json\/wp\/v2\/media?parent=6141"}],"curies":[{"name":"wp","href":"https:\/\/api.w.org\/{rel}","templated":true}]}}