{"id":10362,"date":"2020-12-08T13:34:48","date_gmt":"2020-12-08T12:34:48","guid":{"rendered":"https:\/\/hamburdehesa.com\/rezepte\/"},"modified":"2020-12-08T13:34:48","modified_gmt":"2020-12-08T12:34:48","slug":"rezepte","status":"publish","type":"page","link":"https:\/\/hamburdehesa.com\/de\/rezepte\/","title":{"rendered":"Rezepte"},"content":{"rendered":"<h1>REZEPTE<br \/>\nUM DIE BESTEN HAMBURDEHESAS ZUBEREITEN<\/h1>\n<p>\t\t\t\t\t\t\t\t\t\t<img decoding=\"async\" width=\"150\" height=\"150\" src=\"https:\/\/hamburdehesa.com\/wp-content\/uploads\/2024\/02\/unnamed-150x150-1.png\" alt=\"\" loading=\"lazy\" srcset=\"https:\/\/hamburdehesa.com\/wp-content\/uploads\/2024\/02\/unnamed-150x150-1.png 150w, https:\/\/hamburdehesa.com\/wp-content\/uploads\/2024\/02\/unnamed-100x100-1.png 100w, https:\/\/hamburdehesa.com\/wp-content\/uploads\/2024\/02\/unnamed.png 300w, https:\/\/hamburdehesa.com\/wp-content\/uploads\/2024\/02\/unnamed-256x256-1.png 256w\" sizes=\"auto, (max-width: 150px) 100vw, 150px\"><br \/>\n Wenn Sie wissen m\u00f6chten, wie Sie die besten Hamburdehesas auf vielf\u00e4ltige Weise zubereiten und sich und Ihre Freunde mit ihrer K\u00f6stlichkeit \u00fcberraschen m\u00f6chten, befolgen Sie diese Rezepte. Um es Ihnen leicht zu machen, bereiten wir Schritt f\u00fcr Schritt Videorezepte vor, damit Sie nichts vergessen. Genie\u00dfe sie. <\/p>\n<form method=\"get\" action=\"http:\/\/hamburdehesa.com\/\" role=\"search\">\n\t\t\t\t\t\t<input type=\"search\" placeholder=\"Suche...\" value=\"\" name=\"s\" autocomplete=\"off\"><br \/>\n\t\t\t<input type=\"hidden\" value=\"{\"search_source\":\"recetas\",\"results_order_by\":\"date\",\"results_order\":\"desc\"}\" name=\"jet_ajax_search_settings\"><br \/>\n\t\t\t\t\t\t\t<input type=\"hidden\" value=\"Rezepte\" name=\"post_type\"><br \/>\n\t<\/form>\n<p><button> Suchergebnisse<\/button><br \/>\n\t\t\t<button>Alle gefundenen anzeigen<\/button>\t\t\t<\/p>\n<h2>Weitere Rezepte aus unserem Blog<\/h2>\n","protected":false},"excerpt":{"rendered":"<p>REZEPTE UM DIE BESTEN HAMBURDEHESAS ZUBEREITEN Wenn Sie wissen m\u00f6chten, wie Sie die besten Hamburdehesas auf vielf\u00e4ltige Weise zubereiten und sich und Ihre Freunde mit ihrer K\u00f6stlichkeit \u00fcberraschen m\u00f6chten, befolgen Sie diese Rezepte. Um es Ihnen leicht zu machen, bereiten wir Schritt f\u00fcr Schritt Videorezepte vor, damit Sie nichts vergessen. Genie\u00dfe sie. Suchergebnisse Alle gefundenen [&hellip;]<\/p>\n","protected":false},"author":1,"featured_media":7974,"parent":0,"menu_order":0,"comment_status":"open","ping_status":"open","template":"","meta":{"_acf_changed":false,"footnotes":""},"class_list":["post-10362","page","type-page","status-publish","has-post-thumbnail","hentry"],"acf":[],"_links":{"self":[{"href":"https:\/\/hamburdehesa.com\/de\/wp-json\/wp\/v2\/pages\/10362","targetHints":{"allow":["GET"]}}],"collection":[{"href":"https:\/\/hamburdehesa.com\/de\/wp-json\/wp\/v2\/pages"}],"about":[{"href":"https:\/\/hamburdehesa.com\/de\/wp-json\/wp\/v2\/types\/page"}],"author":[{"embeddable":true,"href":"https:\/\/hamburdehesa.com\/de\/wp-json\/wp\/v2\/users\/1"}],"replies":[{"embeddable":true,"href":"https:\/\/hamburdehesa.com\/de\/wp-json\/wp\/v2\/comments?post=10362"}],"version-history":[{"count":0,"href":"https:\/\/hamburdehesa.com\/de\/wp-json\/wp\/v2\/pages\/10362\/revisions"}],"wp:featuredmedia":[{"embeddable":true,"href":"https:\/\/hamburdehesa.com\/de\/wp-json\/wp\/v2\/media\/7974"}],"wp:attachment":[{"href":"https:\/\/hamburdehesa.com\/de\/wp-json\/wp\/v2\/media?parent=10362"}],"curies":[{"name":"wp","href":"https:\/\/api.w.org\/{rel}","templated":true}]}}